{"id":1850,"date":"2025-07-02T07:16:03","date_gmt":"2025-07-02T07:16:03","guid":{"rendered":"https:\/\/shop.decoproject.com\/?page_id=1850"},"modified":"2026-02-19T13:45:58","modified_gmt":"2026-02-19T13:45:58","slug":"schedule-a-free-visualisation-call","status":"publish","type":"page","link":"https:\/\/shop.decoproject.com\/de\/schedule-a-free-visualisation-call\/","title":{"rendered":"Vereinbaren Sie ein kostenloses Visualisierungsgespr\u00e4ch"},"content":{"rendered":"<div class=\"wp-block-uagb-container uagb-block-883dd5af alignfull uagb-is-root-container\"><div class=\"uagb-container-inner-blocks-wrap\">\n<p>W\u00e4hrend eines Visualisierungsgespr\u00e4chs erarbeiten wir gemeinsam eine passende Gestaltung f\u00fcr Ihren Raum. Damit der Prozess m\u00f6glichst reibungslos verl\u00e4uft, ist eine gute Vorbereitung hilfreich. Bitte halten Sie die <strong>Ma\u00dfe des Bereichs<\/strong> bereit, in dem Sie ein DECOFRAME-System installieren m\u00f6chten, sowie <strong>eine Einsch\u00e4tzung, wie viele Fahrr\u00e4der, Zubeh\u00f6rteile und\/oder andere Produkte<\/strong> Sie unterbringen m\u00f6chten.<\/p>\n\n\n\n<p>F\u00fcllen Sie das untenstehende Kontaktformular aus und teilen Sie uns Ihren bevorzugten Termin mit. Wir melden uns zeitnah bei Ihnen, um den Termin zu vereinbaren.<\/p>\n\n\n\n<div class=\"wp-block-uagb-container uagb-block-039e67d1\">\n<div class=\"wp-block-uagb-forms uagb-forms__outer-wrap uagb-block-6161bb9e uagb-forms__medium-btn\"><form class=\"uagb-forms-main-form\" method=\"post\" autocomplete=\"on\" name=\"uagb-form-6161bb9e\" action=\"\">\n<div class=\"wp-block-uagb-forms-name uagb-forms-name-wrap uagb-forms-field-set uagb-block-027d6629\"><div class=\"uagb-forms-name-label required uagb-forms-input-label\" id=\"027d6629\">Vorname<\/div><input type=\"text\" placeholder=\"Vorname\" required class=\"uagb-forms-name-input uagb-forms-input\" name=\"027d6629\" autocomplete=\"given-name\"\/><\/div>\n\n\n\n<div class=\"wp-block-uagb-forms-name uagb-forms-name-wrap uagb-forms-field-set uagb-block-3ff647ba\"><div class=\"uagb-forms-name-label required uagb-forms-input-label\" id=\"3ff647ba\">Nachname<\/div><input type=\"text\" placeholder=\"Nachname\" required class=\"uagb-forms-name-input uagb-forms-input\" name=\"3ff647ba\" autocomplete=\"family-name\"\/><\/div>\n\n\n\n<div class=\"wp-block-uagb-forms-name uagb-forms-name-wrap uagb-forms-field-set uagb-block-33a4781a\"><div class=\"uagb-forms-name-label required uagb-forms-input-label\" id=\"33a4781a\">Firmenname<\/div><input type=\"text\" placeholder=\"Firmenname\" required class=\"uagb-forms-name-input uagb-forms-input\" name=\"33a4781a\" autocomplete=\"organization\"\/><\/div>\n\n\n\n<div class=\"wp-block-uagb-forms-email uagb-forms-email-wrap uagb-forms-field-set uagb-block-45e74568\"><div class=\"uagb-forms-email-label required uagb-forms-input-label\" id=\"45e74568\">E-Mail<\/div><input type=\"email\" class=\"uagb-forms-email-input uagb-forms-input\" placeholder=\"example@mail.com\" required name=\"45e74568\" autocomplete=\"email\"\/><\/div>\n\n\n\n<div class=\"wp-block-uagb-forms-textarea uagb-forms-textarea-wrap uagb-forms-field-set uagb-block-0874c818\"><div class=\"uagb-forms-textarea-label required uagb-forms-input-label\" id=\"0874c818\">Bevorzugte Zeit<\/div><textarea required class=\"uagb-forms-textarea-input uagb-forms-input\" rows=\"4\" placeholder=\"Bevorzugte Zeit\" name=\"0874c818\" autocomplete=\"off\"><\/textarea><\/div>\n<div class=\"uagb-forms-form-hidden-data\"><input type=\"hidden\" class=\"uagb_forms_form_label\" value=\"Visualisation call\"\/><input type=\"hidden\" class=\"uagb_forms_form_id\" value=\"uagb-form-6161bb9e\"\/><\/div><div class=\"uagb-form-reacaptcha-error-6161bb9e\"><\/div><div class=\"uagb-forms-main-submit-button-wrap wp-block-button\"><button class=\"uagb-forms-main-submit-button wp-block-button__link\"><div class=\"uagb-forms-main-submit-button-text\">Absenden<\/div><\/button><\/div><input type=\"hidden\" name=\"trp-form-language\" value=\"de\"\/><\/form><div class=\"uagb-forms-success-message-6161bb9e uagb-forms-submit-message-hide\"><span>The form has been submitted successfully!<\/span><\/div><div class=\"uagb-forms-failed-message-6161bb9e uagb-forms-submit-message-hide\"><span>There has been some error while submitting the form. Please verify all form fields again.<\/span><\/div><\/div>\n<\/div>\n\n\n\n<p>Wir freuen uns auf Ihre Nachricht.<\/p>\n<\/div><\/div>","protected":false},"excerpt":{"rendered":"<p>During a visualisation call, we\u2019ll work together to create a suitable layout for your space. To ensure the process runs [&hellip;]<\/p>\n","protected":false},"author":4,"featured_media":1009,"parent":0,"menu_order":0,"comment_status":"closed","ping_status":"closed","template":"","meta":{"_uag_custom_page_level_css":"","site-sidebar-layout":"default","site-content-layout":"","ast-site-content-layout":"default","site-content-style":"default","site-sidebar-style":"default","ast-global-header-display":"","ast-banner-title-visibility":"","ast-main-header-display":"","ast-hfb-above-header-display":"","ast-hfb-below-header-display":"","ast-hfb-mobile-header-display":"","site-post-title":"","ast-breadcrumbs-content":"","ast-featured-img":"","footer-sml-layout":"","ast-disable-related-posts":"","theme-transparent-header-meta":"","adv-header-id-meta":"","stick-header-meta":"","header-above-stick-meta":"","header-main-stick-meta":"","header-below-stick-meta":"","astra-migrate-meta-layouts":"default","ast-page-background-enabled":"default","ast-page-background-meta":{"desktop":{"background-color":"var(--ast-global-color-4)","background-image":"","background-repeat":"repeat","background-position":"center center","background-size":"auto","background-attachment":"scroll","background-type":"","background-media":"","overlay-type":"","overlay-color":"","overlay-opacity":"","overlay-gradient":""},"tablet":{"background-color":"","background-image":"","background-repeat":"repeat","background-position":"center center","background-size":"auto","background-attachment":"scroll","background-type":"","background-media":"","overlay-type":"","overlay-color":"","overlay-opacity":"","overlay-gradient":""},"mobile":{"background-color":"","background-image":"","background-repeat":"repeat","background-position":"center center","background-size":"auto","background-attachment":"scroll","background-type":"","background-media":"","overlay-type":"","overlay-color":"","overlay-opacity":"","overlay-gradient":""}},"ast-content-background-meta":{"desktop":{"background-color":"var(--ast-global-color-5)","background-image":"","background-repeat":"repeat","background-position":"center center","background-size":"auto","background-attachment":"scroll","background-type":"","background-media":"","overlay-type":"","overlay-color":"","overlay-opacity":"","overlay-gradient":""},"tablet":{"background-color":"var(--ast-global-color-5)","background-image":"","background-repeat":"repeat","background-position":"center center","background-size":"auto","background-attachment":"scroll","background-type":"","background-media":"","overlay-type":"","overlay-color":"","overlay-opacity":"","overlay-gradient":""},"mobile":{"background-color":"var(--ast-global-color-5)","background-image":"","background-repeat":"repeat","background-position":"center center","background-size":"auto","background-attachment":"scroll","background-type":"","background-media":"","overlay-type":"","overlay-color":"","overlay-opacity":"","overlay-gradient":""}},"footnotes":""},"class_list":["post-1850","page","type-page","status-publish","has-post-thumbnail","hentry"],"yoast_head":"<!-- This site is optimized with the Yoast SEO plugin v27.3 - https:\/\/yoast.com\/product\/yoast-seo-wordpress\/ -->\n<title>Schedule a free visualisation call | The modular shop system<\/title>\n<meta name=\"description\" content=\"During a visualisation call, we\u2019ll work together to create a suitable layout for your space.\" \/>\n<meta name=\"robots\" content=\"index, follow, max-snippet:-1, max-image-preview:large, max-video-preview:-1\" \/>\n<link rel=\"canonical\" href=\"https:\/\/shop.decoproject.com\/de\/schedule-a-free-visualisation-call\/\" \/>\n<meta property=\"og:locale\" content=\"de_DE\" \/>\n<meta property=\"og:type\" content=\"article\" \/>\n<meta property=\"og:title\" content=\"Schedule a free visualisation call | The modular shop system\" \/>\n<meta property=\"og:description\" content=\"During a visualisation call, we\u2019ll work together to create a suitable layout for your space.\" \/>\n<meta property=\"og:url\" content=\"https:\/\/shop.decoproject.com\/de\/schedule-a-free-visualisation-call\/\" \/>\n<meta property=\"og:site_name\" content=\"DECOFRAME\" \/>\n<meta property=\"article:modified_time\" content=\"2026-02-19T13:45:58+00:00\" \/>\n<meta property=\"og:image\" content=\"https:\/\/shop.decoproject.com\/wp-content\/uploads\/2025\/06\/1-e1749205277911.avif\" \/>\n\t<meta property=\"og:image:width\" content=\"2200\" \/>\n\t<meta property=\"og:image:height\" content=\"500\" \/>\n\t<meta property=\"og:image:type\" content=\"image\/jpeg\" \/>\n<meta name=\"twitter:card\" content=\"summary_large_image\" \/>\n<meta name=\"twitter:label1\" content=\"Gesch\u00e4tzte Lesezeit\" \/>\n\t<meta name=\"twitter:data1\" content=\"1\u00a0Minute\" \/>\n<script type=\"application\/ld+json\" class=\"yoast-schema-graph\">{\"@context\":\"https:\\\/\\\/schema.org\",\"@graph\":[{\"@type\":\"WebPage\",\"@id\":\"https:\\\/\\\/shop.decoproject.com\\\/schedule-a-free-visualisation-call\\\/\",\"url\":\"https:\\\/\\\/shop.decoproject.com\\\/schedule-a-free-visualisation-call\\\/\",\"name\":\"Schedule a free visualisation call | The modular shop system\",\"isPartOf\":{\"@id\":\"https:\\\/\\\/shop.decoproject.com\\\/#website\"},\"primaryImageOfPage\":{\"@id\":\"https:\\\/\\\/shop.decoproject.com\\\/schedule-a-free-visualisation-call\\\/#primaryimage\"},\"image\":{\"@id\":\"https:\\\/\\\/shop.decoproject.com\\\/schedule-a-free-visualisation-call\\\/#primaryimage\"},\"thumbnailUrl\":\"https:\\\/\\\/shop.decoproject.com\\\/wp-content\\\/uploads\\\/2025\\\/06\\\/1-e1749205277911.avif\",\"datePublished\":\"2025-07-02T07:16:03+00:00\",\"dateModified\":\"2026-02-19T13:45:58+00:00\",\"description\":\"During a visualisation call, we\u2019ll work together to create a suitable layout for your space.\",\"breadcrumb\":{\"@id\":\"https:\\\/\\\/shop.decoproject.com\\\/schedule-a-free-visualisation-call\\\/#breadcrumb\"},\"inLanguage\":\"de\",\"potentialAction\":[{\"@type\":\"ReadAction\",\"target\":[\"https:\\\/\\\/shop.decoproject.com\\\/schedule-a-free-visualisation-call\\\/\"]}]},{\"@type\":\"ImageObject\",\"inLanguage\":\"de\",\"@id\":\"https:\\\/\\\/shop.decoproject.com\\\/schedule-a-free-visualisation-call\\\/#primaryimage\",\"url\":\"https:\\\/\\\/shop.decoproject.com\\\/wp-content\\\/uploads\\\/2025\\\/06\\\/1-e1749205277911.avif\",\"contentUrl\":\"https:\\\/\\\/shop.decoproject.com\\\/wp-content\\\/uploads\\\/2025\\\/06\\\/1-e1749205277911.avif\",\"width\":2200,\"height\":500},{\"@type\":\"BreadcrumbList\",\"@id\":\"https:\\\/\\\/shop.decoproject.com\\\/schedule-a-free-visualisation-call\\\/#breadcrumb\",\"itemListElement\":[{\"@type\":\"ListItem\",\"position\":1,\"name\":\"Home\",\"item\":\"https:\\\/\\\/shop.decoproject.com\\\/\"},{\"@type\":\"ListItem\",\"position\":2,\"name\":\"Schedule a free visualisation call\"}]},{\"@type\":\"WebSite\",\"@id\":\"https:\\\/\\\/shop.decoproject.com\\\/#website\",\"url\":\"https:\\\/\\\/shop.decoproject.com\\\/\",\"name\":\"Decoframe\",\"description\":\"The modular shop system\",\"publisher\":{\"@id\":\"https:\\\/\\\/shop.decoproject.com\\\/#organization\"},\"alternateName\":\"DF\",\"potentialAction\":[{\"@type\":\"SearchAction\",\"target\":{\"@type\":\"EntryPoint\",\"urlTemplate\":\"https:\\\/\\\/shop.decoproject.com\\\/?s={search_term_string}\"},\"query-input\":{\"@type\":\"PropertyValueSpecification\",\"valueRequired\":true,\"valueName\":\"search_term_string\"}}],\"inLanguage\":\"de\"},{\"@type\":\"Organization\",\"@id\":\"https:\\\/\\\/shop.decoproject.com\\\/#organization\",\"name\":\"Decoframe\",\"alternateName\":\"DF\",\"url\":\"https:\\\/\\\/shop.decoproject.com\\\/\",\"logo\":{\"@type\":\"ImageObject\",\"inLanguage\":\"de\",\"@id\":\"https:\\\/\\\/shop.decoproject.com\\\/#\\\/schema\\\/logo\\\/image\\\/\",\"url\":\"https:\\\/\\\/shop.decoproject.com\\\/wp-content\\\/uploads\\\/2025\\\/05\\\/Favicon_Tekengebied-1-scaled.avif\",\"contentUrl\":\"https:\\\/\\\/shop.decoproject.com\\\/wp-content\\\/uploads\\\/2025\\\/05\\\/Favicon_Tekengebied-1-scaled.avif\",\"width\":2560,\"height\":2560,\"caption\":\"Decoframe\"},\"image\":{\"@id\":\"https:\\\/\\\/shop.decoproject.com\\\/#\\\/schema\\\/logo\\\/image\\\/\"}}]}<\/script>\n<!-- \/ Yoast SEO plugin. -->","yoast_head_json":{"title":"Schedule a free visualisation call | The modular shop system","description":"During a visualisation call, we\u2019ll work together to create a suitable layout for your space.","robots":{"index":"index","follow":"follow","max-snippet":"max-snippet:-1","max-image-preview":"max-image-preview:large","max-video-preview":"max-video-preview:-1"},"canonical":"https:\/\/shop.decoproject.com\/de\/schedule-a-free-visualisation-call\/","og_locale":"de_DE","og_type":"article","og_title":"Schedule a free visualisation call | The modular shop system","og_description":"During a visualisation call, we\u2019ll work together to create a suitable layout for your space.","og_url":"https:\/\/shop.decoproject.com\/de\/schedule-a-free-visualisation-call\/","og_site_name":"DECOFRAME","article_modified_time":"2026-02-19T13:45:58+00:00","og_image":[{"width":2200,"height":500,"url":"https:\/\/shop.decoproject.com\/wp-content\/uploads\/2025\/06\/1-e1749205277911.avif","type":"image\/jpeg"}],"twitter_card":"summary_large_image","twitter_misc":{"Gesch\u00e4tzte Lesezeit":"1\u00a0Minute"},"schema":{"@context":"https:\/\/schema.org","@graph":[{"@type":"WebPage","@id":"https:\/\/shop.decoproject.com\/schedule-a-free-visualisation-call\/","url":"https:\/\/shop.decoproject.com\/schedule-a-free-visualisation-call\/","name":"Schedule a free visualisation call | The modular shop system","isPartOf":{"@id":"https:\/\/shop.decoproject.com\/#website"},"primaryImageOfPage":{"@id":"https:\/\/shop.decoproject.com\/schedule-a-free-visualisation-call\/#primaryimage"},"image":{"@id":"https:\/\/shop.decoproject.com\/schedule-a-free-visualisation-call\/#primaryimage"},"thumbnailUrl":"https:\/\/shop.decoproject.com\/wp-content\/uploads\/2025\/06\/1-e1749205277911.avif","datePublished":"2025-07-02T07:16:03+00:00","dateModified":"2026-02-19T13:45:58+00:00","description":"During a visualisation call, we\u2019ll work together to create a suitable layout for your space.","breadcrumb":{"@id":"https:\/\/shop.decoproject.com\/schedule-a-free-visualisation-call\/#breadcrumb"},"inLanguage":"de","potentialAction":[{"@type":"ReadAction","target":["https:\/\/shop.decoproject.com\/schedule-a-free-visualisation-call\/"]}]},{"@type":"ImageObject","inLanguage":"de","@id":"https:\/\/shop.decoproject.com\/schedule-a-free-visualisation-call\/#primaryimage","url":"https:\/\/shop.decoproject.com\/wp-content\/uploads\/2025\/06\/1-e1749205277911.avif","contentUrl":"https:\/\/shop.decoproject.com\/wp-content\/uploads\/2025\/06\/1-e1749205277911.avif","width":2200,"height":500},{"@type":"BreadcrumbList","@id":"https:\/\/shop.decoproject.com\/schedule-a-free-visualisation-call\/#breadcrumb","itemListElement":[{"@type":"ListItem","position":1,"name":"Home","item":"https:\/\/shop.decoproject.com\/"},{"@type":"ListItem","position":2,"name":"Schedule a free visualisation call"}]},{"@type":"WebSite","@id":"https:\/\/shop.decoproject.com\/#website","url":"https:\/\/shop.decoproject.com\/","name":"Decoframe","description":"Das modulare Ladensystem","publisher":{"@id":"https:\/\/shop.decoproject.com\/#organization"},"alternateName":"DF","potentialAction":[{"@type":"SearchAction","target":{"@type":"EntryPoint","urlTemplate":"https:\/\/shop.decoproject.com\/?s={search_term_string}"},"query-input":{"@type":"PropertyValueSpecification","valueRequired":true,"valueName":"search_term_string"}}],"inLanguage":"de"},{"@type":"Organization","@id":"https:\/\/shop.decoproject.com\/#organization","name":"Decoframe","alternateName":"DF","url":"https:\/\/shop.decoproject.com\/","logo":{"@type":"ImageObject","inLanguage":"de","@id":"https:\/\/shop.decoproject.com\/#\/schema\/logo\/image\/","url":"https:\/\/shop.decoproject.com\/wp-content\/uploads\/2025\/05\/Favicon_Tekengebied-1-scaled.avif","contentUrl":"https:\/\/shop.decoproject.com\/wp-content\/uploads\/2025\/05\/Favicon_Tekengebied-1-scaled.avif","width":2560,"height":2560,"caption":"Decoframe"},"image":{"@id":"https:\/\/shop.decoproject.com\/#\/schema\/logo\/image\/"}}]}},"uagb_featured_image_src":{"full":["https:\/\/shop.decoproject.com\/wp-content\/uploads\/2025\/06\/1-e1749205277911.avif",2200,500,false],"thumbnail":["https:\/\/shop.decoproject.com\/wp-content\/uploads\/2025\/06\/1-e1749205277911-150x150.webp",150,150,true],"medium":["https:\/\/shop.decoproject.com\/wp-content\/uploads\/2025\/06\/1-e1749205277911-300x68.webp",300,68,true],"medium_large":["https:\/\/shop.decoproject.com\/wp-content\/uploads\/2025\/06\/1-e1749205277911-768x175.webp",768,175,true],"large":["https:\/\/shop.decoproject.com\/wp-content\/uploads\/2025\/06\/1-e1749205277911-1024x233.webp",1024,233,true],"1536x1536":["https:\/\/shop.decoproject.com\/wp-content\/uploads\/2025\/06\/1-e1749205277911-1536x349.webp",1536,349,true],"2048x2048":["https:\/\/shop.decoproject.com\/wp-content\/uploads\/2025\/06\/1-e1749205277911-2048x465.webp",2048,465,true],"trp-custom-language-flag":["https:\/\/shop.decoproject.com\/wp-content\/uploads\/2025\/06\/1-e1749205277911.avif",18,4,false],"woocommerce_thumbnail":["https:\/\/shop.decoproject.com\/wp-content\/uploads\/2025\/06\/1-e1749205277911-750x500.avif",750,500,true],"woocommerce_single":["https:\/\/shop.decoproject.com\/wp-content\/uploads\/2025\/06\/1-e1749205277911-750x170.avif",750,170,true],"woocommerce_gallery_thumbnail":["https:\/\/shop.decoproject.com\/wp-content\/uploads\/2025\/06\/1-e1749205277911-100x100.avif",100,100,true]},"uagb_author_info":{"display_name":"Liza Jolink","author_link":"https:\/\/shop.decoproject.com\/de\/author\/liza-jolink\/"},"uagb_comment_info":0,"uagb_excerpt":"During a visualisation call, we\u2019ll work together to create a suitable layout for your space. To ensure the process runs [&hellip;]","_links":{"self":[{"href":"https:\/\/shop.decoproject.com\/de\/wp-json\/wp\/v2\/pages\/1850","targetHints":{"allow":["GET"]}}],"collection":[{"href":"https:\/\/shop.decoproject.com\/de\/wp-json\/wp\/v2\/pages"}],"about":[{"href":"https:\/\/shop.decoproject.com\/de\/wp-json\/wp\/v2\/types\/page"}],"author":[{"embeddable":true,"href":"https:\/\/shop.decoproject.com\/de\/wp-json\/wp\/v2\/users\/4"}],"replies":[{"embeddable":true,"href":"https:\/\/shop.decoproject.com\/de\/wp-json\/wp\/v2\/comments?post=1850"}],"version-history":[{"count":9,"href":"https:\/\/shop.decoproject.com\/de\/wp-json\/wp\/v2\/pages\/1850\/revisions"}],"predecessor-version":[{"id":4700,"href":"https:\/\/shop.decoproject.com\/de\/wp-json\/wp\/v2\/pages\/1850\/revisions\/4700"}],"wp:featuredmedia":[{"embeddable":true,"href":"https:\/\/shop.decoproject.com\/de\/wp-json\/wp\/v2\/media\/1009"}],"wp:attachment":[{"href":"https:\/\/shop.decoproject.com\/de\/wp-json\/wp\/v2\/media?parent=1850"}],"curies":[{"name":"wp","href":"https:\/\/api.w.org\/{rel}","templated":true}]}}