{"id":518,"date":"2025-05-06T12:48:44","date_gmt":"2025-05-06T12:48:44","guid":{"rendered":"https:\/\/shop.decoproject.com\/?page_id=518"},"modified":"2026-02-09T15:47:01","modified_gmt":"2026-02-09T15:47:01","slug":"zirkular","status":"publish","type":"page","link":"https:\/\/shop.decoproject.com\/de\/circular\/","title":{"rendered":"Zirkul\u00e4re"},"content":{"rendered":"<div class=\"wp-block-uagb-container uagb-block-0d6552f9 alignfull uagb-is-root-container\"><div class=\"uagb-container-inner-blocks-wrap\">\n<div class=\"wp-block-uagb-container uagb-block-0e3f264b\">\n<h2 class=\"wp-block-heading has-ast-global-color-2-color has-text-color has-link-color wp-elements-95095f83ffd155c322894e5f5af1d12f\" style=\"line-height:1\">Zirkul\u00e4re <br>L\u00f6sungen<\/h2>\n<\/div>\n\n\n\n<div class=\"wp-block-uagb-container uagb-block-bb6749f4\">\n<p>Sind Sie bereit, sich mit Nachhaltigkeit zu befassen? Unser robuster Rahmen besteht aus recyceltem Stahl und bietet Langlebigkeit sowie vollst\u00e4ndige Recyclingf\u00e4higkeit. Die einzelnen Komponenten sind in 100 % nachhaltigen Varianten erh\u00e4ltlich. Die Entscheidung f\u00fcr unsere zirkul\u00e4ren L\u00f6sungen liegt ganz bei Ihnen. Wenn Sie bereit sind, einen positiven Beitrag zur Umwelt zu leisten, unterst\u00fctzen wir Sie gerne bei Ihrer Entscheidung. Welche Wahl treffen Sie f\u00fcr eine nachhaltigere Zukunft?<\/p>\n<\/div>\n<\/div><\/div>\n\n\n\n<div class=\"wp-block-uagb-container uagb-block-720f968b alignfull uagb-is-root-container\"><div class=\"uagb-container-inner-blocks-wrap\">\n<div class=\"wp-block-cover\" style=\"min-height:500px;aspect-ratio:unset;\"><img loading=\"lazy\" decoding=\"async\" width=\"1024\" height=\"745\" class=\"wp-block-cover__image-background wp-image-662 size-large\" alt=\"Circular solutions Decoframe\" src=\"https:\/\/shop.decoproject.com\/wp-content\/uploads\/2025\/05\/Circular-solutions-Decoframe-1024x745.webp\" data-object-fit=\"cover\" srcset=\"https:\/\/shop.decoproject.com\/wp-content\/uploads\/2025\/05\/Circular-solutions-Decoframe-1024x745.webp 1024w, https:\/\/shop.decoproject.com\/wp-content\/uploads\/2025\/05\/Circular-solutions-Decoframe-750x545.avif 750w, https:\/\/shop.decoproject.com\/wp-content\/uploads\/2025\/05\/Circular-solutions-Decoframe-300x218.webp 300w, https:\/\/shop.decoproject.com\/wp-content\/uploads\/2025\/05\/Circular-solutions-Decoframe-768x559.webp 768w, https:\/\/shop.decoproject.com\/wp-content\/uploads\/2025\/05\/Circular-solutions-Decoframe-1536x1117.webp 1536w, https:\/\/shop.decoproject.com\/wp-content\/uploads\/2025\/05\/Circular-solutions-Decoframe-2048x1489.webp 2048w\" sizes=\"auto, (max-width: 1024px) 100vw, 1024px\" \/><span aria-hidden=\"true\" class=\"wp-block-cover__background has-background-dim-0 has-background-dim\" style=\"background-color:#7f795f\"><\/span><div class=\"wp-block-cover__inner-container is-layout-constrained wp-block-cover-is-layout-constrained\">\n<p class=\"has-text-align-center has-large-font-size\"><\/p>\n<\/div><\/div>\n<\/div><\/div>","protected":false},"excerpt":{"rendered":"<p>Circular Solutions Ready to explore sustainability? Our robust frame is made from recycled steel, offering durability and full recyclability. The [&hellip;]<\/p>\n","protected":false},"author":1,"featured_media":657,"parent":0,"menu_order":0,"comment_status":"closed","ping_status":"closed","template":"","meta":{"_uag_custom_page_level_css":"","site-sidebar-layout":"default","site-content-layout":"","ast-site-content-layout":"default","site-content-style":"default","site-sidebar-style":"default","ast-global-header-display":"","ast-banner-title-visibility":"","ast-main-header-display":"","ast-hfb-above-header-display":"","ast-hfb-below-header-display":"","ast-hfb-mobile-header-display":"","site-post-title":"","ast-breadcrumbs-content":"","ast-featured-img":"","footer-sml-layout":"","ast-disable-related-posts":"","theme-transparent-header-meta":"","adv-header-id-meta":"","stick-header-meta":"","header-above-stick-meta":"","header-main-stick-meta":"","header-below-stick-meta":"","astra-migrate-meta-layouts":"default","ast-page-background-enabled":"default","ast-page-background-meta":{"desktop":{"background-color":"var(--ast-global-color-4)","background-image":"","background-repeat":"repeat","background-position":"center center","background-size":"auto","background-attachment":"scroll","background-type":"","background-media":"","overlay-type":"","overlay-color":"","overlay-opacity":"","overlay-gradient":""},"tablet":{"background-color":"","background-image":"","background-repeat":"repeat","background-position":"center center","background-size":"auto","background-attachment":"scroll","background-type":"","background-media":"","overlay-type":"","overlay-color":"","overlay-opacity":"","overlay-gradient":""},"mobile":{"background-color":"","background-image":"","background-repeat":"repeat","background-position":"center center","background-size":"auto","background-attachment":"scroll","background-type":"","background-media":"","overlay-type":"","overlay-color":"","overlay-opacity":"","overlay-gradient":""}},"ast-content-background-meta":{"desktop":{"background-color":"var(--ast-global-color-5)","background-image":"","background-repeat":"repeat","background-position":"center center","background-size":"auto","background-attachment":"scroll","background-type":"","background-media":"","overlay-type":"","overlay-color":"","overlay-opacity":"","overlay-gradient":""},"tablet":{"background-color":"var(--ast-global-color-5)","background-image":"","background-repeat":"repeat","background-position":"center center","background-size":"auto","background-attachment":"scroll","background-type":"","background-media":"","overlay-type":"","overlay-color":"","overlay-opacity":"","overlay-gradient":""},"mobile":{"background-color":"var(--ast-global-color-5)","background-image":"","background-repeat":"repeat","background-position":"center center","background-size":"auto","background-attachment":"scroll","background-type":"","background-media":"","overlay-type":"","overlay-color":"","overlay-opacity":"","overlay-gradient":""}},"footnotes":""},"class_list":["post-518","page","type-page","status-publish","has-post-thumbnail","hentry"],"yoast_head":"<!-- This site is optimized with the Yoast SEO plugin v27.3 - https:\/\/yoast.com\/product\/yoast-seo-wordpress\/ -->\n<title>Circular Solutions | Modulair shop system<\/title>\n<meta name=\"description\" content=\"Choosing our circular solutions is entirely up to you. When you\u2019re ready to make a positive environmental impact, we\u2019re here to support your decision.\" \/>\n<meta name=\"robots\" content=\"index, follow, max-snippet:-1, max-image-preview:large, max-video-preview:-1\" \/>\n<link rel=\"canonical\" href=\"https:\/\/shop.decoproject.com\/de\/zirkular\/\" \/>\n<meta property=\"og:locale\" content=\"de_DE\" \/>\n<meta property=\"og:type\" content=\"article\" \/>\n<meta property=\"og:title\" content=\"Circular Solutions | Modulair shop system\" \/>\n<meta property=\"og:description\" content=\"Choosing our circular solutions is entirely up to you. When you\u2019re ready to make a positive environmental impact, we\u2019re here to support your decision.\" \/>\n<meta property=\"og:url\" content=\"https:\/\/shop.decoproject.com\/de\/zirkular\/\" \/>\n<meta property=\"og:site_name\" content=\"DECOFRAME\" \/>\n<meta property=\"article:modified_time\" content=\"2026-02-09T15:47:01+00:00\" \/>\n<meta property=\"og:image\" content=\"https:\/\/shop.decoproject.com\/wp-content\/uploads\/2025\/05\/Circular-design-Decoframe.avif\" \/>\n\t<meta property=\"og:image:width\" content=\"2200\" \/>\n\t<meta property=\"og:image:height\" content=\"1600\" \/>\n\t<meta property=\"og:image:type\" content=\"image\/png\" \/>\n<meta name=\"twitter:card\" content=\"summary_large_image\" \/>\n<meta name=\"twitter:label1\" content=\"Gesch\u00e4tzte Lesezeit\" \/>\n\t<meta name=\"twitter:data1\" content=\"1\u00a0Minute\" \/>\n<script type=\"application\/ld+json\" class=\"yoast-schema-graph\">{\"@context\":\"https:\\\/\\\/schema.org\",\"@graph\":[{\"@type\":\"WebPage\",\"@id\":\"https:\\\/\\\/shop.decoproject.com\\\/circular\\\/\",\"url\":\"https:\\\/\\\/shop.decoproject.com\\\/circular\\\/\",\"name\":\"Circular Solutions | Modulair shop system\",\"isPartOf\":{\"@id\":\"https:\\\/\\\/shop.decoproject.com\\\/#website\"},\"primaryImageOfPage\":{\"@id\":\"https:\\\/\\\/shop.decoproject.com\\\/circular\\\/#primaryimage\"},\"image\":{\"@id\":\"https:\\\/\\\/shop.decoproject.com\\\/circular\\\/#primaryimage\"},\"thumbnailUrl\":\"https:\\\/\\\/shop.decoproject.com\\\/wp-content\\\/uploads\\\/2025\\\/05\\\/Circular-design-Decoframe.avif\",\"datePublished\":\"2025-05-06T12:48:44+00:00\",\"dateModified\":\"2026-02-09T15:47:01+00:00\",\"description\":\"Choosing our circular solutions is entirely up to you. When you\u2019re ready to make a positive environmental impact, we\u2019re here to support your decision.\",\"breadcrumb\":{\"@id\":\"https:\\\/\\\/shop.decoproject.com\\\/circular\\\/#breadcrumb\"},\"inLanguage\":\"de\",\"potentialAction\":[{\"@type\":\"ReadAction\",\"target\":[\"https:\\\/\\\/shop.decoproject.com\\\/circular\\\/\"]}]},{\"@type\":\"ImageObject\",\"inLanguage\":\"de\",\"@id\":\"https:\\\/\\\/shop.decoproject.com\\\/circular\\\/#primaryimage\",\"url\":\"https:\\\/\\\/shop.decoproject.com\\\/wp-content\\\/uploads\\\/2025\\\/05\\\/Circular-design-Decoframe.avif\",\"contentUrl\":\"https:\\\/\\\/shop.decoproject.com\\\/wp-content\\\/uploads\\\/2025\\\/05\\\/Circular-design-Decoframe.avif\",\"width\":2200,\"height\":1600},{\"@type\":\"BreadcrumbList\",\"@id\":\"https:\\\/\\\/shop.decoproject.com\\\/circular\\\/#breadcrumb\",\"itemListElement\":[{\"@type\":\"ListItem\",\"position\":1,\"name\":\"Home\",\"item\":\"https:\\\/\\\/shop.decoproject.com\\\/\"},{\"@type\":\"ListItem\",\"position\":2,\"name\":\"Circular\"}]},{\"@type\":\"WebSite\",\"@id\":\"https:\\\/\\\/shop.decoproject.com\\\/#website\",\"url\":\"https:\\\/\\\/shop.decoproject.com\\\/\",\"name\":\"Decoframe\",\"description\":\"The modular shop system\",\"publisher\":{\"@id\":\"https:\\\/\\\/shop.decoproject.com\\\/#organization\"},\"alternateName\":\"DF\",\"potentialAction\":[{\"@type\":\"SearchAction\",\"target\":{\"@type\":\"EntryPoint\",\"urlTemplate\":\"https:\\\/\\\/shop.decoproject.com\\\/?s={search_term_string}\"},\"query-input\":{\"@type\":\"PropertyValueSpecification\",\"valueRequired\":true,\"valueName\":\"search_term_string\"}}],\"inLanguage\":\"de\"},{\"@type\":\"Organization\",\"@id\":\"https:\\\/\\\/shop.decoproject.com\\\/#organization\",\"name\":\"Decoframe\",\"alternateName\":\"DF\",\"url\":\"https:\\\/\\\/shop.decoproject.com\\\/\",\"logo\":{\"@type\":\"ImageObject\",\"inLanguage\":\"de\",\"@id\":\"https:\\\/\\\/shop.decoproject.com\\\/#\\\/schema\\\/logo\\\/image\\\/\",\"url\":\"https:\\\/\\\/shop.decoproject.com\\\/wp-content\\\/uploads\\\/2025\\\/05\\\/Favicon_Tekengebied-1-scaled.avif\",\"contentUrl\":\"https:\\\/\\\/shop.decoproject.com\\\/wp-content\\\/uploads\\\/2025\\\/05\\\/Favicon_Tekengebied-1-scaled.avif\",\"width\":2560,\"height\":2560,\"caption\":\"Decoframe\"},\"image\":{\"@id\":\"https:\\\/\\\/shop.decoproject.com\\\/#\\\/schema\\\/logo\\\/image\\\/\"}}]}<\/script>\n<!-- \/ Yoast SEO plugin. -->","yoast_head_json":{"title":"Circular Solutions | Modulair shop system","description":"Choosing our circular solutions is entirely up to you. When you\u2019re ready to make a positive environmental impact, we\u2019re here to support your decision.","robots":{"index":"index","follow":"follow","max-snippet":"max-snippet:-1","max-image-preview":"max-image-preview:large","max-video-preview":"max-video-preview:-1"},"canonical":"https:\/\/shop.decoproject.com\/de\/zirkular\/","og_locale":"de_DE","og_type":"article","og_title":"Circular Solutions | Modulair shop system","og_description":"Choosing our circular solutions is entirely up to you. When you\u2019re ready to make a positive environmental impact, we\u2019re here to support your decision.","og_url":"https:\/\/shop.decoproject.com\/de\/zirkular\/","og_site_name":"DECOFRAME","article_modified_time":"2026-02-09T15:47:01+00:00","og_image":[{"width":2200,"height":1600,"url":"https:\/\/shop.decoproject.com\/wp-content\/uploads\/2025\/05\/Circular-design-Decoframe.avif","type":"image\/png"}],"twitter_card":"summary_large_image","twitter_misc":{"Gesch\u00e4tzte Lesezeit":"1\u00a0Minute"},"schema":{"@context":"https:\/\/schema.org","@graph":[{"@type":"WebPage","@id":"https:\/\/shop.decoproject.com\/circular\/","url":"https:\/\/shop.decoproject.com\/circular\/","name":"Circular Solutions | Modulair shop system","isPartOf":{"@id":"https:\/\/shop.decoproject.com\/#website"},"primaryImageOfPage":{"@id":"https:\/\/shop.decoproject.com\/circular\/#primaryimage"},"image":{"@id":"https:\/\/shop.decoproject.com\/circular\/#primaryimage"},"thumbnailUrl":"https:\/\/shop.decoproject.com\/wp-content\/uploads\/2025\/05\/Circular-design-Decoframe.avif","datePublished":"2025-05-06T12:48:44+00:00","dateModified":"2026-02-09T15:47:01+00:00","description":"Choosing our circular solutions is entirely up to you. When you\u2019re ready to make a positive environmental impact, we\u2019re here to support your decision.","breadcrumb":{"@id":"https:\/\/shop.decoproject.com\/circular\/#breadcrumb"},"inLanguage":"de","potentialAction":[{"@type":"ReadAction","target":["https:\/\/shop.decoproject.com\/circular\/"]}]},{"@type":"ImageObject","inLanguage":"de","@id":"https:\/\/shop.decoproject.com\/circular\/#primaryimage","url":"https:\/\/shop.decoproject.com\/wp-content\/uploads\/2025\/05\/Circular-design-Decoframe.avif","contentUrl":"https:\/\/shop.decoproject.com\/wp-content\/uploads\/2025\/05\/Circular-design-Decoframe.avif","width":2200,"height":1600},{"@type":"BreadcrumbList","@id":"https:\/\/shop.decoproject.com\/circular\/#breadcrumb","itemListElement":[{"@type":"ListItem","position":1,"name":"Home","item":"https:\/\/shop.decoproject.com\/"},{"@type":"ListItem","position":2,"name":"Circular"}]},{"@type":"WebSite","@id":"https:\/\/shop.decoproject.com\/#website","url":"https:\/\/shop.decoproject.com\/","name":"Decoframe","description":"Das modulare Ladensystem","publisher":{"@id":"https:\/\/shop.decoproject.com\/#organization"},"alternateName":"DF","potentialAction":[{"@type":"SearchAction","target":{"@type":"EntryPoint","urlTemplate":"https:\/\/shop.decoproject.com\/?s={search_term_string}"},"query-input":{"@type":"PropertyValueSpecification","valueRequired":true,"valueName":"search_term_string"}}],"inLanguage":"de"},{"@type":"Organization","@id":"https:\/\/shop.decoproject.com\/#organization","name":"Decoframe","alternateName":"DF","url":"https:\/\/shop.decoproject.com\/","logo":{"@type":"ImageObject","inLanguage":"de","@id":"https:\/\/shop.decoproject.com\/#\/schema\/logo\/image\/","url":"https:\/\/shop.decoproject.com\/wp-content\/uploads\/2025\/05\/Favicon_Tekengebied-1-scaled.avif","contentUrl":"https:\/\/shop.decoproject.com\/wp-content\/uploads\/2025\/05\/Favicon_Tekengebied-1-scaled.avif","width":2560,"height":2560,"caption":"Decoframe"},"image":{"@id":"https:\/\/shop.decoproject.com\/#\/schema\/logo\/image\/"}}]}},"uagb_featured_image_src":{"full":["https:\/\/shop.decoproject.com\/wp-content\/uploads\/2025\/05\/Circular-design-Decoframe.avif",2200,1600,false],"thumbnail":["https:\/\/shop.decoproject.com\/wp-content\/uploads\/2025\/05\/Circular-design-Decoframe-150x150.webp",150,150,true],"medium":["https:\/\/shop.decoproject.com\/wp-content\/uploads\/2025\/05\/Circular-design-Decoframe-300x218.webp",300,218,true],"medium_large":["https:\/\/shop.decoproject.com\/wp-content\/uploads\/2025\/05\/Circular-design-Decoframe-768x559.webp",768,559,true],"large":["https:\/\/shop.decoproject.com\/wp-content\/uploads\/2025\/05\/Circular-design-Decoframe-1024x745.webp",1024,745,true],"1536x1536":["https:\/\/shop.decoproject.com\/wp-content\/uploads\/2025\/05\/Circular-design-Decoframe-1536x1117.webp",1536,1117,true],"2048x2048":["https:\/\/shop.decoproject.com\/wp-content\/uploads\/2025\/05\/Circular-design-Decoframe-2048x1489.webp",2048,1489,true],"trp-custom-language-flag":["https:\/\/shop.decoproject.com\/wp-content\/uploads\/2025\/05\/Circular-design-Decoframe.avif",18,12,false],"woocommerce_thumbnail":["https:\/\/shop.decoproject.com\/wp-content\/uploads\/2025\/05\/Circular-design-Decoframe-750x750.avif",750,750,true],"woocommerce_single":["https:\/\/shop.decoproject.com\/wp-content\/uploads\/2025\/05\/Circular-design-Decoframe-750x545.avif",750,545,true],"woocommerce_gallery_thumbnail":["https:\/\/shop.decoproject.com\/wp-content\/uploads\/2025\/05\/Circular-design-Decoframe-100x100.avif",100,100,true]},"uagb_author_info":{"display_name":"beheerder","author_link":"https:\/\/shop.decoproject.com\/de\/author\/beheerder\/"},"uagb_comment_info":0,"uagb_excerpt":"Circular Solutions Ready to explore sustainability? Our robust frame is made from recycled steel, offering durability and full recyclability. The [&hellip;]","_links":{"self":[{"href":"https:\/\/shop.decoproject.com\/de\/wp-json\/wp\/v2\/pages\/518","targetHints":{"allow":["GET"]}}],"collection":[{"href":"https:\/\/shop.decoproject.com\/de\/wp-json\/wp\/v2\/pages"}],"about":[{"href":"https:\/\/shop.decoproject.com\/de\/wp-json\/wp\/v2\/types\/page"}],"author":[{"embeddable":true,"href":"https:\/\/shop.decoproject.com\/de\/wp-json\/wp\/v2\/users\/1"}],"replies":[{"embeddable":true,"href":"https:\/\/shop.decoproject.com\/de\/wp-json\/wp\/v2\/comments?post=518"}],"version-history":[{"count":9,"href":"https:\/\/shop.decoproject.com\/de\/wp-json\/wp\/v2\/pages\/518\/revisions"}],"predecessor-version":[{"id":4252,"href":"https:\/\/shop.decoproject.com\/de\/wp-json\/wp\/v2\/pages\/518\/revisions\/4252"}],"wp:featuredmedia":[{"embeddable":true,"href":"https:\/\/shop.decoproject.com\/de\/wp-json\/wp\/v2\/media\/657"}],"wp:attachment":[{"href":"https:\/\/shop.decoproject.com\/de\/wp-json\/wp\/v2\/media?parent=518"}],"curies":[{"name":"wp","href":"https:\/\/api.w.org\/{rel}","templated":true}]}}