{"id":519,"date":"2025-05-06T12:48:44","date_gmt":"2025-05-06T12:48:44","guid":{"rendered":"https:\/\/shop.decoproject.com\/?page_id=519"},"modified":"2026-03-24T14:08:49","modified_gmt":"2026-03-24T14:08:49","slug":"uber","status":"publish","type":"page","link":"https:\/\/shop.decoproject.com\/de\/about\/","title":{"rendered":"About Decoframe"},"content":{"rendered":"<div class=\"wp-block-uagb-container uagb-block-0d6552f9 alignfull uagb-is-root-container\"><div class=\"uagb-container-inner-blocks-wrap\">\n<div class=\"wp-block-uagb-container uagb-block-0e3f264b\">\n<h2 class=\"wp-block-heading has-ast-global-color-2-color has-text-color has-link-color wp-elements-5ed868743b876f1e408cb80b3096f355\" style=\"line-height:1\">Das modulare Ladensystem<\/h2>\n<\/div>\n\n\n\n<div class=\"wp-block-uagb-container uagb-block-bb6749f4\">\n<p>Die Fahrradbranche ver\u00e4ndert sich rasant. Verbraucher erwarten mehr Erlebnis, Flexibilit\u00e4t und ein professionelles Erscheinungsbild. DECOFRAME bietet Einzelh\u00e4ndlern in der Fahrradbranche eine kosteng\u00fcnstige und zukunftsorientierte L\u00f6sung zur Pr\u00e4sentation ihrer Produkte.<\/p>\n<\/div>\n<\/div><\/div>\n\n\n\n<div class=\"wp-block-uagb-container uag-hide-desktop uagb-block-720f968b alignfull uagb-is-root-container\"><div class=\"uagb-container-inner-blocks-wrap\">\n<div class=\"wp-block-cover uag-hide-desktop uag-hide-tab\" style=\"min-height:200px;aspect-ratio:unset;\"><img loading=\"lazy\" decoding=\"async\" width=\"1500\" height=\"700\" class=\"wp-block-cover__image-background wp-image-4932 size-full\" alt=\"\" src=\"https:\/\/shop.decoproject.com\/wp-content\/uploads\/2026\/03\/4.avif\" data-object-fit=\"cover\" srcset=\"https:\/\/shop.decoproject.com\/wp-content\/uploads\/2026\/03\/4.avif 1500w, https:\/\/shop.decoproject.com\/wp-content\/uploads\/2026\/03\/4-300x140.avif 300w, https:\/\/shop.decoproject.com\/wp-content\/uploads\/2026\/03\/4-1024x478.avif 1024w, https:\/\/shop.decoproject.com\/wp-content\/uploads\/2026\/03\/4-768x358.avif 768w, https:\/\/shop.decoproject.com\/wp-content\/uploads\/2026\/03\/4-18x8.avif 18w, https:\/\/shop.decoproject.com\/wp-content\/uploads\/2026\/03\/4-750x350.avif 750w\" sizes=\"auto, (max-width: 1500px) 100vw, 1500px\" \/><span aria-hidden=\"true\" class=\"wp-block-cover__background has-background-dim-0 has-background-dim\" style=\"background-color:#454448\"><\/span><div class=\"wp-block-cover__inner-container is-layout-constrained wp-block-cover-is-layout-constrained\">\n<p class=\"has-text-align-center has-large-font-size\"><\/p>\n<\/div><\/div>\n<\/div><\/div>\n\n\n\n<div class=\"wp-block-uagb-container uag-hide-tab uag-hide-mob uagb-block-5624e18f alignfull uagb-is-root-container\"><div class=\"uagb-container-inner-blocks-wrap\">\n<div class=\"wp-block-cover uag-hide-mob\" style=\"min-height:500px;aspect-ratio:unset;\"><img loading=\"lazy\" decoding=\"async\" width=\"1500\" height=\"700\" class=\"wp-block-cover__image-background wp-image-4932 size-full\" alt=\"\" src=\"https:\/\/shop.decoproject.com\/wp-content\/uploads\/2026\/03\/4.avif\" data-object-fit=\"cover\" srcset=\"https:\/\/shop.decoproject.com\/wp-content\/uploads\/2026\/03\/4.avif 1500w, https:\/\/shop.decoproject.com\/wp-content\/uploads\/2026\/03\/4-300x140.avif 300w, https:\/\/shop.decoproject.com\/wp-content\/uploads\/2026\/03\/4-1024x478.avif 1024w, https:\/\/shop.decoproject.com\/wp-content\/uploads\/2026\/03\/4-768x358.avif 768w, https:\/\/shop.decoproject.com\/wp-content\/uploads\/2026\/03\/4-18x8.avif 18w, https:\/\/shop.decoproject.com\/wp-content\/uploads\/2026\/03\/4-750x350.avif 750w\" sizes=\"auto, (max-width: 1500px) 100vw, 1500px\" \/><span aria-hidden=\"true\" class=\"wp-block-cover__background has-background-dim-0 has-background-dim\" style=\"background-color:#454448\"><\/span><div class=\"wp-block-cover__inner-container is-layout-constrained wp-block-cover-is-layout-constrained\">\n<p class=\"has-text-align-center has-large-font-size\"><\/p>\n<\/div><\/div>\n<\/div><\/div>\n\n\n\n<div class=\"wp-block-uagb-container uagb-block-d4752510 alignfull uagb-is-root-container\"><div class=\"uagb-container-inner-blocks-wrap\">\n<div class=\"wp-block-uagb-container uagb-block-c4d7884a\">\n<p>Mit verschiedenen Aufbauoptionen bietet DECOFRAME stets eine passende L\u00f6sung f\u00fcr Ihr Gesch\u00e4ft. Der langlebige Rahmen h\u00e4lt viele Jahre. Wenn Sie erneuern m\u00f6chten, behalten Sie den Rahmen und tauschen die einzelnen Elemente einfach f\u00fcr einen neuen Look aus. M\u00f6chten Sie sp\u00e4ter erweitern, k\u00f6nnen neue Elemente problemlos auf den Grundrahmen aufgesteckt werden. So bleibt Ihr Gesch\u00e4ft flexibel, zukunftssicher und rentabel.<\/p>\n<\/div>\n\n\n\n<div class=\"wp-block-uagb-container uagb-block-ef68b3d3\">\n<p>Stellen Sie ganz einfach die ideale Aufstellung zusammen, ob klein oder gro\u00df, f\u00fcr ein Gesch\u00e4ft oder mehrere Filialen. Die Gestaltung ist an jeden Raum anpassbar und auf die Optimierung des Kundenerlebnisses ausgerichtet. Geeignet f\u00fcr eine breite Produktpalette, von E-Bikes bis hin zu Zubeh\u00f6r und Wartungsprodukten. Zukunftssicher und leicht an ver\u00e4nderte Anforderungen oder Erweiterungen anzupassen.<\/p>\n<\/div>\n<\/div><\/div>\n\n\n\n<div class=\"wp-block-uagb-container uagb-block-b521ff0f alignfull uagb-is-root-container\"><div class=\"uagb-container-inner-blocks-wrap\">\n<h2 class=\"wp-block-heading has-ast-global-color-1-color has-text-color has-link-color wp-elements-285021bedcb1ea8a6df4a8980f593e66\">Entdecken Sie die Vorteile eines modularen Ladensystems.<\/h2>\n<\/div><\/div>\n\n\n\n<div class=\"wp-block-uagb-container uagb-block-4dfcfbe0 alignfull uagb-is-root-container\"><div class=\"uagb-container-inner-blocks-wrap\">\n<div class=\"wp-block-uagb-container uagb-block-f1b2bf09\">\n<h2 class=\"wp-block-heading has-ast-global-color-2-color has-text-color has-link-color wp-elements-0645ff97df4c1be51d7bb7f98347f282\" style=\"line-height:1\">Die St\u00e4rke von DECOFRAME<\/h2>\n<\/div>\n\n\n\n<div class=\"wp-block-uagb-container uagb-block-9882b3b8\">\n<ul>\r\n  <li><b>Modular und skalierbar<\/b>: stellen Sie einfach die ideale Aufstellung zusammen \u2013 klein oder gro\u00df, f\u00fcr ein Gesch\u00e4ft oder mehrere Filialen. Von E-Bikes bis zu Zubeh\u00f6r.<\/li>\r\n  <li><b>Verkaufsorientierte Pr\u00e4sentation<\/b>: horizontale und vertikale Produktpr\u00e4sentationen optimieren die Nutzung der Verkaufsfl\u00e4che und sorgen f\u00fcr eine effizientere und profitablere Pr\u00e4sentation.<\/li>\r\n  <li><b>Kosteng\u00fcnstig<\/b>: durch den Einkauf gro\u00dfer Mengen bei unserem vertrauensw\u00fcrdigen Lieferanten sichern wir uns attraktive Preise. Dadurch k\u00f6nnen wir hochwertige Produkte zu wettbewerbsf\u00e4higen Konditionen anbieten. Eine kosteneffiziente L\u00f6sung ohne Kompromisse bei der Qualit\u00e4t.<\/li>\r\n  <li><b>Zirkul\u00e4re<\/b>: der robuste Rahmen besteht aus recyceltem Stahl und ist f\u00fcr eine langj\u00e4hrige Nutzung ausgelegt. So sparen Sie Ersatzkosten.<\/li>\r\n  <li><b>Flatpack-Verpackung<\/b>: effizient verpackt f\u00fcr einfachen Transport und Lagerung.<\/li>\r\n  <li><b>Europaweit distribuiert<\/b>: zuverl\u00e4ssige Lieferung in ganz Europa \u00fcber feste Logistikpartner.<\/li>\r\n  <li><b>Einfach zu montieren<\/b>: dank des durchdachten Designs lassen sich die Komponenten schnell montieren \u2013 ohne spezielles Werkzeug oder technische Kenntnisse.<\/li>\r\n  <li><b>Leasing<\/b>: w\u00e4hlen Sie maximale Flexibilit\u00e4t mit der Leasingoption. Ideal f\u00fcr tempor\u00e4re Projekte oder zur Verteilung von Investitionskosten.<\/li>\r\n  <li><b>Auswahl an Ausf\u00fchrungen<\/b>: erh\u00e4ltlich in verschiedenen Farben.<\/li>\r\n<\/ul>\n<\/div>\n<\/div><\/div>","protected":false},"excerpt":{"rendered":"<p>The modular shop system The cycling world is changing rapidly. Consumers expect more experience, flexibility and a professional appearance. DECOFRAME [&hellip;]<\/p>\n","protected":false},"author":1,"featured_media":0,"parent":0,"menu_order":0,"comment_status":"closed","ping_status":"closed","template":"","meta":{"_uag_custom_page_level_css":"","site-sidebar-layout":"default","site-content-layout":"","ast-site-content-layout":"default","site-content-style":"default","site-sidebar-style":"default","ast-global-header-display":"","ast-banner-title-visibility":"","ast-main-header-display":"","ast-hfb-above-header-display":"","ast-hfb-below-header-display":"","ast-hfb-mobile-header-display":"","site-post-title":"","ast-breadcrumbs-content":"","ast-featured-img":"","footer-sml-layout":"","ast-disable-related-posts":"","theme-transparent-header-meta":"","adv-header-id-meta":"","stick-header-meta":"","header-above-stick-meta":"","header-main-stick-meta":"","header-below-stick-meta":"","astra-migrate-meta-layouts":"default","ast-page-background-enabled":"default","ast-page-background-meta":{"desktop":{"background-color":"var(--ast-global-color-4)","background-image":"","background-repeat":"repeat","background-position":"center center","background-size":"auto","background-attachment":"scroll","background-type":"","background-media":"","overlay-type":"","overlay-color":"","overlay-opacity":"","overlay-gradient":""},"tablet":{"background-color":"","background-image":"","background-repeat":"repeat","background-position":"center center","background-size":"auto","background-attachment":"scroll","background-type":"","background-media":"","overlay-type":"","overlay-color":"","overlay-opacity":"","overlay-gradient":""},"mobile":{"background-color":"","background-image":"","background-repeat":"repeat","background-position":"center center","background-size":"auto","background-attachment":"scroll","background-type":"","background-media":"","overlay-type":"","overlay-color":"","overlay-opacity":"","overlay-gradient":""}},"ast-content-background-meta":{"desktop":{"background-color":"var(--ast-global-color-5)","background-image":"","background-repeat":"repeat","background-position":"center center","background-size":"auto","background-attachment":"scroll","background-type":"","background-media":"","overlay-type":"","overlay-color":"","overlay-opacity":"","overlay-gradient":""},"tablet":{"background-color":"var(--ast-global-color-5)","background-image":"","background-repeat":"repeat","background-position":"center center","background-size":"auto","background-attachment":"scroll","background-type":"","background-media":"","overlay-type":"","overlay-color":"","overlay-opacity":"","overlay-gradient":""},"mobile":{"background-color":"var(--ast-global-color-5)","background-image":"","background-repeat":"repeat","background-position":"center center","background-size":"auto","background-attachment":"scroll","background-type":"","background-media":"","overlay-type":"","overlay-color":"","overlay-opacity":"","overlay-gradient":""}},"footnotes":""},"class_list":["post-519","page","type-page","status-publish","hentry"],"yoast_head":"<!-- This site is optimized with the Yoast SEO plugin v27.3 - https:\/\/yoast.com\/product\/yoast-seo-wordpress\/ -->\n<title>About Decoframe | The modular shop system<\/title>\n<meta name=\"robots\" content=\"index, follow, max-snippet:-1, max-image-preview:large, max-video-preview:-1\" \/>\n<link rel=\"canonical\" href=\"https:\/\/shop.decoproject.com\/de\/uber\/\" \/>\n<meta property=\"og:locale\" content=\"de_DE\" \/>\n<meta property=\"og:type\" content=\"article\" \/>\n<meta property=\"og:title\" content=\"About Decoframe | The modular shop system\" \/>\n<meta property=\"og:description\" content=\"The modular shop system The cycling world is changing rapidly. Consumers expect more experience, flexibility and a professional appearance. DECOFRAME [&hellip;]\" \/>\n<meta property=\"og:url\" content=\"https:\/\/shop.decoproject.com\/de\/uber\/\" \/>\n<meta property=\"og:site_name\" content=\"DECOFRAME\" \/>\n<meta property=\"article:modified_time\" content=\"2026-03-24T14:08:49+00:00\" \/>\n<meta property=\"og:image\" content=\"https:\/\/shop.decoproject.com\/wp-content\/uploads\/2026\/03\/4.avif\" \/>\n\t<meta property=\"og:image:width\" content=\"1500\" \/>\n\t<meta property=\"og:image:height\" content=\"700\" \/>\n\t<meta property=\"og:image:type\" content=\"image\/png\" \/>\n<meta name=\"twitter:card\" content=\"summary_large_image\" \/>\n<meta name=\"twitter:label1\" content=\"Gesch\u00e4tzte Lesezeit\" \/>\n\t<meta name=\"twitter:data1\" content=\"2\u00a0Minuten\" \/>\n<script type=\"application\/ld+json\" class=\"yoast-schema-graph\">{\"@context\":\"https:\\\/\\\/schema.org\",\"@graph\":[{\"@type\":\"WebPage\",\"@id\":\"https:\\\/\\\/shop.decoproject.com\\\/about\\\/\",\"url\":\"https:\\\/\\\/shop.decoproject.com\\\/about\\\/\",\"name\":\"About Decoframe | The modular shop system\",\"isPartOf\":{\"@id\":\"https:\\\/\\\/shop.decoproject.com\\\/#website\"},\"primaryImageOfPage\":{\"@id\":\"https:\\\/\\\/shop.decoproject.com\\\/about\\\/#primaryimage\"},\"image\":{\"@id\":\"https:\\\/\\\/shop.decoproject.com\\\/about\\\/#primaryimage\"},\"thumbnailUrl\":\"https:\\\/\\\/shop.decoproject.com\\\/wp-content\\\/uploads\\\/2026\\\/03\\\/4.avif\",\"datePublished\":\"2025-05-06T12:48:44+00:00\",\"dateModified\":\"2026-03-24T14:08:49+00:00\",\"breadcrumb\":{\"@id\":\"https:\\\/\\\/shop.decoproject.com\\\/about\\\/#breadcrumb\"},\"inLanguage\":\"de\",\"potentialAction\":[{\"@type\":\"ReadAction\",\"target\":[\"https:\\\/\\\/shop.decoproject.com\\\/about\\\/\"]}]},{\"@type\":\"ImageObject\",\"inLanguage\":\"de\",\"@id\":\"https:\\\/\\\/shop.decoproject.com\\\/about\\\/#primaryimage\",\"url\":\"https:\\\/\\\/shop.decoproject.com\\\/wp-content\\\/uploads\\\/2026\\\/03\\\/4.avif\",\"contentUrl\":\"https:\\\/\\\/shop.decoproject.com\\\/wp-content\\\/uploads\\\/2026\\\/03\\\/4.avif\"},{\"@type\":\"BreadcrumbList\",\"@id\":\"https:\\\/\\\/shop.decoproject.com\\\/about\\\/#breadcrumb\",\"itemListElement\":[{\"@type\":\"ListItem\",\"position\":1,\"name\":\"Home\",\"item\":\"https:\\\/\\\/shop.decoproject.com\\\/\"},{\"@type\":\"ListItem\",\"position\":2,\"name\":\"About Decoframe\"}]},{\"@type\":\"WebSite\",\"@id\":\"https:\\\/\\\/shop.decoproject.com\\\/#website\",\"url\":\"https:\\\/\\\/shop.decoproject.com\\\/\",\"name\":\"Decoframe\",\"description\":\"The modular shop system\",\"publisher\":{\"@id\":\"https:\\\/\\\/shop.decoproject.com\\\/#organization\"},\"alternateName\":\"DF\",\"potentialAction\":[{\"@type\":\"SearchAction\",\"target\":{\"@type\":\"EntryPoint\",\"urlTemplate\":\"https:\\\/\\\/shop.decoproject.com\\\/?s={search_term_string}\"},\"query-input\":{\"@type\":\"PropertyValueSpecification\",\"valueRequired\":true,\"valueName\":\"search_term_string\"}}],\"inLanguage\":\"de\"},{\"@type\":\"Organization\",\"@id\":\"https:\\\/\\\/shop.decoproject.com\\\/#organization\",\"name\":\"Decoframe\",\"alternateName\":\"DF\",\"url\":\"https:\\\/\\\/shop.decoproject.com\\\/\",\"logo\":{\"@type\":\"ImageObject\",\"inLanguage\":\"de\",\"@id\":\"https:\\\/\\\/shop.decoproject.com\\\/#\\\/schema\\\/logo\\\/image\\\/\",\"url\":\"https:\\\/\\\/shop.decoproject.com\\\/wp-content\\\/uploads\\\/2025\\\/05\\\/Favicon_Tekengebied-1-scaled.avif\",\"contentUrl\":\"https:\\\/\\\/shop.decoproject.com\\\/wp-content\\\/uploads\\\/2025\\\/05\\\/Favicon_Tekengebied-1-scaled.avif\",\"width\":2560,\"height\":2560,\"caption\":\"Decoframe\"},\"image\":{\"@id\":\"https:\\\/\\\/shop.decoproject.com\\\/#\\\/schema\\\/logo\\\/image\\\/\"}}]}<\/script>\n<!-- \/ Yoast SEO plugin. -->","yoast_head_json":{"title":"About Decoframe | The modular shop system","robots":{"index":"index","follow":"follow","max-snippet":"max-snippet:-1","max-image-preview":"max-image-preview:large","max-video-preview":"max-video-preview:-1"},"canonical":"https:\/\/shop.decoproject.com\/de\/uber\/","og_locale":"de_DE","og_type":"article","og_title":"About Decoframe | The modular shop system","og_description":"The modular shop system The cycling world is changing rapidly. Consumers expect more experience, flexibility and a professional appearance. DECOFRAME [&hellip;]","og_url":"https:\/\/shop.decoproject.com\/de\/uber\/","og_site_name":"DECOFRAME","article_modified_time":"2026-03-24T14:08:49+00:00","og_image":[{"width":1500,"height":700,"url":"https:\/\/shop.decoproject.com\/wp-content\/uploads\/2026\/03\/4.avif","type":"image\/png"}],"twitter_card":"summary_large_image","twitter_misc":{"Gesch\u00e4tzte Lesezeit":"2\u00a0Minuten"},"schema":{"@context":"https:\/\/schema.org","@graph":[{"@type":"WebPage","@id":"https:\/\/shop.decoproject.com\/about\/","url":"https:\/\/shop.decoproject.com\/about\/","name":"About Decoframe | The modular shop system","isPartOf":{"@id":"https:\/\/shop.decoproject.com\/#website"},"primaryImageOfPage":{"@id":"https:\/\/shop.decoproject.com\/about\/#primaryimage"},"image":{"@id":"https:\/\/shop.decoproject.com\/about\/#primaryimage"},"thumbnailUrl":"https:\/\/shop.decoproject.com\/wp-content\/uploads\/2026\/03\/4.avif","datePublished":"2025-05-06T12:48:44+00:00","dateModified":"2026-03-24T14:08:49+00:00","breadcrumb":{"@id":"https:\/\/shop.decoproject.com\/about\/#breadcrumb"},"inLanguage":"de","potentialAction":[{"@type":"ReadAction","target":["https:\/\/shop.decoproject.com\/about\/"]}]},{"@type":"ImageObject","inLanguage":"de","@id":"https:\/\/shop.decoproject.com\/about\/#primaryimage","url":"https:\/\/shop.decoproject.com\/wp-content\/uploads\/2026\/03\/4.avif","contentUrl":"https:\/\/shop.decoproject.com\/wp-content\/uploads\/2026\/03\/4.avif"},{"@type":"BreadcrumbList","@id":"https:\/\/shop.decoproject.com\/about\/#breadcrumb","itemListElement":[{"@type":"ListItem","position":1,"name":"Home","item":"https:\/\/shop.decoproject.com\/"},{"@type":"ListItem","position":2,"name":"About Decoframe"}]},{"@type":"WebSite","@id":"https:\/\/shop.decoproject.com\/#website","url":"https:\/\/shop.decoproject.com\/","name":"Decoframe","description":"Das modulare Ladensystem","publisher":{"@id":"https:\/\/shop.decoproject.com\/#organization"},"alternateName":"DF","potentialAction":[{"@type":"SearchAction","target":{"@type":"EntryPoint","urlTemplate":"https:\/\/shop.decoproject.com\/?s={search_term_string}"},"query-input":{"@type":"PropertyValueSpecification","valueRequired":true,"valueName":"search_term_string"}}],"inLanguage":"de"},{"@type":"Organization","@id":"https:\/\/shop.decoproject.com\/#organization","name":"Decoframe","alternateName":"DF","url":"https:\/\/shop.decoproject.com\/","logo":{"@type":"ImageObject","inLanguage":"de","@id":"https:\/\/shop.decoproject.com\/#\/schema\/logo\/image\/","url":"https:\/\/shop.decoproject.com\/wp-content\/uploads\/2025\/05\/Favicon_Tekengebied-1-scaled.avif","contentUrl":"https:\/\/shop.decoproject.com\/wp-content\/uploads\/2025\/05\/Favicon_Tekengebied-1-scaled.avif","width":2560,"height":2560,"caption":"Decoframe"},"image":{"@id":"https:\/\/shop.decoproject.com\/#\/schema\/logo\/image\/"}}]}},"uagb_featured_image_src":{"full":false,"thumbnail":false,"medium":false,"medium_large":false,"large":false,"1536x1536":false,"2048x2048":false,"trp-custom-language-flag":false,"woocommerce_thumbnail":false,"woocommerce_single":false,"woocommerce_gallery_thumbnail":false},"uagb_author_info":{"display_name":"beheerder","author_link":"https:\/\/shop.decoproject.com\/de\/author\/beheerder\/"},"uagb_comment_info":0,"uagb_excerpt":"The modular shop system The cycling world is changing rapidly. Consumers expect more experience, flexibility and a professional appearance. DECOFRAME [&hellip;]","_links":{"self":[{"href":"https:\/\/shop.decoproject.com\/de\/wp-json\/wp\/v2\/pages\/519","targetHints":{"allow":["GET"]}}],"collection":[{"href":"https:\/\/shop.decoproject.com\/de\/wp-json\/wp\/v2\/pages"}],"about":[{"href":"https:\/\/shop.decoproject.com\/de\/wp-json\/wp\/v2\/types\/page"}],"author":[{"embeddable":true,"href":"https:\/\/shop.decoproject.com\/de\/wp-json\/wp\/v2\/users\/1"}],"replies":[{"embeddable":true,"href":"https:\/\/shop.decoproject.com\/de\/wp-json\/wp\/v2\/comments?post=519"}],"version-history":[{"count":37,"href":"https:\/\/shop.decoproject.com\/de\/wp-json\/wp\/v2\/pages\/519\/revisions"}],"predecessor-version":[{"id":5004,"href":"https:\/\/shop.decoproject.com\/de\/wp-json\/wp\/v2\/pages\/519\/revisions\/5004"}],"wp:attachment":[{"href":"https:\/\/shop.decoproject.com\/de\/wp-json\/wp\/v2\/media?parent=519"}],"curies":[{"name":"wp","href":"https:\/\/api.w.org\/{rel}","templated":true}]}}