{"id":521,"date":"2025-05-06T12:48:45","date_gmt":"2025-05-06T12:48:45","guid":{"rendered":"https:\/\/shop.decoproject.com\/?page_id=521"},"modified":"2026-02-09T15:43:04","modified_gmt":"2026-02-09T15:43:04","slug":"kontakt","status":"publish","type":"page","link":"https:\/\/shop.decoproject.com\/de\/contact\/","title":{"rendered":"Kontakt"},"content":{"rendered":"<div class=\"wp-block-uagb-container uagb-block-0d6552f9 alignfull uagb-is-root-container\"><div class=\"uagb-container-inner-blocks-wrap\">\n<div class=\"wp-block-uagb-container uagb-block-0e3f264b\">\n<h2 class=\"wp-block-heading has-ast-global-color-2-color has-text-color has-link-color wp-elements-891c56d3cfac186a71508876bf638c20\" style=\"line-height:1\">Kontakt <br>m\u00f6glichkeiten<\/h2>\n<\/div>\n\n\n\n<div class=\"wp-block-uagb-container uagb-block-bb6749f4\">\n<p>Haben Sie eine Frage zu unseren Produkten, Dienstleistungen oder Ihrer Bestellung? Unser Team steht Ihnen mit Beratung und schneller Unterst\u00fctzung zur Verf\u00fcgung. Sie erreichen uns per E-Mail oder telefonisch. Wir bem\u00fchen uns, alle Anfragen innerhalb weniger Werktage zu beantworten.<\/p>\n\n\n\n<p>\ud83d\udce7 E-Mail: <a href=\"mailto:sales@decoproject.com\">sales@decoproject.com<\/a><br>\ud83d\udcde Telefon: <a href=\"tel:+31(0)314392685\" target=\"_blank\" rel=\"noreferrer noopener\">+31 (0) 314 392 685<\/a><br>\ud83d\udd52 \u00d6ffnungszeiten: Montag \u2013 Freitag, 08:00 bis 17:00 Uhr<\/p>\n\n\n\n<p>Wir freuen uns auf Ihre Nachricht.<\/p>\n<\/div>\n<\/div><\/div>","protected":false},"excerpt":{"rendered":"<p>Contact options Do you have a question about our products, services or your order? Our team is ready to assist [&hellip;]<\/p>\n","protected":false},"author":1,"featured_media":1009,"parent":0,"menu_order":0,"comment_status":"closed","ping_status":"closed","template":"","meta":{"_uag_custom_page_level_css":"","site-sidebar-layout":"default","site-content-layout":"","ast-site-content-layout":"","site-content-style":"default","site-sidebar-style":"default","ast-global-header-display":"","ast-banner-title-visibility":"","ast-main-header-display":"","ast-hfb-above-header-display":"","ast-hfb-below-header-display":"","ast-hfb-mobile-header-display":"","site-post-title":"","ast-breadcrumbs-content":"","ast-featured-img":"","footer-sml-layout":"","ast-disable-related-posts":"","theme-transparent-header-meta":"","adv-header-id-meta":"","stick-header-meta":"","header-above-stick-meta":"","header-main-stick-meta":"","header-below-stick-meta":"","astra-migrate-meta-layouts":"default","ast-page-background-enabled":"default","ast-page-background-meta":{"desktop":{"background-color":"var(--ast-global-color-4)","background-image":"","background-repeat":"repeat","background-position":"center center","background-size":"auto","background-attachment":"scroll","background-type":"","background-media":"","overlay-type":"","overlay-color":"","overlay-opacity":"","overlay-gradient":""},"tablet":{"background-color":"","background-image":"","background-repeat":"repeat","background-position":"center center","background-size":"auto","background-attachment":"scroll","background-type":"","background-media":"","overlay-type":"","overlay-color":"","overlay-opacity":"","overlay-gradient":""},"mobile":{"background-color":"","background-image":"","background-repeat":"repeat","background-position":"center center","background-size":"auto","background-attachment":"scroll","background-type":"","background-media":"","overlay-type":"","overlay-color":"","overlay-opacity":"","overlay-gradient":""}},"ast-content-background-meta":{"desktop":{"background-color":"var(--ast-global-color-5)","background-image":"","background-repeat":"repeat","background-position":"center center","background-size":"auto","background-attachment":"scroll","background-type":"","background-media":"","overlay-type":"","overlay-color":"","overlay-opacity":"","overlay-gradient":""},"tablet":{"background-color":"var(--ast-global-color-5)","background-image":"","background-repeat":"repeat","background-position":"center center","background-size":"auto","background-attachment":"scroll","background-type":"","background-media":"","overlay-type":"","overlay-color":"","overlay-opacity":"","overlay-gradient":""},"mobile":{"background-color":"var(--ast-global-color-5)","background-image":"","background-repeat":"repeat","background-position":"center center","background-size":"auto","background-attachment":"scroll","background-type":"","background-media":"","overlay-type":"","overlay-color":"","overlay-opacity":"","overlay-gradient":""}},"footnotes":""},"class_list":["post-521","page","type-page","status-publish","has-post-thumbnail","hentry"],"yoast_head":"<!-- This site is optimized with the Yoast SEO plugin v27.3 - https:\/\/yoast.com\/product\/yoast-seo-wordpress\/ -->\n<title>Contact | The modular shop system<\/title>\n<meta name=\"robots\" content=\"index, follow, max-snippet:-1, max-image-preview:large, max-video-preview:-1\" \/>\n<link rel=\"canonical\" href=\"https:\/\/shop.decoproject.com\/de\/kontakt\/\" \/>\n<meta property=\"og:locale\" content=\"de_DE\" \/>\n<meta property=\"og:type\" content=\"article\" \/>\n<meta property=\"og:title\" content=\"Contact | The modular shop system\" \/>\n<meta property=\"og:description\" content=\"Contact options Do you have a question about our products, services or your order? Our team is ready to assist [&hellip;]\" \/>\n<meta property=\"og:url\" content=\"https:\/\/shop.decoproject.com\/de\/kontakt\/\" \/>\n<meta property=\"og:site_name\" content=\"DECOFRAME\" \/>\n<meta property=\"article:modified_time\" content=\"2026-02-09T15:43:04+00:00\" \/>\n<meta property=\"og:image\" content=\"https:\/\/shop.decoproject.com\/wp-content\/uploads\/2025\/06\/1-e1749205277911.avif\" \/>\n\t<meta property=\"og:image:width\" content=\"2200\" \/>\n\t<meta property=\"og:image:height\" content=\"500\" \/>\n\t<meta property=\"og:image:type\" content=\"image\/jpeg\" \/>\n<meta name=\"twitter:card\" content=\"summary_large_image\" \/>\n<meta name=\"twitter:label1\" content=\"Gesch\u00e4tzte Lesezeit\" \/>\n\t<meta name=\"twitter:data1\" content=\"1\u00a0Minute\" \/>\n<script type=\"application\/ld+json\" class=\"yoast-schema-graph\">{\"@context\":\"https:\\\/\\\/schema.org\",\"@graph\":[{\"@type\":\"WebPage\",\"@id\":\"https:\\\/\\\/shop.decoproject.com\\\/contact\\\/\",\"url\":\"https:\\\/\\\/shop.decoproject.com\\\/contact\\\/\",\"name\":\"Contact | The modular shop system\",\"isPartOf\":{\"@id\":\"https:\\\/\\\/shop.decoproject.com\\\/#website\"},\"primaryImageOfPage\":{\"@id\":\"https:\\\/\\\/shop.decoproject.com\\\/contact\\\/#primaryimage\"},\"image\":{\"@id\":\"https:\\\/\\\/shop.decoproject.com\\\/contact\\\/#primaryimage\"},\"thumbnailUrl\":\"https:\\\/\\\/shop.decoproject.com\\\/wp-content\\\/uploads\\\/2025\\\/06\\\/1-e1749205277911.avif\",\"datePublished\":\"2025-05-06T12:48:45+00:00\",\"dateModified\":\"2026-02-09T15:43:04+00:00\",\"breadcrumb\":{\"@id\":\"https:\\\/\\\/shop.decoproject.com\\\/contact\\\/#breadcrumb\"},\"inLanguage\":\"de\",\"potentialAction\":[{\"@type\":\"ReadAction\",\"target\":[\"https:\\\/\\\/shop.decoproject.com\\\/contact\\\/\"]}]},{\"@type\":\"ImageObject\",\"inLanguage\":\"de\",\"@id\":\"https:\\\/\\\/shop.decoproject.com\\\/contact\\\/#primaryimage\",\"url\":\"https:\\\/\\\/shop.decoproject.com\\\/wp-content\\\/uploads\\\/2025\\\/06\\\/1-e1749205277911.avif\",\"contentUrl\":\"https:\\\/\\\/shop.decoproject.com\\\/wp-content\\\/uploads\\\/2025\\\/06\\\/1-e1749205277911.avif\",\"width\":2200,\"height\":500},{\"@type\":\"BreadcrumbList\",\"@id\":\"https:\\\/\\\/shop.decoproject.com\\\/contact\\\/#breadcrumb\",\"itemListElement\":[{\"@type\":\"ListItem\",\"position\":1,\"name\":\"Home\",\"item\":\"https:\\\/\\\/shop.decoproject.com\\\/\"},{\"@type\":\"ListItem\",\"position\":2,\"name\":\"Contact\"}]},{\"@type\":\"WebSite\",\"@id\":\"https:\\\/\\\/shop.decoproject.com\\\/#website\",\"url\":\"https:\\\/\\\/shop.decoproject.com\\\/\",\"name\":\"Decoframe\",\"description\":\"The modular shop system\",\"publisher\":{\"@id\":\"https:\\\/\\\/shop.decoproject.com\\\/#organization\"},\"alternateName\":\"DF\",\"potentialAction\":[{\"@type\":\"SearchAction\",\"target\":{\"@type\":\"EntryPoint\",\"urlTemplate\":\"https:\\\/\\\/shop.decoproject.com\\\/?s={search_term_string}\"},\"query-input\":{\"@type\":\"PropertyValueSpecification\",\"valueRequired\":true,\"valueName\":\"search_term_string\"}}],\"inLanguage\":\"de\"},{\"@type\":\"Organization\",\"@id\":\"https:\\\/\\\/shop.decoproject.com\\\/#organization\",\"name\":\"Decoframe\",\"alternateName\":\"DF\",\"url\":\"https:\\\/\\\/shop.decoproject.com\\\/\",\"logo\":{\"@type\":\"ImageObject\",\"inLanguage\":\"de\",\"@id\":\"https:\\\/\\\/shop.decoproject.com\\\/#\\\/schema\\\/logo\\\/image\\\/\",\"url\":\"https:\\\/\\\/shop.decoproject.com\\\/wp-content\\\/uploads\\\/2025\\\/05\\\/Favicon_Tekengebied-1-scaled.avif\",\"contentUrl\":\"https:\\\/\\\/shop.decoproject.com\\\/wp-content\\\/uploads\\\/2025\\\/05\\\/Favicon_Tekengebied-1-scaled.avif\",\"width\":2560,\"height\":2560,\"caption\":\"Decoframe\"},\"image\":{\"@id\":\"https:\\\/\\\/shop.decoproject.com\\\/#\\\/schema\\\/logo\\\/image\\\/\"}}]}<\/script>\n<!-- \/ Yoast SEO plugin. -->","yoast_head_json":{"title":"Contact | The modular shop system","robots":{"index":"index","follow":"follow","max-snippet":"max-snippet:-1","max-image-preview":"max-image-preview:large","max-video-preview":"max-video-preview:-1"},"canonical":"https:\/\/shop.decoproject.com\/de\/kontakt\/","og_locale":"de_DE","og_type":"article","og_title":"Contact | The modular shop system","og_description":"Contact options Do you have a question about our products, services or your order? Our team is ready to assist [&hellip;]","og_url":"https:\/\/shop.decoproject.com\/de\/kontakt\/","og_site_name":"DECOFRAME","article_modified_time":"2026-02-09T15:43:04+00:00","og_image":[{"width":2200,"height":500,"url":"https:\/\/shop.decoproject.com\/wp-content\/uploads\/2025\/06\/1-e1749205277911.avif","type":"image\/jpeg"}],"twitter_card":"summary_large_image","twitter_misc":{"Gesch\u00e4tzte Lesezeit":"1\u00a0Minute"},"schema":{"@context":"https:\/\/schema.org","@graph":[{"@type":"WebPage","@id":"https:\/\/shop.decoproject.com\/contact\/","url":"https:\/\/shop.decoproject.com\/contact\/","name":"Contact | The modular shop system","isPartOf":{"@id":"https:\/\/shop.decoproject.com\/#website"},"primaryImageOfPage":{"@id":"https:\/\/shop.decoproject.com\/contact\/#primaryimage"},"image":{"@id":"https:\/\/shop.decoproject.com\/contact\/#primaryimage"},"thumbnailUrl":"https:\/\/shop.decoproject.com\/wp-content\/uploads\/2025\/06\/1-e1749205277911.avif","datePublished":"2025-05-06T12:48:45+00:00","dateModified":"2026-02-09T15:43:04+00:00","breadcrumb":{"@id":"https:\/\/shop.decoproject.com\/contact\/#breadcrumb"},"inLanguage":"de","potentialAction":[{"@type":"ReadAction","target":["https:\/\/shop.decoproject.com\/contact\/"]}]},{"@type":"ImageObject","inLanguage":"de","@id":"https:\/\/shop.decoproject.com\/contact\/#primaryimage","url":"https:\/\/shop.decoproject.com\/wp-content\/uploads\/2025\/06\/1-e1749205277911.avif","contentUrl":"https:\/\/shop.decoproject.com\/wp-content\/uploads\/2025\/06\/1-e1749205277911.avif","width":2200,"height":500},{"@type":"BreadcrumbList","@id":"https:\/\/shop.decoproject.com\/contact\/#breadcrumb","itemListElement":[{"@type":"ListItem","position":1,"name":"Home","item":"https:\/\/shop.decoproject.com\/"},{"@type":"ListItem","position":2,"name":"Contact"}]},{"@type":"WebSite","@id":"https:\/\/shop.decoproject.com\/#website","url":"https:\/\/shop.decoproject.com\/","name":"Decoframe","description":"Das modulare Ladensystem","publisher":{"@id":"https:\/\/shop.decoproject.com\/#organization"},"alternateName":"DF","potentialAction":[{"@type":"SearchAction","target":{"@type":"EntryPoint","urlTemplate":"https:\/\/shop.decoproject.com\/?s={search_term_string}"},"query-input":{"@type":"PropertyValueSpecification","valueRequired":true,"valueName":"search_term_string"}}],"inLanguage":"de"},{"@type":"Organization","@id":"https:\/\/shop.decoproject.com\/#organization","name":"Decoframe","alternateName":"DF","url":"https:\/\/shop.decoproject.com\/","logo":{"@type":"ImageObject","inLanguage":"de","@id":"https:\/\/shop.decoproject.com\/#\/schema\/logo\/image\/","url":"https:\/\/shop.decoproject.com\/wp-content\/uploads\/2025\/05\/Favicon_Tekengebied-1-scaled.avif","contentUrl":"https:\/\/shop.decoproject.com\/wp-content\/uploads\/2025\/05\/Favicon_Tekengebied-1-scaled.avif","width":2560,"height":2560,"caption":"Decoframe"},"image":{"@id":"https:\/\/shop.decoproject.com\/#\/schema\/logo\/image\/"}}]}},"uagb_featured_image_src":{"full":["https:\/\/shop.decoproject.com\/wp-content\/uploads\/2025\/06\/1-e1749205277911.avif",2200,500,false],"thumbnail":["https:\/\/shop.decoproject.com\/wp-content\/uploads\/2025\/06\/1-e1749205277911-150x150.webp",150,150,true],"medium":["https:\/\/shop.decoproject.com\/wp-content\/uploads\/2025\/06\/1-e1749205277911-300x68.webp",300,68,true],"medium_large":["https:\/\/shop.decoproject.com\/wp-content\/uploads\/2025\/06\/1-e1749205277911-768x175.webp",768,175,true],"large":["https:\/\/shop.decoproject.com\/wp-content\/uploads\/2025\/06\/1-e1749205277911-1024x233.webp",1024,233,true],"1536x1536":["https:\/\/shop.decoproject.com\/wp-content\/uploads\/2025\/06\/1-e1749205277911-1536x349.webp",1536,349,true],"2048x2048":["https:\/\/shop.decoproject.com\/wp-content\/uploads\/2025\/06\/1-e1749205277911-2048x465.webp",2048,465,true],"trp-custom-language-flag":["https:\/\/shop.decoproject.com\/wp-content\/uploads\/2025\/06\/1-e1749205277911.avif",18,4,false],"woocommerce_thumbnail":["https:\/\/shop.decoproject.com\/wp-content\/uploads\/2025\/06\/1-e1749205277911-750x500.avif",750,500,true],"woocommerce_single":["https:\/\/shop.decoproject.com\/wp-content\/uploads\/2025\/06\/1-e1749205277911-750x170.avif",750,170,true],"woocommerce_gallery_thumbnail":["https:\/\/shop.decoproject.com\/wp-content\/uploads\/2025\/06\/1-e1749205277911-100x100.avif",100,100,true]},"uagb_author_info":{"display_name":"beheerder","author_link":"https:\/\/shop.decoproject.com\/de\/author\/beheerder\/"},"uagb_comment_info":0,"uagb_excerpt":"Contact options Do you have a question about our products, services or your order? Our team is ready to assist [&hellip;]","_links":{"self":[{"href":"https:\/\/shop.decoproject.com\/de\/wp-json\/wp\/v2\/pages\/521","targetHints":{"allow":["GET"]}}],"collection":[{"href":"https:\/\/shop.decoproject.com\/de\/wp-json\/wp\/v2\/pages"}],"about":[{"href":"https:\/\/shop.decoproject.com\/de\/wp-json\/wp\/v2\/types\/page"}],"author":[{"embeddable":true,"href":"https:\/\/shop.decoproject.com\/de\/wp-json\/wp\/v2\/users\/1"}],"replies":[{"embeddable":true,"href":"https:\/\/shop.decoproject.com\/de\/wp-json\/wp\/v2\/comments?post=521"}],"version-history":[{"count":14,"href":"https:\/\/shop.decoproject.com\/de\/wp-json\/wp\/v2\/pages\/521\/revisions"}],"predecessor-version":[{"id":4248,"href":"https:\/\/shop.decoproject.com\/de\/wp-json\/wp\/v2\/pages\/521\/revisions\/4248"}],"wp:featuredmedia":[{"embeddable":true,"href":"https:\/\/shop.decoproject.com\/de\/wp-json\/wp\/v2\/media\/1009"}],"wp:attachment":[{"href":"https:\/\/shop.decoproject.com\/de\/wp-json\/wp\/v2\/media?parent=521"}],"curies":[{"name":"wp","href":"https:\/\/api.w.org\/{rel}","templated":true}]}}