{"id":710,"date":"2025-05-14T14:21:46","date_gmt":"2025-05-14T14:21:46","guid":{"rendered":"https:\/\/shop.decoproject.com\/?page_id=710"},"modified":"2026-02-10T16:02:23","modified_gmt":"2026-02-10T16:02:23","slug":"zahlungsmethode","status":"publish","type":"page","link":"https:\/\/shop.decoproject.com\/de\/payment-method\/","title":{"rendered":"Zahlungsmethode"},"content":{"rendered":"<div class=\"wp-block-uagb-container uagb-block-0d6552f9 alignfull uagb-is-root-container\"><div class=\"uagb-container-inner-blocks-wrap\">\n<div class=\"wp-block-uagb-container uagb-block-0e3f264b\">\n<h2 class=\"wp-block-heading has-ast-global-color-2-color has-text-color has-link-color wp-elements-bb6214ae71d4739f0679ff914bf5b70e\" style=\"line-height:1\">Direkte Bank <br>\u00fcberweisung<\/h2>\n<\/div>\n\n\n\n<div class=\"wp-block-uagb-container uagb-block-bb6749f4\">\n<p>Bei DECOFRAME haben Sie die M\u00f6glichkeit, Ihre Bestellung per direkter Bank\u00fcberweisung zu bezahlen. Diese Zahlungsmethode eignet sich f\u00fcr Kunden, die die Zahlung manuell \u00fcber ihr eigenes Bankumfeld vornehmen m\u00f6chten. Nach Aufgabe Ihrer Bestellung erhalten Sie per E-Mail eine Bestellbest\u00e4tigung mit unseren Bankdaten und Ihrer individuellen Bestellnummer. Bitte \u00fcberweisen Sie den Gesamtbetrag innerhalb von 5 Werktagen unter Angabe der Bestellnummer als Verwendungszweck.<\/p>\n<\/div>\n<\/div><\/div>\n\n\n\n<div class=\"wp-block-uagb-container uagb-block-9d576bfc alignfull uagb-is-root-container\"><div class=\"uagb-container-inner-blocks-wrap\">\n<p><span style=\"text-decoration: underline;\">Bitte beachten Sie Folgendes<\/span><\/p>\n\n\n\n<ul class=\"wp-block-list\">\n<li>Zahlungen sind direkt auf unser Bankkonto zu \u00fcberweisen: <strong>IBAN NL98 ABNA 0491 4352 31<\/strong>.<\/li>\n\n\n\n<li>Verwenden Sie stets Ihre <strong>Bestellnummer<\/strong> als Verwendungszweck, um eine korrekte Zuordnung sicherzustellen.<\/li>\n\n\n\n<li>Ihre Bestellung wird erst <strong>nach Zahlungseingang versendet.<\/strong>.<\/li>\n\n\n\n<li>Die Zahlungsabwicklung kann je nach Bank 1 bis 2 Werktage in Anspruch nehmen.<\/li>\n<\/ul>\n\n\n\n<p>Wenn Sie Fragen zu Ihrer Zahlung oder zum Bearbeitungsstatus Ihrer Bestellung haben, wenden Sie sich bitte jederzeit an unseren Kundenservice. <a href=\"\/de\/kontakt\/\">contact<\/a> our customer service team.<\/p>\n<\/div><\/div>","protected":false},"excerpt":{"rendered":"<p>Direct bank transfer At DECOFRAME, you have the option to pay for your order via direct bank transfer. This payment [&hellip;]<\/p>\n","protected":false},"author":1,"featured_media":1011,"parent":0,"menu_order":0,"comment_status":"closed","ping_status":"closed","template":"","meta":{"_uag_custom_page_level_css":"","site-sidebar-layout":"default","site-content-layout":"","ast-site-content-layout":"default","site-content-style":"default","site-sidebar-style":"default","ast-global-header-display":"","ast-banner-title-visibility":"","ast-main-header-display":"","ast-hfb-above-header-display":"","ast-hfb-below-header-display":"","ast-hfb-mobile-header-display":"","site-post-title":"","ast-breadcrumbs-content":"","ast-featured-img":"","footer-sml-layout":"","ast-disable-related-posts":"","theme-transparent-header-meta":"","adv-header-id-meta":"","stick-header-meta":"","header-above-stick-meta":"","header-main-stick-meta":"","header-below-stick-meta":"","astra-migrate-meta-layouts":"default","ast-page-background-enabled":"default","ast-page-background-meta":{"desktop":{"background-color":"var(--ast-global-color-4)","background-image":"","background-repeat":"repeat","background-position":"center center","background-size":"auto","background-attachment":"scroll","background-type":"","background-media":"","overlay-type":"","overlay-color":"","overlay-opacity":"","overlay-gradient":""},"tablet":{"background-color":"","background-image":"","background-repeat":"repeat","background-position":"center center","background-size":"auto","background-attachment":"scroll","background-type":"","background-media":"","overlay-type":"","overlay-color":"","overlay-opacity":"","overlay-gradient":""},"mobile":{"background-color":"","background-image":"","background-repeat":"repeat","background-position":"center center","background-size":"auto","background-attachment":"scroll","background-type":"","background-media":"","overlay-type":"","overlay-color":"","overlay-opacity":"","overlay-gradient":""}},"ast-content-background-meta":{"desktop":{"background-color":"var(--ast-global-color-5)","background-image":"","background-repeat":"repeat","background-position":"center center","background-size":"auto","background-attachment":"scroll","background-type":"","background-media":"","overlay-type":"","overlay-color":"","overlay-opacity":"","overlay-gradient":""},"tablet":{"background-color":"var(--ast-global-color-5)","background-image":"","background-repeat":"repeat","background-position":"center center","background-size":"auto","background-attachment":"scroll","background-type":"","background-media":"","overlay-type":"","overlay-color":"","overlay-opacity":"","overlay-gradient":""},"mobile":{"background-color":"var(--ast-global-color-5)","background-image":"","background-repeat":"repeat","background-position":"center center","background-size":"auto","background-attachment":"scroll","background-type":"","background-media":"","overlay-type":"","overlay-color":"","overlay-opacity":"","overlay-gradient":""}},"footnotes":""},"class_list":["post-710","page","type-page","status-publish","has-post-thumbnail","hentry"],"yoast_head":"<!-- This site is optimized with the Yoast SEO plugin v27.3 - https:\/\/yoast.com\/product\/yoast-seo-wordpress\/ -->\n<title>Payment method | The modular shop system<\/title>\n<meta name=\"robots\" content=\"index, follow, max-snippet:-1, max-image-preview:large, max-video-preview:-1\" \/>\n<link rel=\"canonical\" href=\"https:\/\/shop.decoproject.com\/de\/zahlungsmethode\/\" \/>\n<meta property=\"og:locale\" content=\"de_DE\" \/>\n<meta property=\"og:type\" content=\"article\" \/>\n<meta property=\"og:title\" content=\"Payment method | The modular shop system\" \/>\n<meta property=\"og:description\" content=\"Direct bank transfer At DECOFRAME, you have the option to pay for your order via direct bank transfer. This payment [&hellip;]\" \/>\n<meta property=\"og:url\" content=\"https:\/\/shop.decoproject.com\/de\/zahlungsmethode\/\" \/>\n<meta property=\"og:site_name\" content=\"DECOFRAME\" \/>\n<meta property=\"article:modified_time\" content=\"2026-02-10T16:02:23+00:00\" \/>\n<meta property=\"og:image\" content=\"https:\/\/shop.decoproject.com\/wp-content\/uploads\/2025\/06\/3.avif\" \/>\n\t<meta property=\"og:image:width\" content=\"2200\" \/>\n\t<meta property=\"og:image:height\" content=\"500\" \/>\n\t<meta property=\"og:image:type\" content=\"image\/jpeg\" \/>\n<meta name=\"twitter:card\" content=\"summary_large_image\" \/>\n<meta name=\"twitter:label1\" content=\"Gesch\u00e4tzte Lesezeit\" \/>\n\t<meta name=\"twitter:data1\" content=\"1\u00a0Minute\" \/>\n<script type=\"application\/ld+json\" class=\"yoast-schema-graph\">{\"@context\":\"https:\\\/\\\/schema.org\",\"@graph\":[{\"@type\":\"WebPage\",\"@id\":\"https:\\\/\\\/shop.decoproject.com\\\/payment-method\\\/\",\"url\":\"https:\\\/\\\/shop.decoproject.com\\\/payment-method\\\/\",\"name\":\"Payment method | The modular shop system\",\"isPartOf\":{\"@id\":\"https:\\\/\\\/shop.decoproject.com\\\/#website\"},\"primaryImageOfPage\":{\"@id\":\"https:\\\/\\\/shop.decoproject.com\\\/payment-method\\\/#primaryimage\"},\"image\":{\"@id\":\"https:\\\/\\\/shop.decoproject.com\\\/payment-method\\\/#primaryimage\"},\"thumbnailUrl\":\"https:\\\/\\\/shop.decoproject.com\\\/wp-content\\\/uploads\\\/2025\\\/06\\\/3.avif\",\"datePublished\":\"2025-05-14T14:21:46+00:00\",\"dateModified\":\"2026-02-10T16:02:23+00:00\",\"breadcrumb\":{\"@id\":\"https:\\\/\\\/shop.decoproject.com\\\/payment-method\\\/#breadcrumb\"},\"inLanguage\":\"de\",\"potentialAction\":[{\"@type\":\"ReadAction\",\"target\":[\"https:\\\/\\\/shop.decoproject.com\\\/payment-method\\\/\"]}]},{\"@type\":\"ImageObject\",\"inLanguage\":\"de\",\"@id\":\"https:\\\/\\\/shop.decoproject.com\\\/payment-method\\\/#primaryimage\",\"url\":\"https:\\\/\\\/shop.decoproject.com\\\/wp-content\\\/uploads\\\/2025\\\/06\\\/3.avif\",\"contentUrl\":\"https:\\\/\\\/shop.decoproject.com\\\/wp-content\\\/uploads\\\/2025\\\/06\\\/3.avif\",\"width\":2200,\"height\":500},{\"@type\":\"BreadcrumbList\",\"@id\":\"https:\\\/\\\/shop.decoproject.com\\\/payment-method\\\/#breadcrumb\",\"itemListElement\":[{\"@type\":\"ListItem\",\"position\":1,\"name\":\"Home\",\"item\":\"https:\\\/\\\/shop.decoproject.com\\\/\"},{\"@type\":\"ListItem\",\"position\":2,\"name\":\"Payment method\"}]},{\"@type\":\"WebSite\",\"@id\":\"https:\\\/\\\/shop.decoproject.com\\\/#website\",\"url\":\"https:\\\/\\\/shop.decoproject.com\\\/\",\"name\":\"Decoframe\",\"description\":\"The modular shop system\",\"publisher\":{\"@id\":\"https:\\\/\\\/shop.decoproject.com\\\/#organization\"},\"alternateName\":\"DF\",\"potentialAction\":[{\"@type\":\"SearchAction\",\"target\":{\"@type\":\"EntryPoint\",\"urlTemplate\":\"https:\\\/\\\/shop.decoproject.com\\\/?s={search_term_string}\"},\"query-input\":{\"@type\":\"PropertyValueSpecification\",\"valueRequired\":true,\"valueName\":\"search_term_string\"}}],\"inLanguage\":\"de\"},{\"@type\":\"Organization\",\"@id\":\"https:\\\/\\\/shop.decoproject.com\\\/#organization\",\"name\":\"Decoframe\",\"alternateName\":\"DF\",\"url\":\"https:\\\/\\\/shop.decoproject.com\\\/\",\"logo\":{\"@type\":\"ImageObject\",\"inLanguage\":\"de\",\"@id\":\"https:\\\/\\\/shop.decoproject.com\\\/#\\\/schema\\\/logo\\\/image\\\/\",\"url\":\"https:\\\/\\\/shop.decoproject.com\\\/wp-content\\\/uploads\\\/2025\\\/05\\\/Favicon_Tekengebied-1-scaled.avif\",\"contentUrl\":\"https:\\\/\\\/shop.decoproject.com\\\/wp-content\\\/uploads\\\/2025\\\/05\\\/Favicon_Tekengebied-1-scaled.avif\",\"width\":2560,\"height\":2560,\"caption\":\"Decoframe\"},\"image\":{\"@id\":\"https:\\\/\\\/shop.decoproject.com\\\/#\\\/schema\\\/logo\\\/image\\\/\"}}]}<\/script>\n<!-- \/ Yoast SEO plugin. -->","yoast_head_json":{"title":"Payment method | The modular shop system","robots":{"index":"index","follow":"follow","max-snippet":"max-snippet:-1","max-image-preview":"max-image-preview:large","max-video-preview":"max-video-preview:-1"},"canonical":"https:\/\/shop.decoproject.com\/de\/zahlungsmethode\/","og_locale":"de_DE","og_type":"article","og_title":"Payment method | The modular shop system","og_description":"Direct bank transfer At DECOFRAME, you have the option to pay for your order via direct bank transfer. This payment [&hellip;]","og_url":"https:\/\/shop.decoproject.com\/de\/zahlungsmethode\/","og_site_name":"DECOFRAME","article_modified_time":"2026-02-10T16:02:23+00:00","og_image":[{"width":2200,"height":500,"url":"https:\/\/shop.decoproject.com\/wp-content\/uploads\/2025\/06\/3.avif","type":"image\/jpeg"}],"twitter_card":"summary_large_image","twitter_misc":{"Gesch\u00e4tzte Lesezeit":"1\u00a0Minute"},"schema":{"@context":"https:\/\/schema.org","@graph":[{"@type":"WebPage","@id":"https:\/\/shop.decoproject.com\/payment-method\/","url":"https:\/\/shop.decoproject.com\/payment-method\/","name":"Payment method | The modular shop system","isPartOf":{"@id":"https:\/\/shop.decoproject.com\/#website"},"primaryImageOfPage":{"@id":"https:\/\/shop.decoproject.com\/payment-method\/#primaryimage"},"image":{"@id":"https:\/\/shop.decoproject.com\/payment-method\/#primaryimage"},"thumbnailUrl":"https:\/\/shop.decoproject.com\/wp-content\/uploads\/2025\/06\/3.avif","datePublished":"2025-05-14T14:21:46+00:00","dateModified":"2026-02-10T16:02:23+00:00","breadcrumb":{"@id":"https:\/\/shop.decoproject.com\/payment-method\/#breadcrumb"},"inLanguage":"de","potentialAction":[{"@type":"ReadAction","target":["https:\/\/shop.decoproject.com\/payment-method\/"]}]},{"@type":"ImageObject","inLanguage":"de","@id":"https:\/\/shop.decoproject.com\/payment-method\/#primaryimage","url":"https:\/\/shop.decoproject.com\/wp-content\/uploads\/2025\/06\/3.avif","contentUrl":"https:\/\/shop.decoproject.com\/wp-content\/uploads\/2025\/06\/3.avif","width":2200,"height":500},{"@type":"BreadcrumbList","@id":"https:\/\/shop.decoproject.com\/payment-method\/#breadcrumb","itemListElement":[{"@type":"ListItem","position":1,"name":"Home","item":"https:\/\/shop.decoproject.com\/"},{"@type":"ListItem","position":2,"name":"Payment method"}]},{"@type":"WebSite","@id":"https:\/\/shop.decoproject.com\/#website","url":"https:\/\/shop.decoproject.com\/","name":"Decoframe","description":"Das modulare Ladensystem","publisher":{"@id":"https:\/\/shop.decoproject.com\/#organization"},"alternateName":"DF","potentialAction":[{"@type":"SearchAction","target":{"@type":"EntryPoint","urlTemplate":"https:\/\/shop.decoproject.com\/?s={search_term_string}"},"query-input":{"@type":"PropertyValueSpecification","valueRequired":true,"valueName":"search_term_string"}}],"inLanguage":"de"},{"@type":"Organization","@id":"https:\/\/shop.decoproject.com\/#organization","name":"Decoframe","alternateName":"DF","url":"https:\/\/shop.decoproject.com\/","logo":{"@type":"ImageObject","inLanguage":"de","@id":"https:\/\/shop.decoproject.com\/#\/schema\/logo\/image\/","url":"https:\/\/shop.decoproject.com\/wp-content\/uploads\/2025\/05\/Favicon_Tekengebied-1-scaled.avif","contentUrl":"https:\/\/shop.decoproject.com\/wp-content\/uploads\/2025\/05\/Favicon_Tekengebied-1-scaled.avif","width":2560,"height":2560,"caption":"Decoframe"},"image":{"@id":"https:\/\/shop.decoproject.com\/#\/schema\/logo\/image\/"}}]}},"uagb_featured_image_src":{"full":["https:\/\/shop.decoproject.com\/wp-content\/uploads\/2025\/06\/3.avif",2200,500,false],"thumbnail":["https:\/\/shop.decoproject.com\/wp-content\/uploads\/2025\/06\/3-150x150.webp",150,150,true],"medium":["https:\/\/shop.decoproject.com\/wp-content\/uploads\/2025\/06\/3-300x68.webp",300,68,true],"medium_large":["https:\/\/shop.decoproject.com\/wp-content\/uploads\/2025\/06\/3-768x175.webp",768,175,true],"large":["https:\/\/shop.decoproject.com\/wp-content\/uploads\/2025\/06\/3-1024x233.webp",1024,233,true],"1536x1536":["https:\/\/shop.decoproject.com\/wp-content\/uploads\/2025\/06\/3-1536x349.webp",1536,349,true],"2048x2048":["https:\/\/shop.decoproject.com\/wp-content\/uploads\/2025\/06\/3-2048x465.webp",2048,465,true],"trp-custom-language-flag":["https:\/\/shop.decoproject.com\/wp-content\/uploads\/2025\/06\/3.avif",18,4,false],"woocommerce_thumbnail":["https:\/\/shop.decoproject.com\/wp-content\/uploads\/2025\/06\/3-750x500.avif",750,500,true],"woocommerce_single":["https:\/\/shop.decoproject.com\/wp-content\/uploads\/2025\/06\/3-750x170.avif",750,170,true],"woocommerce_gallery_thumbnail":["https:\/\/shop.decoproject.com\/wp-content\/uploads\/2025\/06\/3-100x100.avif",100,100,true]},"uagb_author_info":{"display_name":"beheerder","author_link":"https:\/\/shop.decoproject.com\/de\/author\/beheerder\/"},"uagb_comment_info":0,"uagb_excerpt":"Direct bank transfer At DECOFRAME, you have the option to pay for your order via direct bank transfer. This payment [&hellip;]","_links":{"self":[{"href":"https:\/\/shop.decoproject.com\/de\/wp-json\/wp\/v2\/pages\/710","targetHints":{"allow":["GET"]}}],"collection":[{"href":"https:\/\/shop.decoproject.com\/de\/wp-json\/wp\/v2\/pages"}],"about":[{"href":"https:\/\/shop.decoproject.com\/de\/wp-json\/wp\/v2\/types\/page"}],"author":[{"embeddable":true,"href":"https:\/\/shop.decoproject.com\/de\/wp-json\/wp\/v2\/users\/1"}],"replies":[{"embeddable":true,"href":"https:\/\/shop.decoproject.com\/de\/wp-json\/wp\/v2\/comments?post=710"}],"version-history":[{"count":7,"href":"https:\/\/shop.decoproject.com\/de\/wp-json\/wp\/v2\/pages\/710\/revisions"}],"predecessor-version":[{"id":4246,"href":"https:\/\/shop.decoproject.com\/de\/wp-json\/wp\/v2\/pages\/710\/revisions\/4246"}],"wp:featuredmedia":[{"embeddable":true,"href":"https:\/\/shop.decoproject.com\/de\/wp-json\/wp\/v2\/media\/1011"}],"wp:attachment":[{"href":"https:\/\/shop.decoproject.com\/de\/wp-json\/wp\/v2\/media?parent=710"}],"curies":[{"name":"wp","href":"https:\/\/api.w.org\/{rel}","templated":true}]}}