{"id":3539,"date":"2026-01-16T07:49:13","date_gmt":"2026-01-16T07:49:13","guid":{"rendered":"https:\/\/shop.decoproject.com\/?post_type=product&#038;p=3539"},"modified":"2026-03-05T13:43:50","modified_gmt":"2026-03-05T13:43:50","slug":"poggio-large-2","status":"publish","type":"product","link":"https:\/\/shop.decoproject.com\/de\/product\/poggio-large-2\/","title":{"rendered":"Poggio Large"},"content":{"rendered":"<p>Poggio Large ist ein 3M breiter Grundrahmen mit einer H\u00f6he von 1404 mm, der speziell f\u00fcr die Pr\u00e4sentation von Lastenr\u00e4dern entwickelt wurde. Die robuste Konstruktion erm\u00f6glicht die Pr\u00e4sentation von einem oder zwei Lastenr\u00e4dern auf zwei Ebenen und sorgt so f\u00fcr eine \u00fcbersichtliche und eindrucksvolle Ausstellung im Showroom.<\/p>\n<p>Made from recycled steel, Poggio Large offers a durable and sustainable display solution. The frame can be positioned against a wall or used as a midshop display and is equipped with adjustable feet to ensure stability and precise levelling, even under heavy loads.<\/p>","protected":false},"excerpt":{"rendered":"<ul>\n<li>3M breiter Rahmen zur Pr\u00e4sentation von einem oder zwei Lastenr\u00e4dern<\/li>\n<li>Geeignet zur Wandaufstellung oder f\u00fcr den Einsatz im Mittelraum des Gesch\u00e4fts<\/li>\n<li>Gefertigt aus recyceltem Stahl und mit verstellbaren F\u00fc\u00dfen zur Gew\u00e4hrleistung der Stabilit\u00e4t ausgestattet<\/li>\n<\/ul>","protected":false},"featured_media":3579,"template":"","meta":{"_uag_custom_page_level_css":"","site-sidebar-layout":"default","site-content-layout":"","ast-site-content-layout":"default","site-content-style":"default","site-sidebar-style":"default","ast-global-header-display":"","ast-banner-title-visibility":"","ast-main-header-display":"","ast-hfb-above-header-display":"","ast-hfb-below-header-display":"","ast-hfb-mobile-header-display":"","site-post-title":"","ast-breadcrumbs-content":"","ast-featured-img":"","footer-sml-layout":"","ast-disable-related-posts":"","theme-transparent-header-meta":"default","adv-header-id-meta":"","stick-header-meta":"","header-above-stick-meta":"","header-main-stick-meta":"","header-below-stick-meta":"","astra-migrate-meta-layouts":"set","ast-page-background-enabled":"default","ast-page-background-meta":{"desktop":{"background-color":"var(--ast-global-color-4)","background-image":"","background-repeat":"repeat","background-position":"center center","background-size":"auto","background-attachment":"scroll","background-type":"","background-media":"","overlay-type":"","overlay-color":"","overlay-opacity":"","overlay-gradient":""},"tablet":{"background-color":"","background-image":"","background-repeat":"repeat","background-position":"center center","background-size":"auto","background-attachment":"scroll","background-type":"","background-media":"","overlay-type":"","overlay-color":"","overlay-opacity":"","overlay-gradient":""},"mobile":{"background-color":"","background-image":"","background-repeat":"repeat","background-position":"center center","background-size":"auto","background-attachment":"scroll","background-type":"","background-media":"","overlay-type":"","overlay-color":"","overlay-opacity":"","overlay-gradient":""}},"ast-content-background-meta":{"desktop":{"background-color":"var(--ast-global-color-5)","background-image":"","background-repeat":"repeat","background-position":"center center","background-size":"auto","background-attachment":"scroll","background-type":"","background-media":"","overlay-type":"","overlay-color":"","overlay-opacity":"","overlay-gradient":""},"tablet":{"background-color":"var(--ast-global-color-5)","background-image":"","background-repeat":"repeat","background-position":"center center","background-size":"auto","background-attachment":"scroll","background-type":"","background-media":"","overlay-type":"","overlay-color":"","overlay-opacity":"","overlay-gradient":""},"mobile":{"background-color":"var(--ast-global-color-5)","background-image":"","background-repeat":"repeat","background-position":"center center","background-size":"auto","background-attachment":"scroll","background-type":"","background-media":"","overlay-type":"","overlay-color":"","overlay-opacity":"","overlay-gradient":""}}},"product_brand":[211],"product_cat":[85],"product_tag":[183],"class_list":{"0":"post-3539","1":"product","2":"type-product","3":"status-publish","4":"has-post-thumbnail","6":"product_brand-decoframe-poggio","7":"product_cat-cargo-bike-presentation","8":"product_tag-customize-it","9":"desktop-align-left","10":"tablet-align-left","11":"mobile-align-left","13":"first","14":"instock","15":"taxable","16":"shipping-taxable","17":"purchasable","18":"product-type-variable","19":"has-default-attributes"},"yoast_head":"<!-- This site is optimized with the Yoast SEO plugin v27.3 - https:\/\/yoast.com\/product\/yoast-seo-wordpress\/ -->\n<title>Poggio Large | The modular shop system<\/title>\n<meta name=\"description\" content=\"Poggio Large base frame for cargo bike presentation, suitable for displaying one or two cargo bikes on two levels in retail and showroom environments.\" \/>\n<meta name=\"robots\" content=\"index, follow, max-snippet:-1, max-image-preview:large, max-video-preview:-1\" \/>\n<link rel=\"canonical\" href=\"https:\/\/shop.decoproject.com\/de\/produkt\/poggio-large-2\/\" \/>\n<meta property=\"og:locale\" content=\"de_DE\" \/>\n<meta property=\"og:type\" content=\"article\" \/>\n<meta property=\"og:title\" content=\"Poggio Large | The modular shop system\" \/>\n<meta property=\"og:description\" content=\"Poggio Large base frame for cargo bike presentation, suitable for displaying one or two cargo bikes on two levels in retail and showroom environments.\" \/>\n<meta property=\"og:url\" content=\"https:\/\/shop.decoproject.com\/de\/produkt\/poggio-large-2\/\" \/>\n<meta property=\"og:site_name\" content=\"DECOFRAME\" \/>\n<meta property=\"article:modified_time\" content=\"2026-03-05T13:43:50+00:00\" \/>\n<meta property=\"og:image\" content=\"https:\/\/shop.decoproject.com\/wp-content\/uploads\/2026\/01\/Enscape_2026-01-14-11-29-51_3M-130-11-220_Iso.avif\" \/>\n\t<meta property=\"og:image:width\" content=\"750\" \/>\n\t<meta property=\"og:image:height\" content=\"750\" \/>\n\t<meta property=\"og:image:type\" content=\"image\/png\" \/>\n<meta name=\"twitter:card\" content=\"summary_large_image\" \/>\n<meta name=\"twitter:label1\" content=\"Gesch\u00e4tzte Lesezeit\" \/>\n\t<meta name=\"twitter:data1\" content=\"1\u00a0Minute\" \/>\n<script type=\"application\/ld+json\" class=\"yoast-schema-graph\">{\"@context\":\"https:\\\/\\\/schema.org\",\"@graph\":[{\"@type\":\"WebPage\",\"@id\":\"https:\\\/\\\/shop.decoproject.com\\\/product\\\/poggio-large-2\\\/\",\"url\":\"https:\\\/\\\/shop.decoproject.com\\\/product\\\/poggio-large-2\\\/\",\"name\":\"Poggio Large | The modular shop system\",\"isPartOf\":{\"@id\":\"https:\\\/\\\/shop.decoproject.com\\\/#website\"},\"primaryImageOfPage\":{\"@id\":\"https:\\\/\\\/shop.decoproject.com\\\/product\\\/poggio-large-2\\\/#primaryimage\"},\"image\":{\"@id\":\"https:\\\/\\\/shop.decoproject.com\\\/product\\\/poggio-large-2\\\/#primaryimage\"},\"thumbnailUrl\":\"https:\\\/\\\/shop.decoproject.com\\\/wp-content\\\/uploads\\\/2026\\\/01\\\/Enscape_2026-01-14-11-29-51_3M-130-11-220_Iso.avif\",\"datePublished\":\"2026-01-16T07:49:13+00:00\",\"dateModified\":\"2026-03-05T13:43:50+00:00\",\"description\":\"Poggio Large base frame for cargo bike presentation, suitable for displaying one or two cargo bikes on two levels in retail and showroom environments.\",\"breadcrumb\":{\"@id\":\"https:\\\/\\\/shop.decoproject.com\\\/product\\\/poggio-large-2\\\/#breadcrumb\"},\"inLanguage\":\"de\",\"potentialAction\":[{\"@type\":\"ReadAction\",\"target\":[\"https:\\\/\\\/shop.decoproject.com\\\/product\\\/poggio-large-2\\\/\"]}]},{\"@type\":\"ImageObject\",\"inLanguage\":\"de\",\"@id\":\"https:\\\/\\\/shop.decoproject.com\\\/product\\\/poggio-large-2\\\/#primaryimage\",\"url\":\"https:\\\/\\\/shop.decoproject.com\\\/wp-content\\\/uploads\\\/2026\\\/01\\\/Enscape_2026-01-14-11-29-51_3M-130-11-220_Iso.avif\",\"contentUrl\":\"https:\\\/\\\/shop.decoproject.com\\\/wp-content\\\/uploads\\\/2026\\\/01\\\/Enscape_2026-01-14-11-29-51_3M-130-11-220_Iso.avif\",\"width\":750,\"height\":750},{\"@type\":\"BreadcrumbList\",\"@id\":\"https:\\\/\\\/shop.decoproject.com\\\/product\\\/poggio-large-2\\\/#breadcrumb\",\"itemListElement\":[{\"@type\":\"ListItem\",\"position\":1,\"name\":\"Home\",\"item\":\"https:\\\/\\\/shop.decoproject.com\\\/\"},{\"@type\":\"ListItem\",\"position\":2,\"name\":\"Shop\",\"item\":\"https:\\\/\\\/shop.decoproject.com\\\/shop\\\/\"},{\"@type\":\"ListItem\",\"position\":3,\"name\":\"Poggio Large\"}]},{\"@type\":\"WebSite\",\"@id\":\"https:\\\/\\\/shop.decoproject.com\\\/#website\",\"url\":\"https:\\\/\\\/shop.decoproject.com\\\/\",\"name\":\"Decoframe\",\"description\":\"The modular shop system\",\"publisher\":{\"@id\":\"https:\\\/\\\/shop.decoproject.com\\\/#organization\"},\"alternateName\":\"DF\",\"potentialAction\":[{\"@type\":\"SearchAction\",\"target\":{\"@type\":\"EntryPoint\",\"urlTemplate\":\"https:\\\/\\\/shop.decoproject.com\\\/?s={search_term_string}\"},\"query-input\":{\"@type\":\"PropertyValueSpecification\",\"valueRequired\":true,\"valueName\":\"search_term_string\"}}],\"inLanguage\":\"de\"},{\"@type\":\"Organization\",\"@id\":\"https:\\\/\\\/shop.decoproject.com\\\/#organization\",\"name\":\"Decoframe\",\"alternateName\":\"DF\",\"url\":\"https:\\\/\\\/shop.decoproject.com\\\/\",\"logo\":{\"@type\":\"ImageObject\",\"inLanguage\":\"de\",\"@id\":\"https:\\\/\\\/shop.decoproject.com\\\/#\\\/schema\\\/logo\\\/image\\\/\",\"url\":\"https:\\\/\\\/shop.decoproject.com\\\/wp-content\\\/uploads\\\/2025\\\/05\\\/Favicon_Tekengebied-1-scaled.avif\",\"contentUrl\":\"https:\\\/\\\/shop.decoproject.com\\\/wp-content\\\/uploads\\\/2025\\\/05\\\/Favicon_Tekengebied-1-scaled.avif\",\"width\":2560,\"height\":2560,\"caption\":\"Decoframe\"},\"image\":{\"@id\":\"https:\\\/\\\/shop.decoproject.com\\\/#\\\/schema\\\/logo\\\/image\\\/\"}}]}<\/script>\n<!-- \/ Yoast SEO plugin. -->","yoast_head_json":{"title":"Poggio Large | The modular shop system","description":"Poggio Large base frame for cargo bike presentation, suitable for displaying one or two cargo bikes on two levels in retail and showroom environments.","robots":{"index":"index","follow":"follow","max-snippet":"max-snippet:-1","max-image-preview":"max-image-preview:large","max-video-preview":"max-video-preview:-1"},"canonical":"https:\/\/shop.decoproject.com\/de\/produkt\/poggio-large-2\/","og_locale":"de_DE","og_type":"article","og_title":"Poggio Large | The modular shop system","og_description":"Poggio Large base frame for cargo bike presentation, suitable for displaying one or two cargo bikes on two levels in retail and showroom environments.","og_url":"https:\/\/shop.decoproject.com\/de\/produkt\/poggio-large-2\/","og_site_name":"DECOFRAME","article_modified_time":"2026-03-05T13:43:50+00:00","og_image":[{"width":750,"height":750,"url":"https:\/\/shop.decoproject.com\/wp-content\/uploads\/2026\/01\/Enscape_2026-01-14-11-29-51_3M-130-11-220_Iso.avif","type":"image\/png"}],"twitter_card":"summary_large_image","twitter_misc":{"Gesch\u00e4tzte Lesezeit":"1\u00a0Minute"},"schema":{"@context":"https:\/\/schema.org","@graph":[{"@type":"WebPage","@id":"https:\/\/shop.decoproject.com\/product\/poggio-large-2\/","url":"https:\/\/shop.decoproject.com\/product\/poggio-large-2\/","name":"Poggio Large | The modular shop system","isPartOf":{"@id":"https:\/\/shop.decoproject.com\/#website"},"primaryImageOfPage":{"@id":"https:\/\/shop.decoproject.com\/product\/poggio-large-2\/#primaryimage"},"image":{"@id":"https:\/\/shop.decoproject.com\/product\/poggio-large-2\/#primaryimage"},"thumbnailUrl":"https:\/\/shop.decoproject.com\/wp-content\/uploads\/2026\/01\/Enscape_2026-01-14-11-29-51_3M-130-11-220_Iso.avif","datePublished":"2026-01-16T07:49:13+00:00","dateModified":"2026-03-05T13:43:50+00:00","description":"Poggio Large base frame for cargo bike presentation, suitable for displaying one or two cargo bikes on two levels in retail and showroom environments.","breadcrumb":{"@id":"https:\/\/shop.decoproject.com\/product\/poggio-large-2\/#breadcrumb"},"inLanguage":"de","potentialAction":[{"@type":"ReadAction","target":["https:\/\/shop.decoproject.com\/product\/poggio-large-2\/"]}]},{"@type":"ImageObject","inLanguage":"de","@id":"https:\/\/shop.decoproject.com\/product\/poggio-large-2\/#primaryimage","url":"https:\/\/shop.decoproject.com\/wp-content\/uploads\/2026\/01\/Enscape_2026-01-14-11-29-51_3M-130-11-220_Iso.avif","contentUrl":"https:\/\/shop.decoproject.com\/wp-content\/uploads\/2026\/01\/Enscape_2026-01-14-11-29-51_3M-130-11-220_Iso.avif","width":750,"height":750},{"@type":"BreadcrumbList","@id":"https:\/\/shop.decoproject.com\/product\/poggio-large-2\/#breadcrumb","itemListElement":[{"@type":"ListItem","position":1,"name":"Home","item":"https:\/\/shop.decoproject.com\/"},{"@type":"ListItem","position":2,"name":"Shop","item":"https:\/\/shop.decoproject.com\/shop\/"},{"@type":"ListItem","position":3,"name":"Poggio Large"}]},{"@type":"WebSite","@id":"https:\/\/shop.decoproject.com\/#website","url":"https:\/\/shop.decoproject.com\/","name":"Decoframe","description":"Das modulare Ladensystem","publisher":{"@id":"https:\/\/shop.decoproject.com\/#organization"},"alternateName":"DF","potentialAction":[{"@type":"SearchAction","target":{"@type":"EntryPoint","urlTemplate":"https:\/\/shop.decoproject.com\/?s={search_term_string}"},"query-input":{"@type":"PropertyValueSpecification","valueRequired":true,"valueName":"search_term_string"}}],"inLanguage":"de"},{"@type":"Organization","@id":"https:\/\/shop.decoproject.com\/#organization","name":"Decoframe","alternateName":"DF","url":"https:\/\/shop.decoproject.com\/","logo":{"@type":"ImageObject","inLanguage":"de","@id":"https:\/\/shop.decoproject.com\/#\/schema\/logo\/image\/","url":"https:\/\/shop.decoproject.com\/wp-content\/uploads\/2025\/05\/Favicon_Tekengebied-1-scaled.avif","contentUrl":"https:\/\/shop.decoproject.com\/wp-content\/uploads\/2025\/05\/Favicon_Tekengebied-1-scaled.avif","width":2560,"height":2560,"caption":"Decoframe"},"image":{"@id":"https:\/\/shop.decoproject.com\/#\/schema\/logo\/image\/"}}]}},"uagb_featured_image_src":{"full":["https:\/\/shop.decoproject.com\/wp-content\/uploads\/2026\/01\/Enscape_2026-01-14-11-29-51_3M-130-11-220_Iso.avif",750,750,false],"thumbnail":["https:\/\/shop.decoproject.com\/wp-content\/uploads\/2026\/01\/Enscape_2026-01-14-11-29-51_3M-130-11-220_Iso.avif",150,150,false],"medium":["https:\/\/shop.decoproject.com\/wp-content\/uploads\/2026\/01\/Enscape_2026-01-14-11-29-51_3M-130-11-220_Iso.avif",300,300,false],"medium_large":["https:\/\/shop.decoproject.com\/wp-content\/uploads\/2026\/01\/Enscape_2026-01-14-11-29-51_3M-130-11-220_Iso.avif",750,750,false],"large":["https:\/\/shop.decoproject.com\/wp-content\/uploads\/2026\/01\/Enscape_2026-01-14-11-29-51_3M-130-11-220_Iso.avif",750,750,false],"1536x1536":["https:\/\/shop.decoproject.com\/wp-content\/uploads\/2026\/01\/Enscape_2026-01-14-11-29-51_3M-130-11-220_Iso.avif",750,750,false],"2048x2048":["https:\/\/shop.decoproject.com\/wp-content\/uploads\/2026\/01\/Enscape_2026-01-14-11-29-51_3M-130-11-220_Iso.avif",750,750,false],"trp-custom-language-flag":["https:\/\/shop.decoproject.com\/wp-content\/uploads\/2026\/01\/Enscape_2026-01-14-11-29-51_3M-130-11-220_Iso.avif",12,12,false],"woocommerce_thumbnail":["https:\/\/shop.decoproject.com\/wp-content\/uploads\/2026\/01\/Enscape_2026-01-14-11-29-51_3M-130-11-220_Iso.avif",750,750,false],"woocommerce_single":["https:\/\/shop.decoproject.com\/wp-content\/uploads\/2026\/01\/Enscape_2026-01-14-11-29-51_3M-130-11-220_Iso.avif",750,750,false],"woocommerce_gallery_thumbnail":["https:\/\/shop.decoproject.com\/wp-content\/uploads\/2026\/01\/Enscape_2026-01-14-11-29-51_3M-130-11-220_Iso-100x100.avif",100,100,true]},"uagb_author_info":{"display_name":"Liza Jolink","author_link":"https:\/\/shop.decoproject.com\/de\/author\/"},"uagb_comment_info":0,"uagb_excerpt":"3M wide base frame for displaying one or two cargo bikes; Suitable for wall placement or midshop use; Made from recycled steel with adjustable feet for stability.","_links":{"self":[{"href":"https:\/\/shop.decoproject.com\/de\/wp-json\/wp\/v2\/product\/3539","targetHints":{"allow":["GET"]}}],"collection":[{"href":"https:\/\/shop.decoproject.com\/de\/wp-json\/wp\/v2\/product"}],"about":[{"href":"https:\/\/shop.decoproject.com\/de\/wp-json\/wp\/v2\/types\/product"}],"wp:featuredmedia":[{"embeddable":true,"href":"https:\/\/shop.decoproject.com\/de\/wp-json\/wp\/v2\/media\/3579"}],"wp:attachment":[{"href":"https:\/\/shop.decoproject.com\/de\/wp-json\/wp\/v2\/media?parent=3539"}],"wp:term":[{"taxonomy":"product_brand","embeddable":true,"href":"https:\/\/shop.decoproject.com\/de\/wp-json\/wp\/v2\/product_brand?post=3539"},{"taxonomy":"product_cat","embeddable":true,"href":"https:\/\/shop.decoproject.com\/de\/wp-json\/wp\/v2\/product_cat?post=3539"},{"taxonomy":"product_tag","embeddable":true,"href":"https:\/\/shop.decoproject.com\/de\/wp-json\/wp\/v2\/product_tag?post=3539"}],"curies":[{"name":"wp","href":"https:\/\/api.w.org\/{rel}","templated":true}]}}