{"id":3583,"date":"2026-01-16T07:56:13","date_gmt":"2026-01-16T07:56:13","guid":{"rendered":"https:\/\/shop.decoproject.com\/?post_type=product&#038;p=3583"},"modified":"2026-03-05T13:43:36","modified_gmt":"2026-03-05T13:43:36","slug":"stelvio-large","status":"publish","type":"product","link":"https:\/\/shop.decoproject.com\/de\/product\/stelvio-large\/","title":{"rendered":"Stelvio Large"},"content":{"rendered":"<p>Stelvio Large ist ein 3M breiter Grundrahmen mit einer H\u00f6he von 2700 mm, der speziell f\u00fcr die Pr\u00e4sentation von Lastenfahrr\u00e4dern konzipiert wurde. Die hohe und robuste Konstruktion erzeugt eine starke visuelle Wirkung und erm\u00f6glicht zugleich eine klare und professionelle Darstellung der Lastenfahrr\u00e4der im Verkaufsraum.<\/p>\n<p>Gefertigt aus recyceltem Stahl bietet Stelvio Large eine langlebige und nachhaltige Pr\u00e4sentationsl\u00f6sung. Der Rahmen kann sowohl an einer Wand positioniert als auch frei im Verkaufsraum eingesetzt werden und ist mit verstellbaren F\u00fc\u00dfen ausgestattet, um Stabilit\u00e4t sowie eine pr\u00e4zise Ausrichtung auf dem Verkaufsboden zu gew\u00e4hrleisten.<\/p>","protected":false},"excerpt":{"rendered":"<ul>\n<li>3M breiter, 2700 mm hoher Grundrahmen zur Pr\u00e4sentation von Lastenfahrr\u00e4dern<\/li>\n<li>Geeignet zur Wandaufstellung oder f\u00fcr den Einsatz im Mittelraum des Gesch\u00e4fts<\/li>\n<li>Gefertigt aus recyceltem Stahl und mit verstellbaren F\u00fc\u00dfen zur Gew\u00e4hrleistung der Stabilit\u00e4t ausgestattet<\/li>\n<\/ul>","protected":false},"featured_media":3698,"template":"","meta":{"_uag_custom_page_level_css":"","site-sidebar-layout":"default","site-content-layout":"","ast-site-content-layout":"default","site-content-style":"default","site-sidebar-style":"default","ast-global-header-display":"","ast-banner-title-visibility":"","ast-main-header-display":"","ast-hfb-above-header-display":"","ast-hfb-below-header-display":"","ast-hfb-mobile-header-display":"","site-post-title":"","ast-breadcrumbs-content":"","ast-featured-img":"","footer-sml-layout":"","ast-disable-related-posts":"","theme-transparent-header-meta":"default","adv-header-id-meta":"","stick-header-meta":"","header-above-stick-meta":"","header-main-stick-meta":"","header-below-stick-meta":"","astra-migrate-meta-layouts":"set","ast-page-background-enabled":"default","ast-page-background-meta":{"desktop":{"background-color":"var(--ast-global-color-4)","background-image":"","background-repeat":"repeat","background-position":"center center","background-size":"auto","background-attachment":"scroll","background-type":"","background-media":"","overlay-type":"","overlay-color":"","overlay-opacity":"","overlay-gradient":""},"tablet":{"background-color":"","background-image":"","background-repeat":"repeat","background-position":"center center","background-size":"auto","background-attachment":"scroll","background-type":"","background-media":"","overlay-type":"","overlay-color":"","overlay-opacity":"","overlay-gradient":""},"mobile":{"background-color":"","background-image":"","background-repeat":"repeat","background-position":"center center","background-size":"auto","background-attachment":"scroll","background-type":"","background-media":"","overlay-type":"","overlay-color":"","overlay-opacity":"","overlay-gradient":""}},"ast-content-background-meta":{"desktop":{"background-color":"var(--ast-global-color-5)","background-image":"","background-repeat":"repeat","background-position":"center center","background-size":"auto","background-attachment":"scroll","background-type":"","background-media":"","overlay-type":"","overlay-color":"","overlay-opacity":"","overlay-gradient":""},"tablet":{"background-color":"var(--ast-global-color-5)","background-image":"","background-repeat":"repeat","background-position":"center center","background-size":"auto","background-attachment":"scroll","background-type":"","background-media":"","overlay-type":"","overlay-color":"","overlay-opacity":"","overlay-gradient":""},"mobile":{"background-color":"var(--ast-global-color-5)","background-image":"","background-repeat":"repeat","background-position":"center center","background-size":"auto","background-attachment":"scroll","background-type":"","background-media":"","overlay-type":"","overlay-color":"","overlay-opacity":"","overlay-gradient":""}}},"product_brand":[209],"product_cat":[85],"product_tag":[183],"class_list":{"0":"post-3583","1":"product","2":"type-product","3":"status-publish","4":"has-post-thumbnail","6":"product_brand-decoframe-stelvio","7":"product_cat-cargo-bike-presentation","8":"product_tag-customize-it","9":"desktop-align-left","10":"tablet-align-left","11":"mobile-align-left","13":"first","14":"instock","15":"taxable","16":"shipping-taxable","17":"purchasable","18":"product-type-variable","19":"has-default-attributes"},"yoast_head":"<!-- This site is optimized with the Yoast SEO plugin v27.3 - https:\/\/yoast.com\/product\/yoast-seo-wordpress\/ -->\n<title>Stelvio Large | The modular shop system<\/title>\n<meta name=\"description\" content=\"Stelvio Large base frame for cargo bike presentation, 3M wide and 2666 mm high, suitable for wall or midshop display with adjustable feet.\" \/>\n<meta name=\"robots\" content=\"index, follow, max-snippet:-1, max-image-preview:large, max-video-preview:-1\" \/>\n<link rel=\"canonical\" href=\"https:\/\/shop.decoproject.com\/de\/produkt\/stelvio-large\/\" \/>\n<meta property=\"og:locale\" content=\"de_DE\" \/>\n<meta property=\"og:type\" content=\"article\" \/>\n<meta property=\"og:title\" content=\"Stelvio Large | The modular shop system\" \/>\n<meta property=\"og:description\" content=\"Stelvio Large base frame for cargo bike presentation, 3M wide and 2666 mm high, suitable for wall or midshop display with adjustable feet.\" \/>\n<meta property=\"og:url\" content=\"https:\/\/shop.decoproject.com\/de\/produkt\/stelvio-large\/\" \/>\n<meta property=\"og:site_name\" content=\"DECOFRAME\" \/>\n<meta property=\"article:modified_time\" content=\"2026-03-05T13:43:36+00:00\" \/>\n<meta property=\"og:image\" content=\"https:\/\/shop.decoproject.com\/wp-content\/uploads\/2026\/01\/3M-260-116-000-Iso.avif\" \/>\n\t<meta property=\"og:image:width\" content=\"750\" \/>\n\t<meta property=\"og:image:height\" content=\"750\" \/>\n\t<meta property=\"og:image:type\" content=\"image\/png\" \/>\n<meta name=\"twitter:card\" content=\"summary_large_image\" \/>\n<meta name=\"twitter:label1\" content=\"Gesch\u00e4tzte Lesezeit\" \/>\n\t<meta name=\"twitter:data1\" content=\"1\u00a0Minute\" \/>\n<script type=\"application\/ld+json\" class=\"yoast-schema-graph\">{\"@context\":\"https:\\\/\\\/schema.org\",\"@graph\":[{\"@type\":\"WebPage\",\"@id\":\"https:\\\/\\\/shop.decoproject.com\\\/product\\\/stelvio-large\\\/\",\"url\":\"https:\\\/\\\/shop.decoproject.com\\\/product\\\/stelvio-large\\\/\",\"name\":\"Stelvio Large | The modular shop system\",\"isPartOf\":{\"@id\":\"https:\\\/\\\/shop.decoproject.com\\\/#website\"},\"primaryImageOfPage\":{\"@id\":\"https:\\\/\\\/shop.decoproject.com\\\/product\\\/stelvio-large\\\/#primaryimage\"},\"image\":{\"@id\":\"https:\\\/\\\/shop.decoproject.com\\\/product\\\/stelvio-large\\\/#primaryimage\"},\"thumbnailUrl\":\"https:\\\/\\\/shop.decoproject.com\\\/wp-content\\\/uploads\\\/2026\\\/01\\\/3M-260-116-000-Iso.avif\",\"datePublished\":\"2026-01-16T07:56:13+00:00\",\"dateModified\":\"2026-03-05T13:43:36+00:00\",\"description\":\"Stelvio Large base frame for cargo bike presentation, 3M wide and 2666 mm high, suitable for wall or midshop display with adjustable feet.\",\"breadcrumb\":{\"@id\":\"https:\\\/\\\/shop.decoproject.com\\\/product\\\/stelvio-large\\\/#breadcrumb\"},\"inLanguage\":\"de\",\"potentialAction\":[{\"@type\":\"ReadAction\",\"target\":[\"https:\\\/\\\/shop.decoproject.com\\\/product\\\/stelvio-large\\\/\"]}]},{\"@type\":\"ImageObject\",\"inLanguage\":\"de\",\"@id\":\"https:\\\/\\\/shop.decoproject.com\\\/product\\\/stelvio-large\\\/#primaryimage\",\"url\":\"https:\\\/\\\/shop.decoproject.com\\\/wp-content\\\/uploads\\\/2026\\\/01\\\/3M-260-116-000-Iso.avif\",\"contentUrl\":\"https:\\\/\\\/shop.decoproject.com\\\/wp-content\\\/uploads\\\/2026\\\/01\\\/3M-260-116-000-Iso.avif\",\"width\":750,\"height\":750},{\"@type\":\"BreadcrumbList\",\"@id\":\"https:\\\/\\\/shop.decoproject.com\\\/product\\\/stelvio-large\\\/#breadcrumb\",\"itemListElement\":[{\"@type\":\"ListItem\",\"position\":1,\"name\":\"Home\",\"item\":\"https:\\\/\\\/shop.decoproject.com\\\/\"},{\"@type\":\"ListItem\",\"position\":2,\"name\":\"Shop\",\"item\":\"https:\\\/\\\/shop.decoproject.com\\\/shop\\\/\"},{\"@type\":\"ListItem\",\"position\":3,\"name\":\"Stelvio Large\"}]},{\"@type\":\"WebSite\",\"@id\":\"https:\\\/\\\/shop.decoproject.com\\\/#website\",\"url\":\"https:\\\/\\\/shop.decoproject.com\\\/\",\"name\":\"Decoframe\",\"description\":\"The modular shop system\",\"publisher\":{\"@id\":\"https:\\\/\\\/shop.decoproject.com\\\/#organization\"},\"alternateName\":\"DF\",\"potentialAction\":[{\"@type\":\"SearchAction\",\"target\":{\"@type\":\"EntryPoint\",\"urlTemplate\":\"https:\\\/\\\/shop.decoproject.com\\\/?s={search_term_string}\"},\"query-input\":{\"@type\":\"PropertyValueSpecification\",\"valueRequired\":true,\"valueName\":\"search_term_string\"}}],\"inLanguage\":\"de\"},{\"@type\":\"Organization\",\"@id\":\"https:\\\/\\\/shop.decoproject.com\\\/#organization\",\"name\":\"Decoframe\",\"alternateName\":\"DF\",\"url\":\"https:\\\/\\\/shop.decoproject.com\\\/\",\"logo\":{\"@type\":\"ImageObject\",\"inLanguage\":\"de\",\"@id\":\"https:\\\/\\\/shop.decoproject.com\\\/#\\\/schema\\\/logo\\\/image\\\/\",\"url\":\"https:\\\/\\\/shop.decoproject.com\\\/wp-content\\\/uploads\\\/2025\\\/05\\\/Favicon_Tekengebied-1-scaled.avif\",\"contentUrl\":\"https:\\\/\\\/shop.decoproject.com\\\/wp-content\\\/uploads\\\/2025\\\/05\\\/Favicon_Tekengebied-1-scaled.avif\",\"width\":2560,\"height\":2560,\"caption\":\"Decoframe\"},\"image\":{\"@id\":\"https:\\\/\\\/shop.decoproject.com\\\/#\\\/schema\\\/logo\\\/image\\\/\"}}]}<\/script>\n<!-- \/ Yoast SEO plugin. -->","yoast_head_json":{"title":"Stelvio Large | The modular shop system","description":"Stelvio Large base frame for cargo bike presentation, 3M wide and 2666 mm high, suitable for wall or midshop display with adjustable feet.","robots":{"index":"index","follow":"follow","max-snippet":"max-snippet:-1","max-image-preview":"max-image-preview:large","max-video-preview":"max-video-preview:-1"},"canonical":"https:\/\/shop.decoproject.com\/de\/produkt\/stelvio-large\/","og_locale":"de_DE","og_type":"article","og_title":"Stelvio Large | The modular shop system","og_description":"Stelvio Large base frame for cargo bike presentation, 3M wide and 2666 mm high, suitable for wall or midshop display with adjustable feet.","og_url":"https:\/\/shop.decoproject.com\/de\/produkt\/stelvio-large\/","og_site_name":"DECOFRAME","article_modified_time":"2026-03-05T13:43:36+00:00","og_image":[{"width":750,"height":750,"url":"https:\/\/shop.decoproject.com\/wp-content\/uploads\/2026\/01\/3M-260-116-000-Iso.avif","type":"image\/png"}],"twitter_card":"summary_large_image","twitter_misc":{"Gesch\u00e4tzte Lesezeit":"1\u00a0Minute"},"schema":{"@context":"https:\/\/schema.org","@graph":[{"@type":"WebPage","@id":"https:\/\/shop.decoproject.com\/product\/stelvio-large\/","url":"https:\/\/shop.decoproject.com\/product\/stelvio-large\/","name":"Stelvio Large | The modular shop system","isPartOf":{"@id":"https:\/\/shop.decoproject.com\/#website"},"primaryImageOfPage":{"@id":"https:\/\/shop.decoproject.com\/product\/stelvio-large\/#primaryimage"},"image":{"@id":"https:\/\/shop.decoproject.com\/product\/stelvio-large\/#primaryimage"},"thumbnailUrl":"https:\/\/shop.decoproject.com\/wp-content\/uploads\/2026\/01\/3M-260-116-000-Iso.avif","datePublished":"2026-01-16T07:56:13+00:00","dateModified":"2026-03-05T13:43:36+00:00","description":"Stelvio Large base frame for cargo bike presentation, 3M wide and 2666 mm high, suitable for wall or midshop display with adjustable feet.","breadcrumb":{"@id":"https:\/\/shop.decoproject.com\/product\/stelvio-large\/#breadcrumb"},"inLanguage":"de","potentialAction":[{"@type":"ReadAction","target":["https:\/\/shop.decoproject.com\/product\/stelvio-large\/"]}]},{"@type":"ImageObject","inLanguage":"de","@id":"https:\/\/shop.decoproject.com\/product\/stelvio-large\/#primaryimage","url":"https:\/\/shop.decoproject.com\/wp-content\/uploads\/2026\/01\/3M-260-116-000-Iso.avif","contentUrl":"https:\/\/shop.decoproject.com\/wp-content\/uploads\/2026\/01\/3M-260-116-000-Iso.avif","width":750,"height":750},{"@type":"BreadcrumbList","@id":"https:\/\/shop.decoproject.com\/product\/stelvio-large\/#breadcrumb","itemListElement":[{"@type":"ListItem","position":1,"name":"Home","item":"https:\/\/shop.decoproject.com\/"},{"@type":"ListItem","position":2,"name":"Shop","item":"https:\/\/shop.decoproject.com\/shop\/"},{"@type":"ListItem","position":3,"name":"Stelvio Large"}]},{"@type":"WebSite","@id":"https:\/\/shop.decoproject.com\/#website","url":"https:\/\/shop.decoproject.com\/","name":"Decoframe","description":"Das modulare Ladensystem","publisher":{"@id":"https:\/\/shop.decoproject.com\/#organization"},"alternateName":"DF","potentialAction":[{"@type":"SearchAction","target":{"@type":"EntryPoint","urlTemplate":"https:\/\/shop.decoproject.com\/?s={search_term_string}"},"query-input":{"@type":"PropertyValueSpecification","valueRequired":true,"valueName":"search_term_string"}}],"inLanguage":"de"},{"@type":"Organization","@id":"https:\/\/shop.decoproject.com\/#organization","name":"Decoframe","alternateName":"DF","url":"https:\/\/shop.decoproject.com\/","logo":{"@type":"ImageObject","inLanguage":"de","@id":"https:\/\/shop.decoproject.com\/#\/schema\/logo\/image\/","url":"https:\/\/shop.decoproject.com\/wp-content\/uploads\/2025\/05\/Favicon_Tekengebied-1-scaled.avif","contentUrl":"https:\/\/shop.decoproject.com\/wp-content\/uploads\/2025\/05\/Favicon_Tekengebied-1-scaled.avif","width":2560,"height":2560,"caption":"Decoframe"},"image":{"@id":"https:\/\/shop.decoproject.com\/#\/schema\/logo\/image\/"}}]}},"uagb_featured_image_src":{"full":["https:\/\/shop.decoproject.com\/wp-content\/uploads\/2026\/01\/3M-260-116-000-Iso.avif",750,750,false],"thumbnail":["https:\/\/shop.decoproject.com\/wp-content\/uploads\/2026\/01\/3M-260-116-000-Iso.avif",150,150,false],"medium":["https:\/\/shop.decoproject.com\/wp-content\/uploads\/2026\/01\/3M-260-116-000-Iso.avif",300,300,false],"medium_large":["https:\/\/shop.decoproject.com\/wp-content\/uploads\/2026\/01\/3M-260-116-000-Iso.avif",750,750,false],"large":["https:\/\/shop.decoproject.com\/wp-content\/uploads\/2026\/01\/3M-260-116-000-Iso.avif",750,750,false],"1536x1536":["https:\/\/shop.decoproject.com\/wp-content\/uploads\/2026\/01\/3M-260-116-000-Iso.avif",750,750,false],"2048x2048":["https:\/\/shop.decoproject.com\/wp-content\/uploads\/2026\/01\/3M-260-116-000-Iso.avif",750,750,false],"trp-custom-language-flag":["https:\/\/shop.decoproject.com\/wp-content\/uploads\/2026\/01\/3M-260-116-000-Iso.avif",12,12,false],"woocommerce_thumbnail":["https:\/\/shop.decoproject.com\/wp-content\/uploads\/2026\/01\/3M-260-116-000-Iso.avif",750,750,false],"woocommerce_single":["https:\/\/shop.decoproject.com\/wp-content\/uploads\/2026\/01\/3M-260-116-000-Iso.avif",750,750,false],"woocommerce_gallery_thumbnail":["https:\/\/shop.decoproject.com\/wp-content\/uploads\/2026\/01\/3M-260-116-000-Iso-100x100.avif",100,100,true]},"uagb_author_info":{"display_name":"Liza Jolink","author_link":"https:\/\/shop.decoproject.com\/de\/author\/"},"uagb_comment_info":0,"uagb_excerpt":"3M wide, 2700 mm high base frame for cargo bike presentation; Suitable for wall placement or midshop use; Made from recycled steel with adjustable feet for stability.","_links":{"self":[{"href":"https:\/\/shop.decoproject.com\/de\/wp-json\/wp\/v2\/product\/3583","targetHints":{"allow":["GET"]}}],"collection":[{"href":"https:\/\/shop.decoproject.com\/de\/wp-json\/wp\/v2\/product"}],"about":[{"href":"https:\/\/shop.decoproject.com\/de\/wp-json\/wp\/v2\/types\/product"}],"wp:featuredmedia":[{"embeddable":true,"href":"https:\/\/shop.decoproject.com\/de\/wp-json\/wp\/v2\/media\/3698"}],"wp:attachment":[{"href":"https:\/\/shop.decoproject.com\/de\/wp-json\/wp\/v2\/media?parent=3583"}],"wp:term":[{"taxonomy":"product_brand","embeddable":true,"href":"https:\/\/shop.decoproject.com\/de\/wp-json\/wp\/v2\/product_brand?post=3583"},{"taxonomy":"product_cat","embeddable":true,"href":"https:\/\/shop.decoproject.com\/de\/wp-json\/wp\/v2\/product_cat?post=3583"},{"taxonomy":"product_tag","embeddable":true,"href":"https:\/\/shop.decoproject.com\/de\/wp-json\/wp\/v2\/product_tag?post=3583"}],"curies":[{"name":"wp","href":"https:\/\/api.w.org\/{rel}","templated":true}]}}