{"id":3610,"date":"2026-01-16T08:25:56","date_gmt":"2026-01-16T08:25:56","guid":{"rendered":"https:\/\/shop.decoproject.com\/?post_type=product&#038;p=3610"},"modified":"2026-03-19T10:42:50","modified_gmt":"2026-03-19T10:42:50","slug":"low-cargo-bike-podium","status":"publish","type":"product","link":"https:\/\/shop.decoproject.com\/de\/product\/low-cargo-bike-podium\/","title":{"rendered":"Low Cargo Bike Podium"},"content":{"rendered":"<p>Das Low Cargo Bike Podium ist ein 3 m breiter Grundrahmen mit einer H\u00f6he von 200\u2013250 mm, der f\u00fcr die Pr\u00e4sentation eines Lastenfahrrads auf einer niedrigeren und leichter zug\u00e4nglichen Ebene konzipiert wurde. Das niedrige Design sorgt f\u00fcr eine klare und zur\u00fcckhaltende Darstellung, w\u00e4hrend das Fahrrad dennoch deutlich hervorgehoben wird.<\/p>\n<p>Das Podest unterst\u00fctzt mehrstufige Produktpr\u00e4sentationen und erm\u00f6glicht die Platzierung von Plattformen auf vier unterschiedlichen H\u00f6henebenen. Zudem kann es mit einem Pflanzgef\u00e4\u00df oder einem Schrank ausgestattet werden, sodass Einzelh\u00e4ndler die Pr\u00e4sentation von Lastenfahrr\u00e4dern mit gestalterischen Elementen oder funktionalem Stauraum kombinieren k\u00f6nnen. Verstellbare F\u00fc\u00dfe gew\u00e4hrleisten Stabilit\u00e4t sowie eine pr\u00e4zise Nivellierung auf der Verkaufsfl\u00e4che.<\/p>","protected":false},"excerpt":{"rendered":"<ul>\n<li>3M breites, niedriges Podest zur Pr\u00e4sentation von Lastenfahrr\u00e4dern<\/li>\n<li>Erm\u00f6glicht mehrstufige Pr\u00e4sentationen mit optionalem Pflanzgef\u00e4\u00df oder Schrank<\/li>\n<li>Ausgestattet mit verstellbaren F\u00fc\u00dfen f\u00fcr eine stabile und ebene Installation<\/li>\n<\/ul>","protected":false},"featured_media":3622,"template":"","meta":{"_uag_custom_page_level_css":"","site-sidebar-layout":"default","site-content-layout":"","ast-site-content-layout":"default","site-content-style":"default","site-sidebar-style":"default","ast-global-header-display":"","ast-banner-title-visibility":"","ast-main-header-display":"","ast-hfb-above-header-display":"","ast-hfb-below-header-display":"","ast-hfb-mobile-header-display":"","site-post-title":"","ast-breadcrumbs-content":"","ast-featured-img":"","footer-sml-layout":"","ast-disable-related-posts":"","theme-transparent-header-meta":"default","adv-header-id-meta":"","stick-header-meta":"","header-above-stick-meta":"","header-main-stick-meta":"","header-below-stick-meta":"","astra-migrate-meta-layouts":"set","ast-page-background-enabled":"default","ast-page-background-meta":{"desktop":{"background-color":"var(--ast-global-color-4)","background-image":"","background-repeat":"repeat","background-position":"center center","background-size":"auto","background-attachment":"scroll","background-type":"","background-media":"","overlay-type":"","overlay-color":"","overlay-opacity":"","overlay-gradient":""},"tablet":{"background-color":"","background-image":"","background-repeat":"repeat","background-position":"center center","background-size":"auto","background-attachment":"scroll","background-type":"","background-media":"","overlay-type":"","overlay-color":"","overlay-opacity":"","overlay-gradient":""},"mobile":{"background-color":"","background-image":"","background-repeat":"repeat","background-position":"center center","background-size":"auto","background-attachment":"scroll","background-type":"","background-media":"","overlay-type":"","overlay-color":"","overlay-opacity":"","overlay-gradient":""}},"ast-content-background-meta":{"desktop":{"background-color":"var(--ast-global-color-5)","background-image":"","background-repeat":"repeat","background-position":"center center","background-size":"auto","background-attachment":"scroll","background-type":"","background-media":"","overlay-type":"","overlay-color":"","overlay-opacity":"","overlay-gradient":""},"tablet":{"background-color":"var(--ast-global-color-5)","background-image":"","background-repeat":"repeat","background-position":"center center","background-size":"auto","background-attachment":"scroll","background-type":"","background-media":"","overlay-type":"","overlay-color":"","overlay-opacity":"","overlay-gradient":""},"mobile":{"background-color":"var(--ast-global-color-5)","background-image":"","background-repeat":"repeat","background-position":"center center","background-size":"auto","background-attachment":"scroll","background-type":"","background-media":"","overlay-type":"","overlay-color":"","overlay-opacity":"","overlay-gradient":""}}},"product_brand":[229],"product_cat":[85],"product_tag":[183],"class_list":{"0":"post-3610","1":"product","2":"type-product","3":"status-publish","4":"has-post-thumbnail","6":"product_brand-decoframe-podium","7":"product_cat-cargo-bike-presentation","8":"product_tag-customize-it","9":"desktop-align-left","10":"tablet-align-left","11":"mobile-align-left","13":"first","14":"instock","15":"taxable","16":"shipping-taxable","17":"purchasable","18":"product-type-variable","19":"has-default-attributes"},"yoast_head":"<!-- This site is optimized with the Yoast SEO plugin v27.3 - https:\/\/yoast.com\/product\/yoast-seo-wordpress\/ -->\n<title>Low Cargo Bike Podium | The modular shop system<\/title>\n<meta name=\"description\" content=\"Low Cargo Bike Podium for cargo bike presentation, featuring a low-profile design, multi-level display options and adjustable feet for stability.\" \/>\n<meta name=\"robots\" content=\"index, follow, max-snippet:-1, max-image-preview:large, max-video-preview:-1\" \/>\n<link rel=\"canonical\" href=\"https:\/\/shop.decoproject.com\/de\/produkt\/low-cargo-bike-podium\/\" \/>\n<meta property=\"og:locale\" content=\"de_DE\" \/>\n<meta property=\"og:type\" content=\"article\" \/>\n<meta property=\"og:title\" content=\"Low Cargo Bike Podium | The modular shop system\" \/>\n<meta property=\"og:description\" content=\"Low Cargo Bike Podium for cargo bike presentation, featuring a low-profile design, multi-level display options and adjustable feet for stability.\" \/>\n<meta property=\"og:url\" content=\"https:\/\/shop.decoproject.com\/de\/produkt\/low-cargo-bike-podium\/\" \/>\n<meta property=\"og:site_name\" content=\"DECOFRAME\" \/>\n<meta property=\"article:modified_time\" content=\"2026-03-19T10:42:50+00:00\" \/>\n<meta property=\"og:image\" content=\"https:\/\/shop.decoproject.com\/wp-content\/uploads\/2026\/01\/Enscape_2025-12-17-15-08-14_3M-170-11-100_Iso.avif\" \/>\n\t<meta property=\"og:image:width\" content=\"750\" \/>\n\t<meta property=\"og:image:height\" content=\"750\" \/>\n\t<meta property=\"og:image:type\" content=\"image\/png\" \/>\n<meta name=\"twitter:card\" content=\"summary_large_image\" \/>\n<meta name=\"twitter:label1\" content=\"Gesch\u00e4tzte Lesezeit\" \/>\n\t<meta name=\"twitter:data1\" content=\"2\u00a0Minuten\" \/>\n<script type=\"application\/ld+json\" class=\"yoast-schema-graph\">{\"@context\":\"https:\\\/\\\/schema.org\",\"@graph\":[{\"@type\":\"WebPage\",\"@id\":\"https:\\\/\\\/shop.decoproject.com\\\/product\\\/low-cargo-bike-podium\\\/\",\"url\":\"https:\\\/\\\/shop.decoproject.com\\\/product\\\/low-cargo-bike-podium\\\/\",\"name\":\"Low Cargo Bike Podium | The modular shop system\",\"isPartOf\":{\"@id\":\"https:\\\/\\\/shop.decoproject.com\\\/#website\"},\"primaryImageOfPage\":{\"@id\":\"https:\\\/\\\/shop.decoproject.com\\\/product\\\/low-cargo-bike-podium\\\/#primaryimage\"},\"image\":{\"@id\":\"https:\\\/\\\/shop.decoproject.com\\\/product\\\/low-cargo-bike-podium\\\/#primaryimage\"},\"thumbnailUrl\":\"https:\\\/\\\/shop.decoproject.com\\\/wp-content\\\/uploads\\\/2026\\\/01\\\/Enscape_2025-12-17-15-08-14_3M-170-11-100_Iso.avif\",\"datePublished\":\"2026-01-16T08:25:56+00:00\",\"dateModified\":\"2026-03-19T10:42:50+00:00\",\"description\":\"Low Cargo Bike Podium for cargo bike presentation, featuring a low-profile design, multi-level display options and adjustable feet for stability.\",\"breadcrumb\":{\"@id\":\"https:\\\/\\\/shop.decoproject.com\\\/product\\\/low-cargo-bike-podium\\\/#breadcrumb\"},\"inLanguage\":\"de\",\"potentialAction\":[{\"@type\":\"ReadAction\",\"target\":[\"https:\\\/\\\/shop.decoproject.com\\\/product\\\/low-cargo-bike-podium\\\/\"]}]},{\"@type\":\"ImageObject\",\"inLanguage\":\"de\",\"@id\":\"https:\\\/\\\/shop.decoproject.com\\\/product\\\/low-cargo-bike-podium\\\/#primaryimage\",\"url\":\"https:\\\/\\\/shop.decoproject.com\\\/wp-content\\\/uploads\\\/2026\\\/01\\\/Enscape_2025-12-17-15-08-14_3M-170-11-100_Iso.avif\",\"contentUrl\":\"https:\\\/\\\/shop.decoproject.com\\\/wp-content\\\/uploads\\\/2026\\\/01\\\/Enscape_2025-12-17-15-08-14_3M-170-11-100_Iso.avif\",\"width\":750,\"height\":750},{\"@type\":\"BreadcrumbList\",\"@id\":\"https:\\\/\\\/shop.decoproject.com\\\/product\\\/low-cargo-bike-podium\\\/#breadcrumb\",\"itemListElement\":[{\"@type\":\"ListItem\",\"position\":1,\"name\":\"Home\",\"item\":\"https:\\\/\\\/shop.decoproject.com\\\/\"},{\"@type\":\"ListItem\",\"position\":2,\"name\":\"Shop\",\"item\":\"https:\\\/\\\/shop.decoproject.com\\\/shop\\\/\"},{\"@type\":\"ListItem\",\"position\":3,\"name\":\"Low Cargo Bike Podium\"}]},{\"@type\":\"WebSite\",\"@id\":\"https:\\\/\\\/shop.decoproject.com\\\/#website\",\"url\":\"https:\\\/\\\/shop.decoproject.com\\\/\",\"name\":\"Decoframe\",\"description\":\"The modular shop system\",\"publisher\":{\"@id\":\"https:\\\/\\\/shop.decoproject.com\\\/#organization\"},\"alternateName\":\"DF\",\"potentialAction\":[{\"@type\":\"SearchAction\",\"target\":{\"@type\":\"EntryPoint\",\"urlTemplate\":\"https:\\\/\\\/shop.decoproject.com\\\/?s={search_term_string}\"},\"query-input\":{\"@type\":\"PropertyValueSpecification\",\"valueRequired\":true,\"valueName\":\"search_term_string\"}}],\"inLanguage\":\"de\"},{\"@type\":\"Organization\",\"@id\":\"https:\\\/\\\/shop.decoproject.com\\\/#organization\",\"name\":\"Decoframe\",\"alternateName\":\"DF\",\"url\":\"https:\\\/\\\/shop.decoproject.com\\\/\",\"logo\":{\"@type\":\"ImageObject\",\"inLanguage\":\"de\",\"@id\":\"https:\\\/\\\/shop.decoproject.com\\\/#\\\/schema\\\/logo\\\/image\\\/\",\"url\":\"https:\\\/\\\/shop.decoproject.com\\\/wp-content\\\/uploads\\\/2025\\\/05\\\/Favicon_Tekengebied-1-scaled.avif\",\"contentUrl\":\"https:\\\/\\\/shop.decoproject.com\\\/wp-content\\\/uploads\\\/2025\\\/05\\\/Favicon_Tekengebied-1-scaled.avif\",\"width\":2560,\"height\":2560,\"caption\":\"Decoframe\"},\"image\":{\"@id\":\"https:\\\/\\\/shop.decoproject.com\\\/#\\\/schema\\\/logo\\\/image\\\/\"}}]}<\/script>\n<!-- \/ Yoast SEO plugin. -->","yoast_head_json":{"title":"Low Cargo Bike Podium | The modular shop system","description":"Low Cargo Bike Podium for cargo bike presentation, featuring a low-profile design, multi-level display options and adjustable feet for stability.","robots":{"index":"index","follow":"follow","max-snippet":"max-snippet:-1","max-image-preview":"max-image-preview:large","max-video-preview":"max-video-preview:-1"},"canonical":"https:\/\/shop.decoproject.com\/de\/produkt\/low-cargo-bike-podium\/","og_locale":"de_DE","og_type":"article","og_title":"Low Cargo Bike Podium | The modular shop system","og_description":"Low Cargo Bike Podium for cargo bike presentation, featuring a low-profile design, multi-level display options and adjustable feet for stability.","og_url":"https:\/\/shop.decoproject.com\/de\/produkt\/low-cargo-bike-podium\/","og_site_name":"DECOFRAME","article_modified_time":"2026-03-19T10:42:50+00:00","og_image":[{"width":750,"height":750,"url":"https:\/\/shop.decoproject.com\/wp-content\/uploads\/2026\/01\/Enscape_2025-12-17-15-08-14_3M-170-11-100_Iso.avif","type":"image\/png"}],"twitter_card":"summary_large_image","twitter_misc":{"Gesch\u00e4tzte Lesezeit":"2\u00a0Minuten"},"schema":{"@context":"https:\/\/schema.org","@graph":[{"@type":"WebPage","@id":"https:\/\/shop.decoproject.com\/product\/low-cargo-bike-podium\/","url":"https:\/\/shop.decoproject.com\/product\/low-cargo-bike-podium\/","name":"Low Cargo Bike Podium | The modular shop system","isPartOf":{"@id":"https:\/\/shop.decoproject.com\/#website"},"primaryImageOfPage":{"@id":"https:\/\/shop.decoproject.com\/product\/low-cargo-bike-podium\/#primaryimage"},"image":{"@id":"https:\/\/shop.decoproject.com\/product\/low-cargo-bike-podium\/#primaryimage"},"thumbnailUrl":"https:\/\/shop.decoproject.com\/wp-content\/uploads\/2026\/01\/Enscape_2025-12-17-15-08-14_3M-170-11-100_Iso.avif","datePublished":"2026-01-16T08:25:56+00:00","dateModified":"2026-03-19T10:42:50+00:00","description":"Low Cargo Bike Podium for cargo bike presentation, featuring a low-profile design, multi-level display options and adjustable feet for stability.","breadcrumb":{"@id":"https:\/\/shop.decoproject.com\/product\/low-cargo-bike-podium\/#breadcrumb"},"inLanguage":"de","potentialAction":[{"@type":"ReadAction","target":["https:\/\/shop.decoproject.com\/product\/low-cargo-bike-podium\/"]}]},{"@type":"ImageObject","inLanguage":"de","@id":"https:\/\/shop.decoproject.com\/product\/low-cargo-bike-podium\/#primaryimage","url":"https:\/\/shop.decoproject.com\/wp-content\/uploads\/2026\/01\/Enscape_2025-12-17-15-08-14_3M-170-11-100_Iso.avif","contentUrl":"https:\/\/shop.decoproject.com\/wp-content\/uploads\/2026\/01\/Enscape_2025-12-17-15-08-14_3M-170-11-100_Iso.avif","width":750,"height":750},{"@type":"BreadcrumbList","@id":"https:\/\/shop.decoproject.com\/product\/low-cargo-bike-podium\/#breadcrumb","itemListElement":[{"@type":"ListItem","position":1,"name":"Home","item":"https:\/\/shop.decoproject.com\/"},{"@type":"ListItem","position":2,"name":"Shop","item":"https:\/\/shop.decoproject.com\/shop\/"},{"@type":"ListItem","position":3,"name":"Low Cargo Bike Podium"}]},{"@type":"WebSite","@id":"https:\/\/shop.decoproject.com\/#website","url":"https:\/\/shop.decoproject.com\/","name":"Decoframe","description":"Das modulare Ladensystem","publisher":{"@id":"https:\/\/shop.decoproject.com\/#organization"},"alternateName":"DF","potentialAction":[{"@type":"SearchAction","target":{"@type":"EntryPoint","urlTemplate":"https:\/\/shop.decoproject.com\/?s={search_term_string}"},"query-input":{"@type":"PropertyValueSpecification","valueRequired":true,"valueName":"search_term_string"}}],"inLanguage":"de"},{"@type":"Organization","@id":"https:\/\/shop.decoproject.com\/#organization","name":"Decoframe","alternateName":"DF","url":"https:\/\/shop.decoproject.com\/","logo":{"@type":"ImageObject","inLanguage":"de","@id":"https:\/\/shop.decoproject.com\/#\/schema\/logo\/image\/","url":"https:\/\/shop.decoproject.com\/wp-content\/uploads\/2025\/05\/Favicon_Tekengebied-1-scaled.avif","contentUrl":"https:\/\/shop.decoproject.com\/wp-content\/uploads\/2025\/05\/Favicon_Tekengebied-1-scaled.avif","width":2560,"height":2560,"caption":"Decoframe"},"image":{"@id":"https:\/\/shop.decoproject.com\/#\/schema\/logo\/image\/"}}]}},"uagb_featured_image_src":{"full":["https:\/\/shop.decoproject.com\/wp-content\/uploads\/2026\/01\/Enscape_2025-12-17-15-08-14_3M-170-11-100_Iso.avif",750,750,false],"thumbnail":["https:\/\/shop.decoproject.com\/wp-content\/uploads\/2026\/01\/Enscape_2025-12-17-15-08-14_3M-170-11-100_Iso.avif",150,150,false],"medium":["https:\/\/shop.decoproject.com\/wp-content\/uploads\/2026\/01\/Enscape_2025-12-17-15-08-14_3M-170-11-100_Iso.avif",300,300,false],"medium_large":["https:\/\/shop.decoproject.com\/wp-content\/uploads\/2026\/01\/Enscape_2025-12-17-15-08-14_3M-170-11-100_Iso.avif",750,750,false],"large":["https:\/\/shop.decoproject.com\/wp-content\/uploads\/2026\/01\/Enscape_2025-12-17-15-08-14_3M-170-11-100_Iso.avif",750,750,false],"1536x1536":["https:\/\/shop.decoproject.com\/wp-content\/uploads\/2026\/01\/Enscape_2025-12-17-15-08-14_3M-170-11-100_Iso.avif",750,750,false],"2048x2048":["https:\/\/shop.decoproject.com\/wp-content\/uploads\/2026\/01\/Enscape_2025-12-17-15-08-14_3M-170-11-100_Iso.avif",750,750,false],"trp-custom-language-flag":["https:\/\/shop.decoproject.com\/wp-content\/uploads\/2026\/01\/Enscape_2025-12-17-15-08-14_3M-170-11-100_Iso.avif",12,12,false],"woocommerce_thumbnail":["https:\/\/shop.decoproject.com\/wp-content\/uploads\/2026\/01\/Enscape_2025-12-17-15-08-14_3M-170-11-100_Iso.avif",750,750,false],"woocommerce_single":["https:\/\/shop.decoproject.com\/wp-content\/uploads\/2026\/01\/Enscape_2025-12-17-15-08-14_3M-170-11-100_Iso.avif",750,750,false],"woocommerce_gallery_thumbnail":["https:\/\/shop.decoproject.com\/wp-content\/uploads\/2026\/01\/Enscape_2025-12-17-15-08-14_3M-170-11-100_Iso.avif",100,100,false]},"uagb_author_info":{"display_name":"Liza Jolink","author_link":"https:\/\/shop.decoproject.com\/de\/author\/"},"uagb_comment_info":0,"uagb_excerpt":"3M wide low podium for cargo bike presentation; Supports multi-level displays with optional planter or cabinet; Equipped with adjustable feet for stable and level installation.","_links":{"self":[{"href":"https:\/\/shop.decoproject.com\/de\/wp-json\/wp\/v2\/product\/3610","targetHints":{"allow":["GET"]}}],"collection":[{"href":"https:\/\/shop.decoproject.com\/de\/wp-json\/wp\/v2\/product"}],"about":[{"href":"https:\/\/shop.decoproject.com\/de\/wp-json\/wp\/v2\/types\/product"}],"wp:featuredmedia":[{"embeddable":true,"href":"https:\/\/shop.decoproject.com\/de\/wp-json\/wp\/v2\/media\/3622"}],"wp:attachment":[{"href":"https:\/\/shop.decoproject.com\/de\/wp-json\/wp\/v2\/media?parent=3610"}],"wp:term":[{"taxonomy":"product_brand","embeddable":true,"href":"https:\/\/shop.decoproject.com\/de\/wp-json\/wp\/v2\/product_brand?post=3610"},{"taxonomy":"product_cat","embeddable":true,"href":"https:\/\/shop.decoproject.com\/de\/wp-json\/wp\/v2\/product_cat?post=3610"},{"taxonomy":"product_tag","embeddable":true,"href":"https:\/\/shop.decoproject.com\/de\/wp-json\/wp\/v2\/product_tag?post=3610"}],"curies":[{"name":"wp","href":"https:\/\/api.w.org\/{rel}","templated":true}]}}