{"id":3692,"date":"2026-01-16T09:32:15","date_gmt":"2026-01-16T09:32:15","guid":{"rendered":"https:\/\/shop.decoproject.com\/?post_type=product&#038;p=3692"},"modified":"2026-03-19T09:17:54","modified_gmt":"2026-03-19T09:17:54","slug":"galibier","status":"publish","type":"product","link":"https:\/\/shop.decoproject.com\/de\/product\/galibier\/","title":{"rendered":"Galibier"},"content":{"rendered":"<p>Die Galibier ist ein hochwertiger Fahrrad Display St\u00e4nder, der entwickelt wurde, um maximale visuelle Wirkung innerhalb einer <a href=\"\/de\/produktkategorie\/fahrrad-prasentation\/wand-fahrrad-prasentation\/\">Wand Fahrrad Pr\u00e4sentation<\/a>zu erzielen. Das System ist speziell darauf ausgelegt, ein einzelnes Fahrrad klar und fokussiert zu pr\u00e4sentieren. Das offene Rahmendesign reduziert visuelle Ablenkungen und lenkt die gesamte Aufmerksamkeit auf das Produkt. Dies steigert den wahrgenommenen Wert und st\u00e4rkt die Gesamtwirkung Ihres Showrooms. So schaffen Sie einen starken Blickfang, der sofort die Aufmerksamkeit der Kunden auf sich zieht.<\/p>\n<p>Diese Displayl\u00f6sung kann an der Wand positioniert oder freistehend im Verkaufsraum eingesetzt werden. Diese Flexibilit\u00e4t erm\u00f6glicht es Ihnen, Ihren Showroom strukturiert und effizient zu gestalten. Die offene Konstruktion sorgt f\u00fcr eine leichte und \u00fcbersichtliche Raumwirkung, w\u00e4hrend klare Produktzonen definiert werden. Dadurch werden Kunden intuitiv durch den Store gef\u00fchrt und die Orientierung verbessert. Gleichzeitig lassen sich wichtige Modelle oder Aktionsprodukte gezielt hervorheben.<\/p>\n<p>Die Galibier wird aus recyceltem Stahl gefertigt und ist f\u00fcr den langfristigen Einsatz im Einzelhandel konzipiert. Die robuste Konstruktion gew\u00e4hrleistet Stabilit\u00e4t und zuverl\u00e4ssige Leistung im t\u00e4glichen Betrieb. Verstellbare F\u00fc\u00dfe erm\u00f6glichen eine pr\u00e4zise Ausrichtung auf jedem Untergrund und sorgen f\u00fcr maximale Sicherheit. Das modulare Design bietet die M\u00f6glichkeit, das System mit Regalen oder visuellen Paneelen zu erweitern. So k\u00f6nnen Sie die Pr\u00e4sentation optimal an Ihre Markenidentit\u00e4t und Merchandisingstrategie anpassen.<\/p>\n<p>Mit diesem Fahrrad Display St\u00e4nder verbessern Sie sowohl die visuelle Qualit\u00e4t als auch die Funktionalit\u00e4t Ihres Showrooms. Sie schaffen eine klare und professionelle Pr\u00e4sentation, die die Produktsichtbarkeit erh\u00f6ht und Kaufentscheidungen unterst\u00fctzt. Das System hilft Ihnen, eine strukturierte Verkaufsumgebung zu erhalten und bietet gleichzeitig Flexibilit\u00e4t f\u00fcr zuk\u00fcnftige Anpassungen. Dadurch ist es eine zuverl\u00e4ssige und zukunftssichere L\u00f6sung f\u00fcr den modernen Fahrradhandel.<\/p>","protected":false},"excerpt":{"rendered":"<ul>\n<li>Setzen Sie ein Fahrrad gezielt in den Fokus<\/li>\n<li>Offenes Design f\u00fcr maximale Sichtbarkeit<\/li>\n<li>Ideal f\u00fcr Premium-Modelle und Aktionen<\/li>\n<li>Flexibel als Wand- oder freistehende Pr\u00e4sentation einsetzbar<\/li>\n<\/ul>","protected":false},"featured_media":4498,"template":"","meta":{"_uag_custom_page_level_css":"","site-sidebar-layout":"default","site-content-layout":"","ast-site-content-layout":"default","site-content-style":"default","site-sidebar-style":"default","ast-global-header-display":"","ast-banner-title-visibility":"","ast-main-header-display":"","ast-hfb-above-header-display":"","ast-hfb-below-header-display":"","ast-hfb-mobile-header-display":"","site-post-title":"","ast-breadcrumbs-content":"","ast-featured-img":"","footer-sml-layout":"","ast-disable-related-posts":"","theme-transparent-header-meta":"default","adv-header-id-meta":"","stick-header-meta":"","header-above-stick-meta":"","header-main-stick-meta":"","header-below-stick-meta":"","astra-migrate-meta-layouts":"set","ast-page-background-enabled":"default","ast-page-background-meta":{"desktop":{"background-color":"var(--ast-global-color-4)","background-image":"","background-repeat":"repeat","background-position":"center center","background-size":"auto","background-attachment":"scroll","background-type":"","background-media":"","overlay-type":"","overlay-color":"","overlay-opacity":"","overlay-gradient":""},"tablet":{"background-color":"","background-image":"","background-repeat":"repeat","background-position":"center center","background-size":"auto","background-attachment":"scroll","background-type":"","background-media":"","overlay-type":"","overlay-color":"","overlay-opacity":"","overlay-gradient":""},"mobile":{"background-color":"","background-image":"","background-repeat":"repeat","background-position":"center center","background-size":"auto","background-attachment":"scroll","background-type":"","background-media":"","overlay-type":"","overlay-color":"","overlay-opacity":"","overlay-gradient":""}},"ast-content-background-meta":{"desktop":{"background-color":"var(--ast-global-color-5)","background-image":"","background-repeat":"repeat","background-position":"center center","background-size":"auto","background-attachment":"scroll","background-type":"","background-media":"","overlay-type":"","overlay-color":"","overlay-opacity":"","overlay-gradient":""},"tablet":{"background-color":"var(--ast-global-color-5)","background-image":"","background-repeat":"repeat","background-position":"center center","background-size":"auto","background-attachment":"scroll","background-type":"","background-media":"","overlay-type":"","overlay-color":"","overlay-opacity":"","overlay-gradient":""},"mobile":{"background-color":"var(--ast-global-color-5)","background-image":"","background-repeat":"repeat","background-position":"center center","background-size":"auto","background-attachment":"scroll","background-type":"","background-media":"","overlay-type":"","overlay-color":"","overlay-opacity":"","overlay-gradient":""}}},"product_brand":[210],"product_cat":[82,83],"product_tag":[183],"class_list":{"0":"post-3692","1":"product","2":"type-product","3":"status-publish","4":"has-post-thumbnail","6":"product_brand-decoframe-galibier","7":"product_cat-bike-presentation","8":"product_cat-wall-bike-presentation","9":"product_tag-customize-it","10":"desktop-align-left","11":"tablet-align-left","12":"mobile-align-left","14":"first","15":"instock","16":"taxable","17":"shipping-taxable","18":"purchasable","19":"product-type-variable","20":"has-default-attributes"},"yoast_head":"<!-- This site is optimized with the Yoast SEO plugin v27.3 - https:\/\/yoast.com\/product\/yoast-seo-wordpress\/ -->\n<title>Galibier bike display | Premium bike stand | DECOFRAME<\/title>\n<meta name=\"description\" content=\"Premium bike display stand for single bike presentation. Create impact, improve visibility and enhance your showroom with the Galibier system.\" \/>\n<meta name=\"robots\" content=\"index, follow, max-snippet:-1, max-image-preview:large, max-video-preview:-1\" \/>\n<link rel=\"canonical\" href=\"https:\/\/shop.decoproject.com\/de\/produkt\/galibier\/\" \/>\n<meta property=\"og:locale\" content=\"de_DE\" \/>\n<meta property=\"og:type\" content=\"article\" \/>\n<meta property=\"og:title\" content=\"Galibier bike display | Premium bike stand | DECOFRAME\" \/>\n<meta property=\"og:description\" content=\"Premium bike display stand for single bike presentation. Create impact, improve visibility and enhance your showroom with the Galibier system.\" \/>\n<meta property=\"og:url\" content=\"https:\/\/shop.decoproject.com\/de\/produkt\/galibier\/\" \/>\n<meta property=\"og:site_name\" content=\"DECOFRAME\" \/>\n<meta property=\"article:modified_time\" content=\"2026-03-19T09:17:54+00:00\" \/>\n<meta property=\"og:image\" content=\"https:\/\/shop.decoproject.com\/wp-content\/uploads\/2026\/02\/Enscape_2026-02-11-14-00-30_2M-260-00-600_Iso.avif\" \/>\n\t<meta property=\"og:image:width\" content=\"750\" \/>\n\t<meta property=\"og:image:height\" content=\"750\" \/>\n\t<meta property=\"og:image:type\" content=\"image\/png\" \/>\n<meta name=\"twitter:card\" content=\"summary_large_image\" \/>\n<meta name=\"twitter:label1\" content=\"Gesch\u00e4tzte Lesezeit\" \/>\n\t<meta name=\"twitter:data1\" content=\"2\u00a0Minuten\" \/>\n<script type=\"application\/ld+json\" class=\"yoast-schema-graph\">{\"@context\":\"https:\\\/\\\/schema.org\",\"@graph\":[{\"@type\":\"WebPage\",\"@id\":\"https:\\\/\\\/shop.decoproject.com\\\/product\\\/galibier\\\/\",\"url\":\"https:\\\/\\\/shop.decoproject.com\\\/product\\\/galibier\\\/\",\"name\":\"Galibier bike display | Premium bike stand | DECOFRAME\",\"isPartOf\":{\"@id\":\"https:\\\/\\\/shop.decoproject.com\\\/#website\"},\"primaryImageOfPage\":{\"@id\":\"https:\\\/\\\/shop.decoproject.com\\\/product\\\/galibier\\\/#primaryimage\"},\"image\":{\"@id\":\"https:\\\/\\\/shop.decoproject.com\\\/product\\\/galibier\\\/#primaryimage\"},\"thumbnailUrl\":\"https:\\\/\\\/shop.decoproject.com\\\/wp-content\\\/uploads\\\/2026\\\/02\\\/Enscape_2026-02-11-14-00-30_2M-260-00-600_Iso.avif\",\"datePublished\":\"2026-01-16T09:32:15+00:00\",\"dateModified\":\"2026-03-19T09:17:54+00:00\",\"description\":\"Premium bike display stand for single bike presentation. Create impact, improve visibility and enhance your showroom with the Galibier system.\",\"breadcrumb\":{\"@id\":\"https:\\\/\\\/shop.decoproject.com\\\/product\\\/galibier\\\/#breadcrumb\"},\"inLanguage\":\"de\",\"potentialAction\":[{\"@type\":\"ReadAction\",\"target\":[\"https:\\\/\\\/shop.decoproject.com\\\/product\\\/galibier\\\/\"]}]},{\"@type\":\"ImageObject\",\"inLanguage\":\"de\",\"@id\":\"https:\\\/\\\/shop.decoproject.com\\\/product\\\/galibier\\\/#primaryimage\",\"url\":\"https:\\\/\\\/shop.decoproject.com\\\/wp-content\\\/uploads\\\/2026\\\/02\\\/Enscape_2026-02-11-14-00-30_2M-260-00-600_Iso.avif\",\"contentUrl\":\"https:\\\/\\\/shop.decoproject.com\\\/wp-content\\\/uploads\\\/2026\\\/02\\\/Enscape_2026-02-11-14-00-30_2M-260-00-600_Iso.avif\",\"width\":750,\"height\":750},{\"@type\":\"BreadcrumbList\",\"@id\":\"https:\\\/\\\/shop.decoproject.com\\\/product\\\/galibier\\\/#breadcrumb\",\"itemListElement\":[{\"@type\":\"ListItem\",\"position\":1,\"name\":\"Home\",\"item\":\"https:\\\/\\\/shop.decoproject.com\\\/\"},{\"@type\":\"ListItem\",\"position\":2,\"name\":\"Shop\",\"item\":\"https:\\\/\\\/shop.decoproject.com\\\/shop\\\/\"},{\"@type\":\"ListItem\",\"position\":3,\"name\":\"Galibier\"}]},{\"@type\":\"WebSite\",\"@id\":\"https:\\\/\\\/shop.decoproject.com\\\/#website\",\"url\":\"https:\\\/\\\/shop.decoproject.com\\\/\",\"name\":\"Decoframe\",\"description\":\"The modular shop system\",\"publisher\":{\"@id\":\"https:\\\/\\\/shop.decoproject.com\\\/#organization\"},\"alternateName\":\"DF\",\"potentialAction\":[{\"@type\":\"SearchAction\",\"target\":{\"@type\":\"EntryPoint\",\"urlTemplate\":\"https:\\\/\\\/shop.decoproject.com\\\/?s={search_term_string}\"},\"query-input\":{\"@type\":\"PropertyValueSpecification\",\"valueRequired\":true,\"valueName\":\"search_term_string\"}}],\"inLanguage\":\"de\"},{\"@type\":\"Organization\",\"@id\":\"https:\\\/\\\/shop.decoproject.com\\\/#organization\",\"name\":\"Decoframe\",\"alternateName\":\"DF\",\"url\":\"https:\\\/\\\/shop.decoproject.com\\\/\",\"logo\":{\"@type\":\"ImageObject\",\"inLanguage\":\"de\",\"@id\":\"https:\\\/\\\/shop.decoproject.com\\\/#\\\/schema\\\/logo\\\/image\\\/\",\"url\":\"https:\\\/\\\/shop.decoproject.com\\\/wp-content\\\/uploads\\\/2025\\\/05\\\/Favicon_Tekengebied-1-scaled.avif\",\"contentUrl\":\"https:\\\/\\\/shop.decoproject.com\\\/wp-content\\\/uploads\\\/2025\\\/05\\\/Favicon_Tekengebied-1-scaled.avif\",\"width\":2560,\"height\":2560,\"caption\":\"Decoframe\"},\"image\":{\"@id\":\"https:\\\/\\\/shop.decoproject.com\\\/#\\\/schema\\\/logo\\\/image\\\/\"}}]}<\/script>\n<!-- \/ Yoast SEO plugin. -->","yoast_head_json":{"title":"Galibier bike display | Premium bike stand | DECOFRAME","description":"Premium bike display stand for single bike presentation. Create impact, improve visibility and enhance your showroom with the Galibier system.","robots":{"index":"index","follow":"follow","max-snippet":"max-snippet:-1","max-image-preview":"max-image-preview:large","max-video-preview":"max-video-preview:-1"},"canonical":"https:\/\/shop.decoproject.com\/de\/produkt\/galibier\/","og_locale":"de_DE","og_type":"article","og_title":"Galibier bike display | Premium bike stand | DECOFRAME","og_description":"Premium bike display stand for single bike presentation. Create impact, improve visibility and enhance your showroom with the Galibier system.","og_url":"https:\/\/shop.decoproject.com\/de\/produkt\/galibier\/","og_site_name":"DECOFRAME","article_modified_time":"2026-03-19T09:17:54+00:00","og_image":[{"width":750,"height":750,"url":"https:\/\/shop.decoproject.com\/wp-content\/uploads\/2026\/02\/Enscape_2026-02-11-14-00-30_2M-260-00-600_Iso.avif","type":"image\/png"}],"twitter_card":"summary_large_image","twitter_misc":{"Gesch\u00e4tzte Lesezeit":"2\u00a0Minuten"},"schema":{"@context":"https:\/\/schema.org","@graph":[{"@type":"WebPage","@id":"https:\/\/shop.decoproject.com\/product\/galibier\/","url":"https:\/\/shop.decoproject.com\/product\/galibier\/","name":"Galibier bike display | Premium bike stand | DECOFRAME","isPartOf":{"@id":"https:\/\/shop.decoproject.com\/#website"},"primaryImageOfPage":{"@id":"https:\/\/shop.decoproject.com\/product\/galibier\/#primaryimage"},"image":{"@id":"https:\/\/shop.decoproject.com\/product\/galibier\/#primaryimage"},"thumbnailUrl":"https:\/\/shop.decoproject.com\/wp-content\/uploads\/2026\/02\/Enscape_2026-02-11-14-00-30_2M-260-00-600_Iso.avif","datePublished":"2026-01-16T09:32:15+00:00","dateModified":"2026-03-19T09:17:54+00:00","description":"Premium bike display stand for single bike presentation. Create impact, improve visibility and enhance your showroom with the Galibier system.","breadcrumb":{"@id":"https:\/\/shop.decoproject.com\/product\/galibier\/#breadcrumb"},"inLanguage":"de","potentialAction":[{"@type":"ReadAction","target":["https:\/\/shop.decoproject.com\/product\/galibier\/"]}]},{"@type":"ImageObject","inLanguage":"de","@id":"https:\/\/shop.decoproject.com\/product\/galibier\/#primaryimage","url":"https:\/\/shop.decoproject.com\/wp-content\/uploads\/2026\/02\/Enscape_2026-02-11-14-00-30_2M-260-00-600_Iso.avif","contentUrl":"https:\/\/shop.decoproject.com\/wp-content\/uploads\/2026\/02\/Enscape_2026-02-11-14-00-30_2M-260-00-600_Iso.avif","width":750,"height":750},{"@type":"BreadcrumbList","@id":"https:\/\/shop.decoproject.com\/product\/galibier\/#breadcrumb","itemListElement":[{"@type":"ListItem","position":1,"name":"Home","item":"https:\/\/shop.decoproject.com\/"},{"@type":"ListItem","position":2,"name":"Shop","item":"https:\/\/shop.decoproject.com\/shop\/"},{"@type":"ListItem","position":3,"name":"Galibier"}]},{"@type":"WebSite","@id":"https:\/\/shop.decoproject.com\/#website","url":"https:\/\/shop.decoproject.com\/","name":"Decoframe","description":"Das modulare Ladensystem","publisher":{"@id":"https:\/\/shop.decoproject.com\/#organization"},"alternateName":"DF","potentialAction":[{"@type":"SearchAction","target":{"@type":"EntryPoint","urlTemplate":"https:\/\/shop.decoproject.com\/?s={search_term_string}"},"query-input":{"@type":"PropertyValueSpecification","valueRequired":true,"valueName":"search_term_string"}}],"inLanguage":"de"},{"@type":"Organization","@id":"https:\/\/shop.decoproject.com\/#organization","name":"Decoframe","alternateName":"DF","url":"https:\/\/shop.decoproject.com\/","logo":{"@type":"ImageObject","inLanguage":"de","@id":"https:\/\/shop.decoproject.com\/#\/schema\/logo\/image\/","url":"https:\/\/shop.decoproject.com\/wp-content\/uploads\/2025\/05\/Favicon_Tekengebied-1-scaled.avif","contentUrl":"https:\/\/shop.decoproject.com\/wp-content\/uploads\/2025\/05\/Favicon_Tekengebied-1-scaled.avif","width":2560,"height":2560,"caption":"Decoframe"},"image":{"@id":"https:\/\/shop.decoproject.com\/#\/schema\/logo\/image\/"}}]}},"uagb_featured_image_src":{"full":["https:\/\/shop.decoproject.com\/wp-content\/uploads\/2026\/02\/Enscape_2026-02-11-14-00-30_2M-260-00-600_Iso.avif",750,750,false],"thumbnail":["https:\/\/shop.decoproject.com\/wp-content\/uploads\/2026\/02\/Enscape_2026-02-11-14-00-30_2M-260-00-600_Iso-150x150.avif",150,150,true],"medium":["https:\/\/shop.decoproject.com\/wp-content\/uploads\/2026\/02\/Enscape_2026-02-11-14-00-30_2M-260-00-600_Iso-300x300.avif",300,300,true],"medium_large":["https:\/\/shop.decoproject.com\/wp-content\/uploads\/2026\/02\/Enscape_2026-02-11-14-00-30_2M-260-00-600_Iso.avif",750,750,false],"large":["https:\/\/shop.decoproject.com\/wp-content\/uploads\/2026\/02\/Enscape_2026-02-11-14-00-30_2M-260-00-600_Iso.avif",750,750,false],"1536x1536":["https:\/\/shop.decoproject.com\/wp-content\/uploads\/2026\/02\/Enscape_2026-02-11-14-00-30_2M-260-00-600_Iso.avif",750,750,false],"2048x2048":["https:\/\/shop.decoproject.com\/wp-content\/uploads\/2026\/02\/Enscape_2026-02-11-14-00-30_2M-260-00-600_Iso.avif",750,750,false],"trp-custom-language-flag":["https:\/\/shop.decoproject.com\/wp-content\/uploads\/2026\/02\/Enscape_2026-02-11-14-00-30_2M-260-00-600_Iso.avif",12,12,false],"woocommerce_thumbnail":["https:\/\/shop.decoproject.com\/wp-content\/uploads\/2026\/02\/Enscape_2026-02-11-14-00-30_2M-260-00-600_Iso.avif",750,750,false],"woocommerce_single":["https:\/\/shop.decoproject.com\/wp-content\/uploads\/2026\/02\/Enscape_2026-02-11-14-00-30_2M-260-00-600_Iso.avif",750,750,false],"woocommerce_gallery_thumbnail":["https:\/\/shop.decoproject.com\/wp-content\/uploads\/2026\/02\/Enscape_2026-02-11-14-00-30_2M-260-00-600_Iso-100x100.avif",100,100,true]},"uagb_author_info":{"display_name":"Liza Jolink","author_link":"https:\/\/shop.decoproject.com\/de\/author\/"},"uagb_comment_info":0,"uagb_excerpt":"Highlight a single bike with maximum focus Open frame design for optimal visibility Ideal for premium models and promotions Flexible as wall-mounted or freestanding display","_links":{"self":[{"href":"https:\/\/shop.decoproject.com\/de\/wp-json\/wp\/v2\/product\/3692","targetHints":{"allow":["GET"]}}],"collection":[{"href":"https:\/\/shop.decoproject.com\/de\/wp-json\/wp\/v2\/product"}],"about":[{"href":"https:\/\/shop.decoproject.com\/de\/wp-json\/wp\/v2\/types\/product"}],"wp:featuredmedia":[{"embeddable":true,"href":"https:\/\/shop.decoproject.com\/de\/wp-json\/wp\/v2\/media\/4498"}],"wp:attachment":[{"href":"https:\/\/shop.decoproject.com\/de\/wp-json\/wp\/v2\/media?parent=3692"}],"wp:term":[{"taxonomy":"product_brand","embeddable":true,"href":"https:\/\/shop.decoproject.com\/de\/wp-json\/wp\/v2\/product_brand?post=3692"},{"taxonomy":"product_cat","embeddable":true,"href":"https:\/\/shop.decoproject.com\/de\/wp-json\/wp\/v2\/product_cat?post=3692"},{"taxonomy":"product_tag","embeddable":true,"href":"https:\/\/shop.decoproject.com\/de\/wp-json\/wp\/v2\/product_tag?post=3692"}],"curies":[{"name":"wp","href":"https:\/\/api.w.org\/{rel}","templated":true}]}}