{"id":4608,"date":"2026-02-16T11:10:33","date_gmt":"2026-02-16T11:10:33","guid":{"rendered":"https:\/\/shop.decoproject.com\/?post_type=product&#038;p=4608"},"modified":"2026-03-19T15:01:51","modified_gmt":"2026-03-19T15:01:51","slug":"decoframe-wall-bike-presentation-with-visual-and-grid","status":"publish","type":"product","link":"https:\/\/shop.decoproject.com\/de\/product\/decoframe-wall-bike-presentation-with-visual-and-grid\/","title":{"rendered":"DECOFRAME wall bike presentation with visual and grid"},"content":{"rendered":"<p>Die DECOFRAME Wand Fahrradpr\u00e4sentation f\u00fcr vier Fahrr\u00e4der mit Visual und Grid Wall ist eine vollst\u00e4ndige und modulare L\u00f6sung f\u00fcr eine wirkungsvolle und strukturierte Showroom-Gestaltung. Diese Kombination besteht aus einem Stelvio Grundrahmen mit zwei Ablagen sowie einer Stelvio Erweiterung, ebenfalls mit zwei Ablagen. Zusammen entsteht eine durchgehende Wandpr\u00e4sentation mit Platz f\u00fcr bis zu vier Fahrr\u00e4der. Jedes Fahrrad erh\u00e4lt einen klar definierten Platz, wodurch eine hohe Sichtbarkeit und eine ruhige Gesamtwirkung entsteht. Kunden k\u00f6nnen Modelle einfach vergleichen und schnell erfassen.<\/p>\n<p>Durch die Kombination von Grundrahmen und Erweiterung entsteht eine breite und wirkungsstarke Pr\u00e4sentation entlang der Wand. Die zweistufige Struktur sorgt f\u00fcr eine effiziente Nutzung der H\u00f6he und eine ausgewogene Darstellung. Das Visual st\u00e4rkt die Markenkommunikation und sorgt f\u00fcr eine klare Identit\u00e4t im Store. Gleichzeitig bietet die Grid Wall zus\u00e4tzliche Funktionalit\u00e4t zur Pr\u00e4sentation von Zubeh\u00f6r oder erg\u00e4nzenden Produkten. Dies erh\u00f6ht die Sichtbarkeit und unterst\u00fctzt Zusatzverk\u00e4ufe.<\/p>\n<p>Das System l\u00e4sst sich mit Beleuchtung, Paneelen oder Textilrahmen weiter individualisieren. Ob minimalistisch oder vollst\u00e4ndig gebrandet \u2013 die modulare Struktur passt sich flexibel an Ihre Anforderungen an. Dadurch eignet sich die L\u00f6sung f\u00fcr verschiedene Store-Konzepte und Verkaufsfl\u00e4chen.<\/p>\n<p>Das DECOFRAME System wird aus recyceltem Stahl gefertigt und ist f\u00fcr den langfristigen Einsatz im Einzelhandel konzipiert. Die stabile Konstruktion gew\u00e4hrleistet zuverl\u00e4ssige Leistung im t\u00e4glichen Betrieb. Verstellbare F\u00fc\u00dfe erm\u00f6glichen eine pr\u00e4zise Ausrichtung auf jedem Untergrund. Dank der modularen Bauweise kann das System jederzeit erweitert werden. So bleibt Ihr Showroom flexibel und zukunftssicher.<\/p>\n<p>Mit dieser Wand Fahrradpr\u00e4sentation schaffen Sie eine skalierbare und professionelle Verkaufsumgebung. Sie verbessern die Produktsichtbarkeit, st\u00e4rken Ihre Markenpr\u00e4senz und nutzen Ihre Fl\u00e4che optimal. Gleichzeitig behalten Sie eine klare und strukturierte Pr\u00e4sentation. Dies verbessert die Kundenerfahrung und steigert nachhaltig die Verkaufsleistung.<\/p>","protected":false},"excerpt":{"rendered":"<ul>\n<li>Wandpr\u00e4sentation f\u00fcr bis zu vier Fahrr\u00e4der<\/li>\n<li>Inklusive Visual f\u00fcr eine starke Markenpr\u00e4senz<\/li>\n<li>Gridwand f\u00fcr flexible Zubeh\u00f6rpr\u00e4sentation oder als Produkt R\u00fcckwand<\/li>\n<li>Zweistufige Pr\u00e4sentation f\u00fcr optimale Raumnutzung<\/li>\n<\/ul>","protected":false},"featured_media":4612,"template":"","meta":{"_uag_custom_page_level_css":"","site-sidebar-layout":"default","site-content-layout":"","ast-site-content-layout":"default","site-content-style":"default","site-sidebar-style":"default","ast-global-header-display":"","ast-banner-title-visibility":"","ast-main-header-display":"","ast-hfb-above-header-display":"","ast-hfb-below-header-display":"","ast-hfb-mobile-header-display":"","site-post-title":"","ast-breadcrumbs-content":"","ast-featured-img":"","footer-sml-layout":"","ast-disable-related-posts":"","theme-transparent-header-meta":"default","adv-header-id-meta":"","stick-header-meta":"","header-above-stick-meta":"","header-main-stick-meta":"","header-below-stick-meta":"","astra-migrate-meta-layouts":"set","ast-page-background-enabled":"default","ast-page-background-meta":{"desktop":{"background-color":"var(--ast-global-color-4)","background-image":"","background-repeat":"repeat","background-position":"center center","background-size":"auto","background-attachment":"scroll","background-type":"","background-media":"","overlay-type":"","overlay-color":"","overlay-opacity":"","overlay-gradient":""},"tablet":{"background-color":"","background-image":"","background-repeat":"repeat","background-position":"center center","background-size":"auto","background-attachment":"scroll","background-type":"","background-media":"","overlay-type":"","overlay-color":"","overlay-opacity":"","overlay-gradient":""},"mobile":{"background-color":"","background-image":"","background-repeat":"repeat","background-position":"center center","background-size":"auto","background-attachment":"scroll","background-type":"","background-media":"","overlay-type":"","overlay-color":"","overlay-opacity":"","overlay-gradient":""}},"ast-content-background-meta":{"desktop":{"background-color":"var(--ast-global-color-5)","background-image":"","background-repeat":"repeat","background-position":"center center","background-size":"auto","background-attachment":"scroll","background-type":"","background-media":"","overlay-type":"","overlay-color":"","overlay-opacity":"","overlay-gradient":""},"tablet":{"background-color":"var(--ast-global-color-5)","background-image":"","background-repeat":"repeat","background-position":"center center","background-size":"auto","background-attachment":"scroll","background-type":"","background-media":"","overlay-type":"","overlay-color":"","overlay-opacity":"","overlay-gradient":""},"mobile":{"background-color":"var(--ast-global-color-5)","background-image":"","background-repeat":"repeat","background-position":"center center","background-size":"auto","background-attachment":"scroll","background-type":"","background-media":"","overlay-type":"","overlay-color":"","overlay-opacity":"","overlay-gradient":""}}},"product_brand":[53],"product_cat":[82,80,83],"product_tag":[],"class_list":{"0":"post-4608","1":"product","2":"type-product","3":"status-publish","4":"has-post-thumbnail","6":"product_brand-decoframe","7":"product_cat-bike-presentation","8":"product_cat-configurations","9":"product_cat-wall-bike-presentation","10":"desktop-align-left","11":"tablet-align-left","12":"mobile-align-left","14":"first","15":"instock","16":"taxable","17":"shipping-taxable","18":"purchasable","19":"product-type-simple"},"yoast_head":"<!-- This site is optimized with the Yoast SEO plugin v27.3 - https:\/\/yoast.com\/product\/yoast-seo-wordpress\/ -->\n<title>Wall bike presentation 4 bikes | With visual &amp; grid wall<\/title>\n<meta name=\"description\" content=\"Wall bike presentation for 4 bikes with visual panel and grid wall. Create a branded, flexible and professional showroom with DECOFRAME.\" \/>\n<meta name=\"robots\" content=\"index, follow, max-snippet:-1, max-image-preview:large, max-video-preview:-1\" \/>\n<link rel=\"canonical\" href=\"https:\/\/shop.decoproject.com\/de\/produkt\/decoframe-wall-bike-presentation-with-visual-and-grid\/\" \/>\n<meta property=\"og:locale\" content=\"de_DE\" \/>\n<meta property=\"og:type\" content=\"article\" \/>\n<meta property=\"og:title\" content=\"Wall bike presentation 4 bikes | With visual &amp; grid wall\" \/>\n<meta property=\"og:description\" content=\"Wall bike presentation for 4 bikes with visual panel and grid wall. Create a branded, flexible and professional showroom with DECOFRAME.\" \/>\n<meta property=\"og:url\" content=\"https:\/\/shop.decoproject.com\/de\/produkt\/decoframe-wall-bike-presentation-with-visual-and-grid\/\" \/>\n<meta property=\"og:site_name\" content=\"DECOFRAME\" \/>\n<meta property=\"article:modified_time\" content=\"2026-03-19T15:01:51+00:00\" \/>\n<meta property=\"og:image\" content=\"https:\/\/shop.decoproject.com\/wp-content\/uploads\/2026\/02\/Enscape_2026-02-12-12-16-27.avif\" \/>\n\t<meta property=\"og:image:width\" content=\"750\" \/>\n\t<meta property=\"og:image:height\" content=\"749\" \/>\n\t<meta property=\"og:image:type\" content=\"image\/png\" \/>\n<meta name=\"twitter:card\" content=\"summary_large_image\" \/>\n<meta name=\"twitter:label1\" content=\"Gesch\u00e4tzte Lesezeit\" \/>\n\t<meta name=\"twitter:data1\" content=\"1\u00a0Minute\" \/>\n<script type=\"application\/ld+json\" class=\"yoast-schema-graph\">{\"@context\":\"https:\\\/\\\/schema.org\",\"@graph\":[{\"@type\":\"WebPage\",\"@id\":\"https:\\\/\\\/shop.decoproject.com\\\/product\\\/decoframe-wall-bike-presentation-with-visual-and-grid\\\/\",\"url\":\"https:\\\/\\\/shop.decoproject.com\\\/product\\\/decoframe-wall-bike-presentation-with-visual-and-grid\\\/\",\"name\":\"Wall bike presentation 4 bikes | With visual & grid wall\",\"isPartOf\":{\"@id\":\"https:\\\/\\\/shop.decoproject.com\\\/#website\"},\"primaryImageOfPage\":{\"@id\":\"https:\\\/\\\/shop.decoproject.com\\\/product\\\/decoframe-wall-bike-presentation-with-visual-and-grid\\\/#primaryimage\"},\"image\":{\"@id\":\"https:\\\/\\\/shop.decoproject.com\\\/product\\\/decoframe-wall-bike-presentation-with-visual-and-grid\\\/#primaryimage\"},\"thumbnailUrl\":\"https:\\\/\\\/shop.decoproject.com\\\/wp-content\\\/uploads\\\/2026\\\/02\\\/Enscape_2026-02-12-12-16-27.avif\",\"datePublished\":\"2026-02-16T11:10:33+00:00\",\"dateModified\":\"2026-03-19T15:01:51+00:00\",\"description\":\"Wall bike presentation for 4 bikes with visual panel and grid wall. Create a branded, flexible and professional showroom with DECOFRAME.\",\"breadcrumb\":{\"@id\":\"https:\\\/\\\/shop.decoproject.com\\\/product\\\/decoframe-wall-bike-presentation-with-visual-and-grid\\\/#breadcrumb\"},\"inLanguage\":\"de\",\"potentialAction\":[{\"@type\":\"ReadAction\",\"target\":[\"https:\\\/\\\/shop.decoproject.com\\\/product\\\/decoframe-wall-bike-presentation-with-visual-and-grid\\\/\"]}]},{\"@type\":\"ImageObject\",\"inLanguage\":\"de\",\"@id\":\"https:\\\/\\\/shop.decoproject.com\\\/product\\\/decoframe-wall-bike-presentation-with-visual-and-grid\\\/#primaryimage\",\"url\":\"https:\\\/\\\/shop.decoproject.com\\\/wp-content\\\/uploads\\\/2026\\\/02\\\/Enscape_2026-02-12-12-16-27.avif\",\"contentUrl\":\"https:\\\/\\\/shop.decoproject.com\\\/wp-content\\\/uploads\\\/2026\\\/02\\\/Enscape_2026-02-12-12-16-27.avif\",\"width\":750,\"height\":749},{\"@type\":\"BreadcrumbList\",\"@id\":\"https:\\\/\\\/shop.decoproject.com\\\/product\\\/decoframe-wall-bike-presentation-with-visual-and-grid\\\/#breadcrumb\",\"itemListElement\":[{\"@type\":\"ListItem\",\"position\":1,\"name\":\"Home\",\"item\":\"https:\\\/\\\/shop.decoproject.com\\\/\"},{\"@type\":\"ListItem\",\"position\":2,\"name\":\"Shop\",\"item\":\"https:\\\/\\\/shop.decoproject.com\\\/shop\\\/\"},{\"@type\":\"ListItem\",\"position\":3,\"name\":\"DECOFRAME wall bike presentation with visual and grid\"}]},{\"@type\":\"WebSite\",\"@id\":\"https:\\\/\\\/shop.decoproject.com\\\/#website\",\"url\":\"https:\\\/\\\/shop.decoproject.com\\\/\",\"name\":\"Decoframe\",\"description\":\"The modular shop system\",\"publisher\":{\"@id\":\"https:\\\/\\\/shop.decoproject.com\\\/#organization\"},\"alternateName\":\"DF\",\"potentialAction\":[{\"@type\":\"SearchAction\",\"target\":{\"@type\":\"EntryPoint\",\"urlTemplate\":\"https:\\\/\\\/shop.decoproject.com\\\/?s={search_term_string}\"},\"query-input\":{\"@type\":\"PropertyValueSpecification\",\"valueRequired\":true,\"valueName\":\"search_term_string\"}}],\"inLanguage\":\"de\"},{\"@type\":\"Organization\",\"@id\":\"https:\\\/\\\/shop.decoproject.com\\\/#organization\",\"name\":\"Decoframe\",\"alternateName\":\"DF\",\"url\":\"https:\\\/\\\/shop.decoproject.com\\\/\",\"logo\":{\"@type\":\"ImageObject\",\"inLanguage\":\"de\",\"@id\":\"https:\\\/\\\/shop.decoproject.com\\\/#\\\/schema\\\/logo\\\/image\\\/\",\"url\":\"https:\\\/\\\/shop.decoproject.com\\\/wp-content\\\/uploads\\\/2025\\\/05\\\/Favicon_Tekengebied-1-scaled.avif\",\"contentUrl\":\"https:\\\/\\\/shop.decoproject.com\\\/wp-content\\\/uploads\\\/2025\\\/05\\\/Favicon_Tekengebied-1-scaled.avif\",\"width\":2560,\"height\":2560,\"caption\":\"Decoframe\"},\"image\":{\"@id\":\"https:\\\/\\\/shop.decoproject.com\\\/#\\\/schema\\\/logo\\\/image\\\/\"}}]}<\/script>\n<!-- \/ Yoast SEO plugin. -->","yoast_head_json":{"title":"Wall bike presentation 4 bikes | With visual & grid wall","description":"Wall bike presentation for 4 bikes with visual panel and grid wall. Create a branded, flexible and professional showroom with DECOFRAME.","robots":{"index":"index","follow":"follow","max-snippet":"max-snippet:-1","max-image-preview":"max-image-preview:large","max-video-preview":"max-video-preview:-1"},"canonical":"https:\/\/shop.decoproject.com\/de\/produkt\/decoframe-wall-bike-presentation-with-visual-and-grid\/","og_locale":"de_DE","og_type":"article","og_title":"Wall bike presentation 4 bikes | With visual & grid wall","og_description":"Wall bike presentation for 4 bikes with visual panel and grid wall. Create a branded, flexible and professional showroom with DECOFRAME.","og_url":"https:\/\/shop.decoproject.com\/de\/produkt\/decoframe-wall-bike-presentation-with-visual-and-grid\/","og_site_name":"DECOFRAME","article_modified_time":"2026-03-19T15:01:51+00:00","og_image":[{"width":750,"height":749,"url":"https:\/\/shop.decoproject.com\/wp-content\/uploads\/2026\/02\/Enscape_2026-02-12-12-16-27.avif","type":"image\/png"}],"twitter_card":"summary_large_image","twitter_misc":{"Gesch\u00e4tzte Lesezeit":"1\u00a0Minute"},"schema":{"@context":"https:\/\/schema.org","@graph":[{"@type":"WebPage","@id":"https:\/\/shop.decoproject.com\/product\/decoframe-wall-bike-presentation-with-visual-and-grid\/","url":"https:\/\/shop.decoproject.com\/product\/decoframe-wall-bike-presentation-with-visual-and-grid\/","name":"Wall bike presentation 4 bikes | With visual & grid wall","isPartOf":{"@id":"https:\/\/shop.decoproject.com\/#website"},"primaryImageOfPage":{"@id":"https:\/\/shop.decoproject.com\/product\/decoframe-wall-bike-presentation-with-visual-and-grid\/#primaryimage"},"image":{"@id":"https:\/\/shop.decoproject.com\/product\/decoframe-wall-bike-presentation-with-visual-and-grid\/#primaryimage"},"thumbnailUrl":"https:\/\/shop.decoproject.com\/wp-content\/uploads\/2026\/02\/Enscape_2026-02-12-12-16-27.avif","datePublished":"2026-02-16T11:10:33+00:00","dateModified":"2026-03-19T15:01:51+00:00","description":"Wall bike presentation for 4 bikes with visual panel and grid wall. Create a branded, flexible and professional showroom with DECOFRAME.","breadcrumb":{"@id":"https:\/\/shop.decoproject.com\/product\/decoframe-wall-bike-presentation-with-visual-and-grid\/#breadcrumb"},"inLanguage":"de","potentialAction":[{"@type":"ReadAction","target":["https:\/\/shop.decoproject.com\/product\/decoframe-wall-bike-presentation-with-visual-and-grid\/"]}]},{"@type":"ImageObject","inLanguage":"de","@id":"https:\/\/shop.decoproject.com\/product\/decoframe-wall-bike-presentation-with-visual-and-grid\/#primaryimage","url":"https:\/\/shop.decoproject.com\/wp-content\/uploads\/2026\/02\/Enscape_2026-02-12-12-16-27.avif","contentUrl":"https:\/\/shop.decoproject.com\/wp-content\/uploads\/2026\/02\/Enscape_2026-02-12-12-16-27.avif","width":750,"height":749},{"@type":"BreadcrumbList","@id":"https:\/\/shop.decoproject.com\/product\/decoframe-wall-bike-presentation-with-visual-and-grid\/#breadcrumb","itemListElement":[{"@type":"ListItem","position":1,"name":"Home","item":"https:\/\/shop.decoproject.com\/"},{"@type":"ListItem","position":2,"name":"Shop","item":"https:\/\/shop.decoproject.com\/shop\/"},{"@type":"ListItem","position":3,"name":"DECOFRAME wall bike presentation with visual and grid"}]},{"@type":"WebSite","@id":"https:\/\/shop.decoproject.com\/#website","url":"https:\/\/shop.decoproject.com\/","name":"Decoframe","description":"Das modulare Ladensystem","publisher":{"@id":"https:\/\/shop.decoproject.com\/#organization"},"alternateName":"DF","potentialAction":[{"@type":"SearchAction","target":{"@type":"EntryPoint","urlTemplate":"https:\/\/shop.decoproject.com\/?s={search_term_string}"},"query-input":{"@type":"PropertyValueSpecification","valueRequired":true,"valueName":"search_term_string"}}],"inLanguage":"de"},{"@type":"Organization","@id":"https:\/\/shop.decoproject.com\/#organization","name":"Decoframe","alternateName":"DF","url":"https:\/\/shop.decoproject.com\/","logo":{"@type":"ImageObject","inLanguage":"de","@id":"https:\/\/shop.decoproject.com\/#\/schema\/logo\/image\/","url":"https:\/\/shop.decoproject.com\/wp-content\/uploads\/2025\/05\/Favicon_Tekengebied-1-scaled.avif","contentUrl":"https:\/\/shop.decoproject.com\/wp-content\/uploads\/2025\/05\/Favicon_Tekengebied-1-scaled.avif","width":2560,"height":2560,"caption":"Decoframe"},"image":{"@id":"https:\/\/shop.decoproject.com\/#\/schema\/logo\/image\/"}}]}},"uagb_featured_image_src":{"full":["https:\/\/shop.decoproject.com\/wp-content\/uploads\/2026\/02\/Enscape_2026-02-12-12-16-27.avif",750,749,false],"thumbnail":["https:\/\/shop.decoproject.com\/wp-content\/uploads\/2026\/02\/Enscape_2026-02-12-12-16-27-150x150.avif",150,150,true],"medium":["https:\/\/shop.decoproject.com\/wp-content\/uploads\/2026\/02\/Enscape_2026-02-12-12-16-27-300x300.avif",300,300,true],"medium_large":["https:\/\/shop.decoproject.com\/wp-content\/uploads\/2026\/02\/Enscape_2026-02-12-12-16-27.avif",750,749,false],"large":["https:\/\/shop.decoproject.com\/wp-content\/uploads\/2026\/02\/Enscape_2026-02-12-12-16-27.avif",750,749,false],"1536x1536":["https:\/\/shop.decoproject.com\/wp-content\/uploads\/2026\/02\/Enscape_2026-02-12-12-16-27.avif",750,749,false],"2048x2048":["https:\/\/shop.decoproject.com\/wp-content\/uploads\/2026\/02\/Enscape_2026-02-12-12-16-27.avif",750,749,false],"trp-custom-language-flag":["https:\/\/shop.decoproject.com\/wp-content\/uploads\/2026\/02\/Enscape_2026-02-12-12-16-27.avif",12,12,false],"woocommerce_thumbnail":["https:\/\/shop.decoproject.com\/wp-content\/uploads\/2026\/02\/Enscape_2026-02-12-12-16-27.avif",750,749,false],"woocommerce_single":["https:\/\/shop.decoproject.com\/wp-content\/uploads\/2026\/02\/Enscape_2026-02-12-12-16-27.avif",750,749,false],"woocommerce_gallery_thumbnail":["https:\/\/shop.decoproject.com\/wp-content\/uploads\/2026\/02\/Enscape_2026-02-12-12-16-27-100x100.avif",100,100,true]},"uagb_author_info":{"display_name":"Liza Jolink","author_link":"https:\/\/shop.decoproject.com\/de\/author\/"},"uagb_comment_info":0,"uagb_excerpt":"Wall presentation for up to four bicycles Includes visual panel for strong brand communication Grid wall for flexible accessory presentation or porudct background Double-level layout for efficient use of vertical space","_links":{"self":[{"href":"https:\/\/shop.decoproject.com\/de\/wp-json\/wp\/v2\/product\/4608","targetHints":{"allow":["GET"]}}],"collection":[{"href":"https:\/\/shop.decoproject.com\/de\/wp-json\/wp\/v2\/product"}],"about":[{"href":"https:\/\/shop.decoproject.com\/de\/wp-json\/wp\/v2\/types\/product"}],"wp:featuredmedia":[{"embeddable":true,"href":"https:\/\/shop.decoproject.com\/de\/wp-json\/wp\/v2\/media\/4612"}],"wp:attachment":[{"href":"https:\/\/shop.decoproject.com\/de\/wp-json\/wp\/v2\/media?parent=4608"}],"wp:term":[{"taxonomy":"product_brand","embeddable":true,"href":"https:\/\/shop.decoproject.com\/de\/wp-json\/wp\/v2\/product_brand?post=4608"},{"taxonomy":"product_cat","embeddable":true,"href":"https:\/\/shop.decoproject.com\/de\/wp-json\/wp\/v2\/product_cat?post=4608"},{"taxonomy":"product_tag","embeddable":true,"href":"https:\/\/shop.decoproject.com\/de\/wp-json\/wp\/v2\/product_tag?post=4608"}],"curies":[{"name":"wp","href":"https:\/\/api.w.org\/{rel}","templated":true}]}}